{"id":5740,"date":"2026-04-23T16:42:19","date_gmt":"2026-04-23T19:42:19","guid":{"rendered":"https:\/\/www.cresm-go.org.br\/portal-da-transparencia\/?page_id=5740"},"modified":"2026-05-15T15:09:25","modified_gmt":"2026-05-15T18:09:25","slug":"processo-seletivo-edital-n-o-14-2026-assistente-administrativo-ii-lotacao-recursos-humanos","status":"publish","type":"page","link":"https:\/\/www.cresm-go.org.br\/portal-da-transparencia\/processo-seletivo-edital-n-o-14-2026-assistente-administrativo-ii-lotacao-recursos-humanos\/","title":{"rendered":"PROCESSO SELETIVO EDITAL N.\u00ba 14.2026\u00a0 ASSISTENTE ADMINISTRATIVO II &#8211; LOTA\u00c7\u00c3O RECURSOS HUMANOS"},"content":{"rendered":"<p>PROCESSO SELETIVO EDITAL N.\u00ba 14.2026\u00a0 ASSISTENTE ADMINISTRATIVO II &#8211; LOTA\u00c7\u00c3O RECURSOS HUMANOS<\/p>\n<p>CARGOS:<\/p>\n<ul>\n<li>ASSISTENTE ADMINISTRATIVO II &#8211; LOTA\u00c7\u00c3O RECURSOS HUMANOS<\/li>\n<\/ul>\n<p><a href=\"https:\/\/www.cresm-go.org.br\/portal-da-transparencia\/wp-content\/uploads\/2026\/04\/EDITAL-14.2026-ASSISTENTE-ADMINISTRATIVO-II-\u2013-RECURSOS-HUMANOS.pdf\">EDITAL 14.2026 ASSISTENTE ADMINISTRATIVO II \u2013 RECURSOS HUMANOS<\/a><\/p>\n<p><a href=\"https:\/\/www.cresm-go.org.br\/portal-da-transparencia\/wp-content\/uploads\/2026\/05\/RQ-675-CRONOGRAMA-RETIFICADO-1.pdf\">RQ 675 CRONOGRAMA &#8211; RETIFICADO<\/a><\/p>\n<p><a href=\"https:\/\/www.cresm-go.org.br\/portal-da-transparencia\/wp-content\/uploads\/2026\/05\/RQ-693-TRIAGEM-CURRICULAR-1.pdf\">RQ 693 TRIAGEM CURRICULAR<\/a><\/p>\n<p><a href=\"https:\/\/www.cresm-go.org.br\/portal-da-transparencia\/wp-content\/uploads\/2026\/05\/RQ-682-SELECIONADOS-PARA-PROVA-E-ENTREVISTA-2.pdf\">RQ 682 SELECIONADOS PARA PROVA E ENTREVISTA<\/a><\/p>\n<p><a href=\"https:\/\/www.cresm-go.org.br\/portal-da-transparencia\/wp-content\/uploads\/2026\/05\/RQ-679-RESULTADO-PRELIMINAR-1.pdf\">RQ 679 RESULTADO PRELIMINAR<\/a><\/p>\n<p><a href=\"https:\/\/www.cresm-go.org.br\/portal-da-transparencia\/wp-content\/uploads\/2026\/05\/RQ-678-FORMULARIO-PARA-RECURSO-1.pdf\">RQ 678 FORMUL\u00c1RIO PARA RECURSO<\/a><\/p>\n<p>RQ 680 RESULTADO FINAL<\/p>\n<p>RQ 683 VALIDADADE DO PROCESSO SELETIVO<\/p>\n<p>RQ 674 CONVOCA\u00c7\u00c3O<\/p>\n","protected":false},"excerpt":{"rendered":"<p>PROCESSO SELETIVO EDITAL N.\u00ba 14.2026\u00a0 ASSISTENTE ADMINISTRATIVO II &#8211; LOTA\u00c7\u00c3O RECURSOS HUMANOS CARGOS: ASSISTENTE ADMINISTRATIVO II &#8211; LOTA\u00c7\u00c3O RECURSOS HUMANOS EDITAL 14.2026 ASSISTENTE ADMINISTRATIVO II \u2013 RECURSOS HUMANOS RQ 675 CRONOGRAMA &#8211; RETIFICADO RQ 693 TRIAGEM CURRICULAR RQ 682 SELECIONADOS PARA PROVA E ENTREVISTA RQ 679 RESULTADO PRELIMINAR RQ 678 FORMUL\u00c1RIO PARA RECURSO RQ 680 [&hellip;]<\/p>\n","protected":false},"author":15,"featured_media":0,"parent":0,"menu_order":0,"comment_status":"closed","ping_status":"closed","template":"","meta":{"_acf_changed":false,"footnotes":""},"class_list":["post-5740","page","type-page","status-publish","hentry"],"acf":[],"_links":{"self":[{"href":"https:\/\/www.cresm-go.org.br\/portal-da-transparencia\/wp-json\/wp\/v2\/pages\/5740","targetHints":{"allow":["GET"]}}],"collection":[{"href":"https:\/\/www.cresm-go.org.br\/portal-da-transparencia\/wp-json\/wp\/v2\/pages"}],"about":[{"href":"https:\/\/www.cresm-go.org.br\/portal-da-transparencia\/wp-json\/wp\/v2\/types\/page"}],"author":[{"embeddable":true,"href":"https:\/\/www.cresm-go.org.br\/portal-da-transparencia\/wp-json\/wp\/v2\/users\/15"}],"replies":[{"embeddable":true,"href":"https:\/\/www.cresm-go.org.br\/portal-da-transparencia\/wp-json\/wp\/v2\/comments?post=5740"}],"version-history":[{"count":9,"href":"https:\/\/www.cresm-go.org.br\/portal-da-transparencia\/wp-json\/wp\/v2\/pages\/5740\/revisions"}],"predecessor-version":[{"id":5815,"href":"https:\/\/www.cresm-go.org.br\/portal-da-transparencia\/wp-json\/wp\/v2\/pages\/5740\/revisions\/5815"}],"wp:attachment":[{"href":"https:\/\/www.cresm-go.org.br\/portal-da-transparencia\/wp-json\/wp\/v2\/media?parent=5740"}],"curies":[{"name":"wp","href":"https:\/\/api.w.org\/{rel}","templated":true}]}}