{"id":5731,"date":"2026-04-22T16:01:46","date_gmt":"2026-04-22T19:01:46","guid":{"rendered":"https:\/\/www.cresm-go.org.br\/portal-da-transparencia\/?page_id=5731"},"modified":"2026-05-15T08:24:18","modified_gmt":"2026-05-15T11:24:18","slug":"processo-seletivo-edital-n-o-13-2026-telefonista-i","status":"publish","type":"page","link":"https:\/\/www.cresm-go.org.br\/portal-da-transparencia\/processo-seletivo-edital-n-o-13-2026-telefonista-i\/","title":{"rendered":"PROCESSO SELETIVO EDITAL N.\u00ba 13.2026 TELEFONISTA I"},"content":{"rendered":"<p>PROCESSO SELETIVO EDITAL N.\u00ba 13.2026 TELEFONISTA I<\/p>\n<p>CARGO:<\/p>\n<ul>\n<li>TELEFONISTA I<\/li>\n<\/ul>\n<p><a href=\"https:\/\/www.cresm-go.org.br\/portal-da-transparencia\/wp-content\/uploads\/2026\/04\/EDITAL-N.o-13.2026-TELEFONISTA-I.pdf\">EDITAL N.\u00ba 13.2026 TELEFONISTA I<\/a><\/p>\n<p><a href=\"https:\/\/www.cresm-go.org.br\/portal-da-transparencia\/wp-content\/uploads\/2026\/05\/RQ-675-CRONOGRAMA-RETIFICADO-3.pdf\">RQ 675 CRONOGRAMA &#8211; RETIFICADO<\/a><\/p>\n<p><a href=\"https:\/\/www.cresm-go.org.br\/portal-da-transparencia\/wp-content\/uploads\/2026\/05\/RQ-693-TRIAGEM-CURRICULAR-2.pdf\">RQ 693 TRIAGEM CURRICULAR<\/a><\/p>\n<p><a href=\"https:\/\/www.cresm-go.org.br\/portal-da-transparencia\/wp-content\/uploads\/2026\/05\/RQ-682-SELECIONADOS-PARA-PROVA-E-ENTREVISTA.pdf\">RQ 682 SELECIONADOS PARA PROVA E ENTREVISTA<\/a><\/p>\n<p><a href=\"https:\/\/www.cresm-go.org.br\/portal-da-transparencia\/wp-content\/uploads\/2026\/05\/RQ-679-RESULTADO-PRELIMINAR.pdf\">RQ 679 RESULTADO PRELIMINAR<\/a><\/p>\n<p><a href=\"https:\/\/www.cresm-go.org.br\/portal-da-transparencia\/wp-content\/uploads\/2026\/05\/RQ-678-FORMULARIO-PARA-RECURSO.pdf\">RQ 678 FORMUL\u00c1RIO PARA RECURSO<\/a><\/p>\n<p>RQ 680 RESULTADO FINAL<\/p>\n<p>RQ 683 VALIDADE DO PROCESSO SELETIVO<\/p>\n<p>RQ 674 CONVOCA\u00c7\u00c3O 1<\/p>\n<p>&nbsp;<\/p>\n","protected":false},"excerpt":{"rendered":"<p>PROCESSO SELETIVO EDITAL N.\u00ba 13.2026 TELEFONISTA I CARGO: TELEFONISTA I EDITAL N.\u00ba 13.2026 TELEFONISTA I RQ 675 CRONOGRAMA &#8211; RETIFICADO RQ 693 TRIAGEM CURRICULAR RQ 682 SELECIONADOS PARA PROVA E ENTREVISTA RQ 679 RESULTADO PRELIMINAR RQ 678 FORMUL\u00c1RIO PARA RECURSO RQ 680 RESULTADO FINAL RQ 683 VALIDADE DO PROCESSO SELETIVO RQ 674 CONVOCA\u00c7\u00c3O 1 &nbsp;<\/p>\n","protected":false},"author":15,"featured_media":0,"parent":0,"menu_order":0,"comment_status":"closed","ping_status":"closed","template":"","meta":{"_acf_changed":false,"footnotes":""},"class_list":["post-5731","page","type-page","status-publish","hentry"],"acf":[],"_links":{"self":[{"href":"https:\/\/www.cresm-go.org.br\/portal-da-transparencia\/wp-json\/wp\/v2\/pages\/5731","targetHints":{"allow":["GET"]}}],"collection":[{"href":"https:\/\/www.cresm-go.org.br\/portal-da-transparencia\/wp-json\/wp\/v2\/pages"}],"about":[{"href":"https:\/\/www.cresm-go.org.br\/portal-da-transparencia\/wp-json\/wp\/v2\/types\/page"}],"author":[{"embeddable":true,"href":"https:\/\/www.cresm-go.org.br\/portal-da-transparencia\/wp-json\/wp\/v2\/users\/15"}],"replies":[{"embeddable":true,"href":"https:\/\/www.cresm-go.org.br\/portal-da-transparencia\/wp-json\/wp\/v2\/comments?post=5731"}],"version-history":[{"count":10,"href":"https:\/\/www.cresm-go.org.br\/portal-da-transparencia\/wp-json\/wp\/v2\/pages\/5731\/revisions"}],"predecessor-version":[{"id":5804,"href":"https:\/\/www.cresm-go.org.br\/portal-da-transparencia\/wp-json\/wp\/v2\/pages\/5731\/revisions\/5804"}],"wp:attachment":[{"href":"https:\/\/www.cresm-go.org.br\/portal-da-transparencia\/wp-json\/wp\/v2\/media?parent=5731"}],"curies":[{"name":"wp","href":"https:\/\/api.w.org\/{rel}","templated":true}]}}