{"id":5670,"date":"2026-04-02T16:57:35","date_gmt":"2026-04-02T19:57:35","guid":{"rendered":"https:\/\/www.cresm-go.org.br\/portal-da-transparencia\/?page_id=5670"},"modified":"2026-05-13T16:11:59","modified_gmt":"2026-05-13T19:11:59","slug":"processo-seletivo-edital-n-o-12-2026-medico-psiquiatra-da-infancia-e-adolescencia-pj","status":"publish","type":"page","link":"https:\/\/www.cresm-go.org.br\/portal-da-transparencia\/processo-seletivo-edital-n-o-12-2026-medico-psiquiatra-da-infancia-e-adolescencia-pj\/","title":{"rendered":"PROCESSO SELETIVO EDITAL N.\u00ba 12.2026 M\u00c9DICO PSIQUIATRA DA INF\u00c2NCIA E ADOLESC\u00caNCIA PJ"},"content":{"rendered":"<p>PROCESSO SELETIVO EDITAL N.\u00ba 12.2026 M\u00c9DICO PSIQUIATRA DA INF\u00c2NCIA E ADOLESC\u00caNCIA PJ<\/p>\n<p>CARGOS:<\/p>\n<ul>\n<li>M\u00c9DICO PSIQUIATRA DA INF\u00c2NCIA E ADOLESC\u00caNCIA PJ<\/li>\n<\/ul>\n<p><a href=\"https:\/\/www.cresm-go.org.br\/portal-da-transparencia\/wp-content\/uploads\/2026\/05\/EDITAL-12.2026-MEDICO-PSIQUIATRA-DA-INFANCIA-E-ADOLESCENCIA.pdf\">EDITAL 12.2026 M\u00c9DICO PSIQUIATRA DA INF\u00c2NCIA E ADOLESC\u00caNCIA<\/a><\/p>\n<p><a href=\"https:\/\/www.cresm-go.org.br\/portal-da-transparencia\/wp-content\/uploads\/2026\/05\/RQ-675-CRONOGRAMA-RETIFICADO-4.pdf\">RQ 675 CRONOGRAMA &#8211; RETIFICADO<\/a><\/p>\n<p>RQ 693 TRIAGEM CURRICULAR<\/p>\n<p>RQ 682 SELECIONADOS PARA PROVA E ENTREVISTA<\/p>\n<p>RQ 679 RESULTADO PRELIMINAR<\/p>\n<p>RQ 678 FORMUL\u00c1RIO PARA RECURSO<\/p>\n<p>RQ 680 RESULTADO FINAL<\/p>\n<p>RQ 683 VALIDADE DO PROCESSO SELETIVO<\/p>\n<p>RQ-674 CONVOCA\u00c7\u00c3O<\/p>\n","protected":false},"excerpt":{"rendered":"<p>PROCESSO SELETIVO EDITAL N.\u00ba 12.2026 M\u00c9DICO PSIQUIATRA DA INF\u00c2NCIA E ADOLESC\u00caNCIA PJ CARGOS: M\u00c9DICO PSIQUIATRA DA INF\u00c2NCIA E ADOLESC\u00caNCIA PJ EDITAL 12.2026 M\u00c9DICO PSIQUIATRA DA INF\u00c2NCIA E ADOLESC\u00caNCIA RQ 675 CRONOGRAMA &#8211; RETIFICADO RQ 693 TRIAGEM CURRICULAR RQ 682 SELECIONADOS PARA PROVA E ENTREVISTA RQ 679 RESULTADO PRELIMINAR RQ 678 FORMUL\u00c1RIO PARA RECURSO RQ 680 [&hellip;]<\/p>\n","protected":false},"author":15,"featured_media":0,"parent":0,"menu_order":0,"comment_status":"closed","ping_status":"closed","template":"","meta":{"_acf_changed":false,"footnotes":""},"class_list":["post-5670","page","type-page","status-publish","hentry"],"acf":[],"_links":{"self":[{"href":"https:\/\/www.cresm-go.org.br\/portal-da-transparencia\/wp-json\/wp\/v2\/pages\/5670","targetHints":{"allow":["GET"]}}],"collection":[{"href":"https:\/\/www.cresm-go.org.br\/portal-da-transparencia\/wp-json\/wp\/v2\/pages"}],"about":[{"href":"https:\/\/www.cresm-go.org.br\/portal-da-transparencia\/wp-json\/wp\/v2\/types\/page"}],"author":[{"embeddable":true,"href":"https:\/\/www.cresm-go.org.br\/portal-da-transparencia\/wp-json\/wp\/v2\/users\/15"}],"replies":[{"embeddable":true,"href":"https:\/\/www.cresm-go.org.br\/portal-da-transparencia\/wp-json\/wp\/v2\/comments?post=5670"}],"version-history":[{"count":4,"href":"https:\/\/www.cresm-go.org.br\/portal-da-transparencia\/wp-json\/wp\/v2\/pages\/5670\/revisions"}],"predecessor-version":[{"id":5796,"href":"https:\/\/www.cresm-go.org.br\/portal-da-transparencia\/wp-json\/wp\/v2\/pages\/5670\/revisions\/5796"}],"wp:attachment":[{"href":"https:\/\/www.cresm-go.org.br\/portal-da-transparencia\/wp-json\/wp\/v2\/media?parent=5670"}],"curies":[{"name":"wp","href":"https:\/\/api.w.org\/{rel}","templated":true}]}}