{"id":5660,"date":"2026-04-02T14:15:41","date_gmt":"2026-04-02T17:15:41","guid":{"rendered":"https:\/\/www.cresm-go.org.br\/portal-da-transparencia\/?page_id=5660"},"modified":"2026-04-24T09:34:02","modified_gmt":"2026-04-24T12:34:02","slug":"processo-seletivo-edital-n-o-11-2026-assistente-administrativo-i","status":"publish","type":"page","link":"https:\/\/www.cresm-go.org.br\/portal-da-transparencia\/processo-seletivo-edital-n-o-11-2026-assistente-administrativo-i\/","title":{"rendered":"PROCESSO SELETIVO EDITAL N.\u00ba 11.2026\u00a0 ASSISTENTE ADMINISTRATIVO I"},"content":{"rendered":"<p>PROCESSO SELETIVO EDITAL N.\u00ba 11.2026\u00a0 ASSISTENTE ADMINISTRATIVO I<\/p>\n<p>CARGOS:<\/p>\n<ul>\n<li>ASSISTENTE ADMINISTRATIVO I<\/li>\n<\/ul>\n<p><a href=\"https:\/\/www.cresm-go.org.br\/portal-da-transparencia\/wp-content\/uploads\/2026\/04\/EDITAL-11.2026-ASSISTENTE-ADMINISTRATIVO-I.pdf\">EDITAL 11.2026 ASSISTENTE ADMINISTRATIVO I<\/a><\/p>\n<p><a href=\"https:\/\/www.cresm-go.org.br\/portal-da-transparencia\/wp-content\/uploads\/2026\/04\/RQ-675-CRONOGRAMA.pdf\">RQ 675 CRONOGRAMA<\/a><\/p>\n<p><a href=\"https:\/\/www.cresm-go.org.br\/portal-da-transparencia\/wp-content\/uploads\/2026\/04\/RQ-693-TRIAGEM-CURRICULAR.pdf\">RQ 693 TRIAGEM CURRICULAR<\/a><\/p>\n<p><a href=\"https:\/\/www.cresm-go.org.br\/portal-da-transparencia\/wp-content\/uploads\/2026\/04\/RQ-682-SELECIONADOS-PARA-PROVA-E-ENTREVISTA.pdf\">RQ 682 SELECIONADOS PARA PROVA E ENTREVISTA<\/a><\/p>\n<p><a href=\"https:\/\/www.cresm-go.org.br\/portal-da-transparencia\/wp-content\/uploads\/2026\/04\/RQ-679-RESULTADO-PRELIMINAR-5.pdf\">RQ 679 RESULTADO PRELIMINAR<\/a><\/p>\n<p><a href=\"https:\/\/www.cresm-go.org.br\/portal-da-transparencia\/wp-content\/uploads\/2026\/04\/RQ-678-FORMULARIO-PARA-RECURSO.pdf\">RQ 678 FORMUL\u00c1RIO PARA RECURSO<\/a><\/p>\n<p><a href=\"https:\/\/www.cresm-go.org.br\/portal-da-transparencia\/wp-content\/uploads\/2026\/04\/RQ-680-RESULTADO-FINAL-2.pdf\">RQ 680 RESULTADO FINAL<\/a><\/p>\n<p><a href=\"https:\/\/www.cresm-go.org.br\/portal-da-transparencia\/wp-content\/uploads\/2026\/04\/RQ-683-VALIDADE-DO-PROCESSO-SELETIVO.pdf\">RQ 683 VALIDADE DO PROCESSO SELETIVO<\/a><\/p>\n<p>RQ 674 CONVOCA\u00c7\u00c3O<\/p>\n","protected":false},"excerpt":{"rendered":"<p>PROCESSO SELETIVO EDITAL N.\u00ba 11.2026\u00a0 ASSISTENTE ADMINISTRATIVO I CARGOS: ASSISTENTE ADMINISTRATIVO I EDITAL 11.2026 ASSISTENTE ADMINISTRATIVO I RQ 675 CRONOGRAMA RQ 693 TRIAGEM CURRICULAR RQ 682 SELECIONADOS PARA PROVA E ENTREVISTA RQ 679 RESULTADO PRELIMINAR RQ 678 FORMUL\u00c1RIO PARA RECURSO RQ 680 RESULTADO FINAL RQ 683 VALIDADE DO PROCESSO SELETIVO RQ 674 CONVOCA\u00c7\u00c3O<\/p>\n","protected":false},"author":15,"featured_media":0,"parent":0,"menu_order":0,"comment_status":"closed","ping_status":"closed","template":"","meta":{"_acf_changed":false,"footnotes":""},"class_list":["post-5660","page","type-page","status-publish","hentry"],"acf":[],"_links":{"self":[{"href":"https:\/\/www.cresm-go.org.br\/portal-da-transparencia\/wp-json\/wp\/v2\/pages\/5660","targetHints":{"allow":["GET"]}}],"collection":[{"href":"https:\/\/www.cresm-go.org.br\/portal-da-transparencia\/wp-json\/wp\/v2\/pages"}],"about":[{"href":"https:\/\/www.cresm-go.org.br\/portal-da-transparencia\/wp-json\/wp\/v2\/types\/page"}],"author":[{"embeddable":true,"href":"https:\/\/www.cresm-go.org.br\/portal-da-transparencia\/wp-json\/wp\/v2\/users\/15"}],"replies":[{"embeddable":true,"href":"https:\/\/www.cresm-go.org.br\/portal-da-transparencia\/wp-json\/wp\/v2\/comments?post=5660"}],"version-history":[{"count":6,"href":"https:\/\/www.cresm-go.org.br\/portal-da-transparencia\/wp-json\/wp\/v2\/pages\/5660\/revisions"}],"predecessor-version":[{"id":5747,"href":"https:\/\/www.cresm-go.org.br\/portal-da-transparencia\/wp-json\/wp\/v2\/pages\/5660\/revisions\/5747"}],"wp:attachment":[{"href":"https:\/\/www.cresm-go.org.br\/portal-da-transparencia\/wp-json\/wp\/v2\/media?parent=5660"}],"curies":[{"name":"wp","href":"https:\/\/api.w.org\/{rel}","templated":true}]}}