{"id":5581,"date":"2026-03-19T18:13:46","date_gmt":"2026-03-19T21:13:46","guid":{"rendered":"https:\/\/www.cresm-go.org.br\/portal-da-transparencia\/?page_id=5581"},"modified":"2026-05-15T14:51:06","modified_gmt":"2026-05-15T17:51:06","slug":"processo-seletivo-edital-n-o-10-2026-recepcionista","status":"publish","type":"page","link":"https:\/\/www.cresm-go.org.br\/portal-da-transparencia\/processo-seletivo-edital-n-o-10-2026-recepcionista\/","title":{"rendered":"PROCESSO SELETIVO EDITAL N.\u00ba 10.2026 RECEPCIONISTA I"},"content":{"rendered":"<p>PROCESSO SELETIVO EDITAL N.\u00ba 10.2026 RECEPCIONISTA I<\/p>\n<p>CARGO:<\/p>\n<ul>\n<li>RECEPCIONISTA I<\/li>\n<\/ul>\n<p><a href=\"https:\/\/www.cresm-go.org.br\/portal-da-transparencia\/wp-content\/uploads\/2026\/03\/EDITAL-N.o-10.2026-RECEPCIONISTA-1.pdf\">EDITAL N.\u00ba 10.2026 RECEPCIONISTA I<\/a><\/p>\n<p><a href=\"https:\/\/www.cresm-go.org.br\/portal-da-transparencia\/wp-content\/uploads\/2026\/03\/RQ-675-CRONOGRAMA-4.pdf\">RQ 675 CRONOGRAMA<\/a><\/p>\n<p><a href=\"https:\/\/www.cresm-go.org.br\/portal-da-transparencia\/wp-content\/uploads\/2026\/03\/RQ-693-TRIAGEM-CURRICULAR-5.pdf\">RQ-693 TRIAGEM CURRICULAR<\/a><\/p>\n<p><a href=\"https:\/\/www.cresm-go.org.br\/portal-da-transparencia\/wp-content\/uploads\/2026\/03\/RQ-682-SELECIONADOS-PARA-PROVA-E-ENTREVISTA-7.pdf\">RQ 682 SELECIONADOS PARA PROVA E ENTREVISTA<\/a><\/p>\n<p><a href=\"https:\/\/www.cresm-go.org.br\/portal-da-transparencia\/wp-content\/uploads\/2026\/04\/RQ-679-RESULTADO-PRELIMINAR-RETIFICADO.pdf\">RQ 679 RESULTADO PRELIMINAR RETIFICADO<\/a><\/p>\n<p><a href=\"https:\/\/www.cresm-go.org.br\/portal-da-transparencia\/wp-content\/uploads\/2026\/04\/RH-678-FORMULARIO-PARA-RECURSO-1.pdf\">RH 678 FORMUL\u00c1RIO PARA RECURSO<\/a><\/p>\n<p><a href=\"https:\/\/www.cresm-go.org.br\/portal-da-transparencia\/wp-content\/uploads\/2026\/04\/RQ-680-RESULTADO-FINAL-1.pdf\">RQ 680 RESULTADO FINAL<\/a><\/p>\n<p><a href=\"https:\/\/www.cresm-go.org.br\/portal-da-transparencia\/wp-content\/uploads\/2026\/04\/RQ-683-VALIDADE-DO-PRECESSO-SELETIVO-1.pdf\">RQ 683 VALIDADE DO PROCESSO SELETIVO<\/a><\/p>\n<p><a href=\"https:\/\/www.cresm-go.org.br\/portal-da-transparencia\/wp-content\/uploads\/2026\/04\/RQ-674-CONVOCACAO-1-1.pdf\">RQ 674 CONVOCA\u00c7\u00c3O 1<\/a><\/p>\n<p><a href=\"https:\/\/www.cresm-go.org.br\/portal-da-transparencia\/wp-content\/uploads\/2026\/04\/RQ-674-CONVOCACAO-2-1.pdf\">RQ 674 CONVOCA\u00c7\u00c3O 2<\/a><\/p>\n<p><a href=\"https:\/\/www.cresm-go.org.br\/portal-da-transparencia\/wp-content\/uploads\/2026\/04\/RQ-674-CONVOCACAO-3-RETIFICADO.pdf\">RQ 674 CONVOCA\u00c7\u00c3O 3 &#8211; <strong>RETIFICADO<\/strong><\/a><\/p>\n<p><a href=\"https:\/\/www.cresm-go.org.br\/portal-da-transparencia\/wp-content\/uploads\/2026\/04\/RQ-674-CONVOCACAO-4-1.pdf\">RQ 674 CONVOCA\u00c7\u00c3O 4<\/a><\/p>\n<p><a href=\"https:\/\/www.cresm-go.org.br\/portal-da-transparencia\/wp-content\/uploads\/2026\/05\/8.-RQ-674-Convocacao-5.pdf\">8. RQ 674 CONVOCA\u00c7\u00c3O 5<\/a><\/p>\n<p><a href=\"https:\/\/www.cresm-go.org.br\/portal-da-transparencia\/wp-content\/uploads\/2026\/05\/RQ-674-CONVOCACAO-6.pdf\">RQ 674 CONVOCA\u00c7\u00c3O 6<\/a><\/p>\n","protected":false},"excerpt":{"rendered":"<p>PROCESSO SELETIVO EDITAL N.\u00ba 10.2026 RECEPCIONISTA I CARGO: RECEPCIONISTA I EDITAL N.\u00ba 10.2026 RECEPCIONISTA I RQ 675 CRONOGRAMA RQ-693 TRIAGEM CURRICULAR RQ 682 SELECIONADOS PARA PROVA E ENTREVISTA RQ 679 RESULTADO PRELIMINAR RETIFICADO RH 678 FORMUL\u00c1RIO PARA RECURSO RQ 680 RESULTADO FINAL RQ 683 VALIDADE DO PROCESSO SELETIVO RQ 674 CONVOCA\u00c7\u00c3O 1 RQ 674 CONVOCA\u00c7\u00c3O [&hellip;]<\/p>\n","protected":false},"author":15,"featured_media":0,"parent":0,"menu_order":0,"comment_status":"closed","ping_status":"closed","template":"","meta":{"_acf_changed":false,"footnotes":""},"class_list":["post-5581","page","type-page","status-publish","hentry"],"acf":[],"_links":{"self":[{"href":"https:\/\/www.cresm-go.org.br\/portal-da-transparencia\/wp-json\/wp\/v2\/pages\/5581","targetHints":{"allow":["GET"]}}],"collection":[{"href":"https:\/\/www.cresm-go.org.br\/portal-da-transparencia\/wp-json\/wp\/v2\/pages"}],"about":[{"href":"https:\/\/www.cresm-go.org.br\/portal-da-transparencia\/wp-json\/wp\/v2\/types\/page"}],"author":[{"embeddable":true,"href":"https:\/\/www.cresm-go.org.br\/portal-da-transparencia\/wp-json\/wp\/v2\/users\/15"}],"replies":[{"embeddable":true,"href":"https:\/\/www.cresm-go.org.br\/portal-da-transparencia\/wp-json\/wp\/v2\/comments?post=5581"}],"version-history":[{"count":17,"href":"https:\/\/www.cresm-go.org.br\/portal-da-transparencia\/wp-json\/wp\/v2\/pages\/5581\/revisions"}],"predecessor-version":[{"id":5811,"href":"https:\/\/www.cresm-go.org.br\/portal-da-transparencia\/wp-json\/wp\/v2\/pages\/5581\/revisions\/5811"}],"wp:attachment":[{"href":"https:\/\/www.cresm-go.org.br\/portal-da-transparencia\/wp-json\/wp\/v2\/media?parent=5581"}],"curies":[{"name":"wp","href":"https:\/\/api.w.org\/{rel}","templated":true}]}}