{"id":5576,"date":"2026-03-19T18:06:21","date_gmt":"2026-03-19T21:06:21","guid":{"rendered":"https:\/\/www.cresm-go.org.br\/portal-da-transparencia\/?page_id=5576"},"modified":"2026-04-08T16:52:05","modified_gmt":"2026-04-08T19:52:05","slug":"processo-seletivo-edital-n-o-09-2026-psicologoa-hospitalar","status":"publish","type":"page","link":"https:\/\/www.cresm-go.org.br\/portal-da-transparencia\/processo-seletivo-edital-n-o-09-2026-psicologoa-hospitalar\/","title":{"rendered":"PROCESSO SELETIVO EDITAL N.\u00ba 09.2026 PSIC\u00d3LOGO(A) HOSPITALAR I"},"content":{"rendered":"<p>PROCESSO SELETIVO EDITAL N.\u00ba 09.2026 PSIC\u00d3LOGO(A) HOSPITALAR I<\/p>\n<p>CARGO:<\/p>\n<ul>\n<li>PSIC\u00d3LOGO(A) HOSPITALAR I<\/li>\n<\/ul>\n<p><a href=\"https:\/\/www.cresm-go.org.br\/portal-da-transparencia\/wp-content\/uploads\/2026\/03\/EDITAL-N.o-09.2026-PSICOLOGOA-HOSPITALAR-1.pdf\">EDITAL N.\u00ba 09.2026 PSIC\u00d3LOGO(A) HOSPITALAR<\/a><\/p>\n<p><a href=\"https:\/\/www.cresm-go.org.br\/portal-da-transparencia\/wp-content\/uploads\/2026\/03\/RQ-675-CRONOGRAMA-3.pdf\">RQ 675 CRONOGRAMA<\/a><\/p>\n<p><a href=\"https:\/\/www.cresm-go.org.br\/portal-da-transparencia\/wp-content\/uploads\/2026\/03\/RQ-693-TRIAGEM-CURRICULAR-7.pdf\">RQ-693 TRIAGEM CURRICULAR<\/a><\/p>\n<p><a href=\"https:\/\/www.cresm-go.org.br\/portal-da-transparencia\/wp-content\/uploads\/2026\/03\/RQ-682-SELECIONADOS-PARA-PROVA-E-ENTREVISTA-6.pdf\">RQ-682 SELECIONADOS PARA PROVA E ENTREVISTA<\/a><\/p>\n<p><a href=\"https:\/\/www.cresm-go.org.br\/portal-da-transparencia\/wp-content\/uploads\/2026\/04\/RQ-679-RESULTADO-PRELIMINAR-1.pdf\">RQ- 679 RESULTADO PRELIMINAR<\/a><\/p>\n<p><a href=\"https:\/\/www.cresm-go.org.br\/portal-da-transparencia\/wp-content\/uploads\/2026\/04\/RH-678-FORMULARIO-PARA-RECURSO.pdf\">RH-678 FORMUL\u00c1RIO PARA RECURSO<\/a><\/p>\n<p><a href=\"https:\/\/www.cresm-go.org.br\/portal-da-transparencia\/wp-content\/uploads\/2026\/04\/RQ-680-RESULTADO-FINAL.pdf\">RQ-680 RESULTADO FINAL<\/a><\/p>\n<p><a href=\"https:\/\/www.cresm-go.org.br\/portal-da-transparencia\/wp-content\/uploads\/2026\/04\/RQ-683-VALIDADE-DO-PRECESSO-SELETIVO.pdf\">RQ-683 VALIDADE DO PRECESSO SELETIVO<\/a><\/p>\n<p><a href=\"https:\/\/www.cresm-go.org.br\/portal-da-transparencia\/wp-content\/uploads\/2026\/04\/RQ-674-CONVOCACAO.pdf\">RQ 674 CONVOCA\u00c7\u00c3O<\/a><\/p>\n","protected":false},"excerpt":{"rendered":"<p>PROCESSO SELETIVO EDITAL N.\u00ba 09.2026 PSIC\u00d3LOGO(A) HOSPITALAR I CARGO: PSIC\u00d3LOGO(A) HOSPITALAR I EDITAL N.\u00ba 09.2026 PSIC\u00d3LOGO(A) HOSPITALAR RQ 675 CRONOGRAMA RQ-693 TRIAGEM CURRICULAR RQ-682 SELECIONADOS PARA PROVA E ENTREVISTA RQ- 679 RESULTADO PRELIMINAR RH-678 FORMUL\u00c1RIO PARA RECURSO RQ-680 RESULTADO FINAL RQ-683 VALIDADE DO PRECESSO SELETIVO RQ 674 CONVOCA\u00c7\u00c3O<\/p>\n","protected":false},"author":15,"featured_media":0,"parent":0,"menu_order":0,"comment_status":"closed","ping_status":"closed","template":"","meta":{"_acf_changed":false,"footnotes":""},"class_list":["post-5576","page","type-page","status-publish","hentry"],"acf":[],"_links":{"self":[{"href":"https:\/\/www.cresm-go.org.br\/portal-da-transparencia\/wp-json\/wp\/v2\/pages\/5576","targetHints":{"allow":["GET"]}}],"collection":[{"href":"https:\/\/www.cresm-go.org.br\/portal-da-transparencia\/wp-json\/wp\/v2\/pages"}],"about":[{"href":"https:\/\/www.cresm-go.org.br\/portal-da-transparencia\/wp-json\/wp\/v2\/types\/page"}],"author":[{"embeddable":true,"href":"https:\/\/www.cresm-go.org.br\/portal-da-transparencia\/wp-json\/wp\/v2\/users\/15"}],"replies":[{"embeddable":true,"href":"https:\/\/www.cresm-go.org.br\/portal-da-transparencia\/wp-json\/wp\/v2\/comments?post=5576"}],"version-history":[{"count":13,"href":"https:\/\/www.cresm-go.org.br\/portal-da-transparencia\/wp-json\/wp\/v2\/pages\/5576\/revisions"}],"predecessor-version":[{"id":5698,"href":"https:\/\/www.cresm-go.org.br\/portal-da-transparencia\/wp-json\/wp\/v2\/pages\/5576\/revisions\/5698"}],"wp:attachment":[{"href":"https:\/\/www.cresm-go.org.br\/portal-da-transparencia\/wp-json\/wp\/v2\/media?parent=5576"}],"curies":[{"name":"wp","href":"https:\/\/api.w.org\/{rel}","templated":true}]}}