{"id":5456,"date":"2026-03-06T14:24:35","date_gmt":"2026-03-06T17:24:35","guid":{"rendered":"https:\/\/www.cresm-go.org.br\/portal-da-transparencia\/?page_id=5456"},"modified":"2026-04-01T08:47:07","modified_gmt":"2026-04-01T11:47:07","slug":"processo-seletivo-edital-n-o-08-2026-enfermeiro-do-nucleo-de-seguranca-do-paciente-nsp","status":"publish","type":"page","link":"https:\/\/www.cresm-go.org.br\/portal-da-transparencia\/processo-seletivo-edital-n-o-08-2026-enfermeiro-do-nucleo-de-seguranca-do-paciente-nsp\/","title":{"rendered":"PROCESSO SELETIVO EDITAL N.\u00ba 08.2026 &#8211; ENFERMEIRO DO N\u00daCLEO DE SEGURAN\u00c7A DO PACIENTE (NSP)"},"content":{"rendered":"<p>PROCESSO SELETIVO EDITAL N.\u00ba 08.2026 &#8211; ENFERMEIRO DO N\u00daCLEO DE SEGURAN\u00c7A DO PACIENTE (NSP)<\/p>\n<p>CARGO:<\/p>\n<ul>\n<li>ENFERMEIRO DO N\u00daCLEO DE SEGURAN\u00c7A DO PACIENTE (NSP)<\/li>\n<\/ul>\n<p><a href=\"https:\/\/www.cresm-go.org.br\/portal-da-transparencia\/wp-content\/uploads\/2026\/03\/1.-Edital-Processo-Seletivo-enfermeiro-nsp.pdf\">EDITAL 08.2026 ENFERMEIRO DO N\u00daCLEO DE SEGURAN\u00c7A DO PACIENTE (NSP)<\/a><\/p>\n<p><span style=\"color: #ff0000;\"><a href=\"https:\/\/www.cresm-go.org.br\/portal-da-transparencia\/wp-content\/uploads\/2026\/03\/RQ-675-CRONOGRAMA-2.pdf\">RQ 675 CRONOGRAMA<\/a> RETIFICADO<\/span><\/p>\n<p><a href=\"https:\/\/www.cresm-go.org.br\/portal-da-transparencia\/wp-content\/uploads\/2026\/03\/RQ-693-TRIAGEM-CURRICULAR-2.pdf\">RQ-693 TRIAGEM CURRICULAR<\/a><\/p>\n<p><a href=\"https:\/\/www.cresm-go.org.br\/portal-da-transparencia\/wp-content\/uploads\/2026\/03\/RQ-682-SELECIONADOS-PARA-PROVA-E-ENTREVISTA-5.pdf\">RQ-682 SELECIONADOS PARA PROVA E ENTREVISTA<\/a><\/p>\n<p><a href=\"https:\/\/www.cresm-go.org.br\/portal-da-transparencia\/wp-content\/uploads\/2026\/03\/RQ-679-RESULTADO-PRELIMINAR-2.pdf\">RQ- 679 RESULTADO PRELIMINAR<\/a><\/p>\n<p><a href=\"https:\/\/www.cresm-go.org.br\/portal-da-transparencia\/wp-content\/uploads\/2026\/03\/RQ-678-FORMULARIO-PARA-RECURSO-3.pdf\">RQ-678 FORMUL\u00c1RIO PARA RECURSO<\/a><\/p>\n<p><a href=\"https:\/\/www.cresm-go.org.br\/portal-da-transparencia\/wp-content\/uploads\/2026\/03\/RQ-680-RESULTADO-FINAL-3.pdf\">RQ 680 RESULTADO FINAL<\/a><\/p>\n<p><a href=\"https:\/\/www.cresm-go.org.br\/portal-da-transparencia\/wp-content\/uploads\/2026\/03\/RQ-683-VALIDADE-DO-PRECESSO-SELETIVO-1.pdf\">RQ 683 VALIDADE DO PRECESSO SELETIVO<\/a><\/p>\n<p><a href=\"https:\/\/www.cresm-go.org.br\/portal-da-transparencia\/wp-content\/uploads\/2026\/03\/RQ-674-CONVOCACAO-6.pdf\">RQ 674 CONVOCA\u00c7\u00c3O<\/a><\/p>\n<p><a href=\"https:\/\/www.cresm-go.org.br\/portal-da-transparencia\/wp-content\/uploads\/2026\/03\/RQ-674-CONVOCACAO-2-2.pdf\">RQ 674 CONVOCA\u00c7\u00c3O 2<\/a><\/p>\n<p><a href=\"https:\/\/www.cresm-go.org.br\/portal-da-transparencia\/wp-content\/uploads\/2026\/04\/RQ-674-CONVOCACAO-3.pdf\">RQ 674 CONVOCA\u00c7\u00c3O 3<\/a><\/p>\n","protected":false},"excerpt":{"rendered":"<p>PROCESSO SELETIVO EDITAL N.\u00ba 08.2026 &#8211; ENFERMEIRO DO N\u00daCLEO DE SEGURAN\u00c7A DO PACIENTE (NSP) CARGO: ENFERMEIRO DO N\u00daCLEO DE SEGURAN\u00c7A DO PACIENTE (NSP) EDITAL 08.2026 ENFERMEIRO DO N\u00daCLEO DE SEGURAN\u00c7A DO PACIENTE (NSP) RQ 675 CRONOGRAMA RETIFICADO RQ-693 TRIAGEM CURRICULAR RQ-682 SELECIONADOS PARA PROVA E ENTREVISTA RQ- 679 RESULTADO PRELIMINAR RQ-678 FORMUL\u00c1RIO PARA RECURSO RQ [&hellip;]<\/p>\n","protected":false},"author":15,"featured_media":0,"parent":0,"menu_order":0,"comment_status":"closed","ping_status":"closed","template":"","meta":{"_acf_changed":false,"footnotes":""},"class_list":["post-5456","page","type-page","status-publish","hentry"],"acf":[],"_links":{"self":[{"href":"https:\/\/www.cresm-go.org.br\/portal-da-transparencia\/wp-json\/wp\/v2\/pages\/5456","targetHints":{"allow":["GET"]}}],"collection":[{"href":"https:\/\/www.cresm-go.org.br\/portal-da-transparencia\/wp-json\/wp\/v2\/pages"}],"about":[{"href":"https:\/\/www.cresm-go.org.br\/portal-da-transparencia\/wp-json\/wp\/v2\/types\/page"}],"author":[{"embeddable":true,"href":"https:\/\/www.cresm-go.org.br\/portal-da-transparencia\/wp-json\/wp\/v2\/users\/15"}],"replies":[{"embeddable":true,"href":"https:\/\/www.cresm-go.org.br\/portal-da-transparencia\/wp-json\/wp\/v2\/comments?post=5456"}],"version-history":[{"count":13,"href":"https:\/\/www.cresm-go.org.br\/portal-da-transparencia\/wp-json\/wp\/v2\/pages\/5456\/revisions"}],"predecessor-version":[{"id":5652,"href":"https:\/\/www.cresm-go.org.br\/portal-da-transparencia\/wp-json\/wp\/v2\/pages\/5456\/revisions\/5652"}],"wp:attachment":[{"href":"https:\/\/www.cresm-go.org.br\/portal-da-transparencia\/wp-json\/wp\/v2\/media?parent=5456"}],"curies":[{"name":"wp","href":"https:\/\/api.w.org\/{rel}","templated":true}]}}