{"id":5429,"date":"2026-02-27T16:40:32","date_gmt":"2026-02-27T19:40:32","guid":{"rendered":"https:\/\/www.cresm-go.org.br\/portal-da-transparencia\/?page_id=5429"},"modified":"2026-04-16T15:06:44","modified_gmt":"2026-04-16T18:06:44","slug":"5429-2","status":"publish","type":"page","link":"https:\/\/www.cresm-go.org.br\/portal-da-transparencia\/5429-2\/","title":{"rendered":"PROCESSO SELETIVO EDITAL N.\u00ba 07.2026 AUXILIAR DE ENFERMAGEM"},"content":{"rendered":"<p>PROCESSO SELETIVO EDITAL N.\u00ba 07.2026 AUXILIAR DE ENFERMAGEM<\/p>\n<p>CARGO:<\/p>\n<ul>\n<li>AUXILIAR DE ENFERMAGEM<\/li>\n<\/ul>\n<p><a href=\"https:\/\/www.cresm-go.org.br\/portal-da-transparencia\/wp-content\/uploads\/2026\/03\/EDITAL-AUXILIAR-DE-ENFERMAGEM-p.pdf\">EDITAL AUXILIAR DE ENFERMAGEM<\/a><\/p>\n<p><a href=\"https:\/\/www.cresm-go.org.br\/portal-da-transparencia\/wp-content\/uploads\/2026\/03\/RQ-675-CRONOGRAMA.pdf\">RQ-675 CRONOGRAMA &#8211; RETIFICADO<\/a><\/p>\n<p><a href=\"https:\/\/www.cresm-go.org.br\/portal-da-transparencia\/wp-content\/uploads\/2026\/03\/RQ-693-TRIAGEM-CURRICULAR.pdf\">RQ-693 TRIAGEM CURRICULAR<\/a><\/p>\n<p><a href=\"https:\/\/www.cresm-go.org.br\/portal-da-transparencia\/wp-content\/uploads\/2026\/03\/RQ-682-SELECIONADOS-PARA-PROVA-E-ENTREVISTA-3.pdf\">RQ-682 SELECIONADOS PARA PROVA E ENTREVISTA<\/a><\/p>\n<p><a href=\"https:\/\/www.cresm-go.org.br\/portal-da-transparencia\/wp-content\/uploads\/2026\/03\/RQ-679-RESULTADO-PRELIMINAR-1.pdf\">RQ- 679 RESULTADO PRELIMINAR<\/a><\/p>\n<p><a href=\"https:\/\/www.cresm-go.org.br\/portal-da-transparencia\/wp-content\/uploads\/2026\/03\/RQ-678-FORMULARIO-PARA-RECURSO-2.pdf\">RQ-678 FORMUL\u00c1RIO PARA RECURSO<\/a><\/p>\n<p><a href=\"https:\/\/www.cresm-go.org.br\/portal-da-transparencia\/wp-content\/uploads\/2026\/03\/RQ-680-RESULTADO-FINAL-2.pdf\">RQ-680 RESULTADO FINAL<\/a><\/p>\n<p><a href=\"https:\/\/www.cresm-go.org.br\/portal-da-transparencia\/wp-content\/uploads\/2026\/03\/RQ-683-VALIDADE-DO-PROCESSO-SELETIVO.pdf\">RQ 683 VALIDADE DO PROCESSO SELETIVO<\/a><\/p>\n<p><a href=\"https:\/\/www.cresm-go.org.br\/portal-da-transparencia\/wp-content\/uploads\/2026\/03\/RQ-674-CONVOCACAO-7.pdf\">RQ 674 CONVOCA\u00c7\u00c3O<\/a><\/p>\n<p><a href=\"https:\/\/www.cresm-go.org.br\/portal-da-transparencia\/wp-content\/uploads\/2026\/03\/RQ-674-CONVOCACAO-2-3.pdf\">RQ 674 CONVOCA\u00c7\u00c3O 2<\/a><\/p>\n<p><a href=\"https:\/\/www.cresm-go.org.br\/portal-da-transparencia\/wp-content\/uploads\/2026\/04\/RQ-674-CONVOCACAO-3-4.pdf\">RQ 674 CONVOCA\u00c7\u00c3O 3<\/a><\/p>\n<p><a href=\"https:\/\/www.cresm-go.org.br\/portal-da-transparencia\/wp-content\/uploads\/2026\/04\/RQ-674-CONVOCACAO-4.pdf\">RQ 674 CONVOCA\u00c7\u00c3O 4<\/a><\/p>\n","protected":false},"excerpt":{"rendered":"<p>PROCESSO SELETIVO EDITAL N.\u00ba 07.2026 AUXILIAR DE ENFERMAGEM CARGO: AUXILIAR DE ENFERMAGEM EDITAL AUXILIAR DE ENFERMAGEM RQ-675 CRONOGRAMA &#8211; RETIFICADO RQ-693 TRIAGEM CURRICULAR RQ-682 SELECIONADOS PARA PROVA E ENTREVISTA RQ- 679 RESULTADO PRELIMINAR RQ-678 FORMUL\u00c1RIO PARA RECURSO RQ-680 RESULTADO FINAL RQ 683 VALIDADE DO PROCESSO SELETIVO RQ 674 CONVOCA\u00c7\u00c3O RQ 674 CONVOCA\u00c7\u00c3O 2 RQ 674 [&hellip;]<\/p>\n","protected":false},"author":14,"featured_media":0,"parent":0,"menu_order":0,"comment_status":"closed","ping_status":"closed","template":"","meta":{"_acf_changed":false,"footnotes":""},"class_list":["post-5429","page","type-page","status-publish","hentry"],"acf":[],"_links":{"self":[{"href":"https:\/\/www.cresm-go.org.br\/portal-da-transparencia\/wp-json\/wp\/v2\/pages\/5429","targetHints":{"allow":["GET"]}}],"collection":[{"href":"https:\/\/www.cresm-go.org.br\/portal-da-transparencia\/wp-json\/wp\/v2\/pages"}],"about":[{"href":"https:\/\/www.cresm-go.org.br\/portal-da-transparencia\/wp-json\/wp\/v2\/types\/page"}],"author":[{"embeddable":true,"href":"https:\/\/www.cresm-go.org.br\/portal-da-transparencia\/wp-json\/wp\/v2\/users\/14"}],"replies":[{"embeddable":true,"href":"https:\/\/www.cresm-go.org.br\/portal-da-transparencia\/wp-json\/wp\/v2\/comments?post=5429"}],"version-history":[{"count":17,"href":"https:\/\/www.cresm-go.org.br\/portal-da-transparencia\/wp-json\/wp\/v2\/pages\/5429\/revisions"}],"predecessor-version":[{"id":5723,"href":"https:\/\/www.cresm-go.org.br\/portal-da-transparencia\/wp-json\/wp\/v2\/pages\/5429\/revisions\/5723"}],"wp:attachment":[{"href":"https:\/\/www.cresm-go.org.br\/portal-da-transparencia\/wp-json\/wp\/v2\/media?parent=5429"}],"curies":[{"name":"wp","href":"https:\/\/api.w.org\/{rel}","templated":true}]}}