{"id":5414,"date":"2026-02-23T17:15:23","date_gmt":"2026-02-23T20:15:23","guid":{"rendered":"https:\/\/www.cresm-go.org.br\/portal-da-transparencia\/?page_id=5414"},"modified":"2026-05-15T16:34:46","modified_gmt":"2026-05-15T19:34:46","slug":"5414-2","status":"publish","type":"page","link":"https:\/\/www.cresm-go.org.br\/portal-da-transparencia\/5414-2\/","title":{"rendered":"PROCESSO SELETIVO EDITAL N.\u00ba 06.2026 M\u00c9DICO(A) PLANTONISTA PJ"},"content":{"rendered":"<p>PROCESSO SELETIVO EDITAL N.\u00ba 06.2026 M\u00c9DICO(A) PLANTONISTA PJ<\/p>\n<p>CARGOS:<\/p>\n<ul>\n<li>M\u00c9DICO(A) PLANTONISTA<\/li>\n<\/ul>\n<p><a href=\"https:\/\/www.cresm-go.org.br\/portal-da-transparencia\/wp-content\/uploads\/2026\/02\/EDITAL-06.2026-MEDICOA-PLANTONISTA-1.pdf\">EDITAL 06.2026 M\u00c9DICO(A) PLANTONISTA<\/a>&#8211;<span style=\"color: #ff0000;\">RETIFICADO<\/span><\/p>\n<p><a href=\"https:\/\/www.cresm-go.org.br\/portal-da-transparencia\/wp-content\/uploads\/2026\/02\/RQ-675-CRONOGRAMA-1.pdf\">RQ-675 CRONOGRAMA<\/a><\/p>\n<p><a href=\"https:\/\/www.cresm-go.org.br\/portal-da-transparencia\/wp-content\/uploads\/2026\/03\/RQ-693-Triagem-Curricular.pdf\">RQ 693 TRIAGEM CURRICULAR<\/a><\/p>\n<p><a href=\"https:\/\/www.cresm-go.org.br\/portal-da-transparencia\/wp-content\/uploads\/2026\/03\/RQ-682-SELECIONADOS-PARA-PROVA-E-ENTREVISTA.pdf\">RQ-682 SELECIONADOS PARA PROVA E ENTREVISTA<\/a><\/p>\n<p><a href=\"https:\/\/www.cresm-go.org.br\/portal-da-transparencia\/wp-content\/uploads\/2026\/03\/RQ-679-RESULTADO-PRELIMINAR.pdf\">RQ-679 RESULTADO PRELIMINAR<\/a><\/p>\n<p><a href=\"https:\/\/www.cresm-go.org.br\/portal-da-transparencia\/wp-content\/uploads\/2026\/03\/RQ-678-FORMULARIO-PARA-RECURSO-1.pdf\">RQ-678 FORMUL\u00c1RIO PARA RECURSO<\/a><\/p>\n<p><a href=\"https:\/\/www.cresm-go.org.br\/portal-da-transparencia\/wp-content\/uploads\/2026\/03\/RQ-680-RESULTADO-FINAL-1.pdf\">RQ-680 RESULTADO FINAL<\/a><\/p>\n<p><a href=\"https:\/\/www.cresm-go.org.br\/portal-da-transparencia\/wp-content\/uploads\/2026\/03\/Comunicado.pdf\">COMUNICADO<\/a><\/p>\n<p><a href=\"https:\/\/www.cresm-go.org.br\/portal-da-transparencia\/wp-content\/uploads\/2026\/05\/RQ-683-VALIDADE-DO-PROCESSO-SELETIVO.pdf\">RQ 683 VALIDADE DO PROCESSO SELETIVO<\/a><\/p>\n<p><a href=\"https:\/\/www.cresm-go.org.br\/portal-da-transparencia\/wp-content\/uploads\/2026\/05\/RQ-674-CONVOCACAO.pdf\">RQ 674 CONVOCA\u00c7\u00c3O<\/a><\/p>\n<p>&nbsp;<\/p>\n","protected":false},"excerpt":{"rendered":"<p>PROCESSO SELETIVO EDITAL N.\u00ba 06.2026 M\u00c9DICO(A) PLANTONISTA PJ CARGOS: M\u00c9DICO(A) PLANTONISTA EDITAL 06.2026 M\u00c9DICO(A) PLANTONISTA&#8211;RETIFICADO RQ-675 CRONOGRAMA RQ 693 TRIAGEM CURRICULAR RQ-682 SELECIONADOS PARA PROVA E ENTREVISTA RQ-679 RESULTADO PRELIMINAR RQ-678 FORMUL\u00c1RIO PARA RECURSO RQ-680 RESULTADO FINAL COMUNICADO RQ 683 VALIDADE DO PROCESSO SELETIVO RQ 674 CONVOCA\u00c7\u00c3O &nbsp;<\/p>\n","protected":false},"author":14,"featured_media":0,"parent":0,"menu_order":0,"comment_status":"closed","ping_status":"closed","template":"","meta":{"_acf_changed":false,"footnotes":""},"class_list":["post-5414","page","type-page","status-publish","hentry"],"acf":[],"_links":{"self":[{"href":"https:\/\/www.cresm-go.org.br\/portal-da-transparencia\/wp-json\/wp\/v2\/pages\/5414","targetHints":{"allow":["GET"]}}],"collection":[{"href":"https:\/\/www.cresm-go.org.br\/portal-da-transparencia\/wp-json\/wp\/v2\/pages"}],"about":[{"href":"https:\/\/www.cresm-go.org.br\/portal-da-transparencia\/wp-json\/wp\/v2\/types\/page"}],"author":[{"embeddable":true,"href":"https:\/\/www.cresm-go.org.br\/portal-da-transparencia\/wp-json\/wp\/v2\/users\/14"}],"replies":[{"embeddable":true,"href":"https:\/\/www.cresm-go.org.br\/portal-da-transparencia\/wp-json\/wp\/v2\/comments?post=5414"}],"version-history":[{"count":16,"href":"https:\/\/www.cresm-go.org.br\/portal-da-transparencia\/wp-json\/wp\/v2\/pages\/5414\/revisions"}],"predecessor-version":[{"id":5822,"href":"https:\/\/www.cresm-go.org.br\/portal-da-transparencia\/wp-json\/wp\/v2\/pages\/5414\/revisions\/5822"}],"wp:attachment":[{"href":"https:\/\/www.cresm-go.org.br\/portal-da-transparencia\/wp-json\/wp\/v2\/media?parent=5414"}],"curies":[{"name":"wp","href":"https:\/\/api.w.org\/{rel}","templated":true}]}}