{"id":5357,"date":"2026-02-09T14:03:05","date_gmt":"2026-02-09T17:03:05","guid":{"rendered":"https:\/\/www.cresm-go.org.br\/portal-da-transparencia\/?page_id=5357"},"modified":"2026-03-12T16:59:13","modified_gmt":"2026-03-12T19:59:13","slug":"processo-seletivo-edital-n-o-05-2026-psicologo-hospitalar","status":"publish","type":"page","link":"https:\/\/www.cresm-go.org.br\/portal-da-transparencia\/processo-seletivo-edital-n-o-05-2026-psicologo-hospitalar\/","title":{"rendered":"PROCESSO SELETIVO EDITAL N.\u00ba05.2026 PSIC\u00d3LOGO(A) HOSPITALAR"},"content":{"rendered":"<p>PROCESSO SELETIVO EDITAL N.\u00ba 05.2026 PSIC\u00d3LOGO(A) HOSPITALAR<\/p>\n<p>CARGOS:<\/p>\n<ul>\n<li>PSIC\u00d3LOGO(A) HOSPITALAR<\/li>\n<\/ul>\n<p><a href=\"https:\/\/www.cresm-go.org.br\/portal-da-transparencia\/wp-content\/uploads\/2026\/02\/Edital-05.2026-PSICOLOGO-HOPSITALAR.pdf\">Edital 05.2026 PSIC\u00d3LOGO HOSPITALAR<\/a><\/p>\n<p><a href=\"https:\/\/www.cresm-go.org.br\/portal-da-transparencia\/wp-content\/uploads\/2026\/02\/RQ-675-CRONOGRAMA.pdf\">RQ-675 CRONOGRAMA<\/a><\/p>\n<p><a href=\"https:\/\/www.cresm-go.org.br\/portal-da-transparencia\/wp-content\/uploads\/2026\/02\/COMUNICADO.pdf\">COMUNICADO<\/a><\/p>\n<p>RQ-693 TRIAGEM CURRICULAR<\/p>\n<p>RQ-682 SELECIONADOS PARA PROVA E ENTREVISTA<\/p>\n<p>RQ- 679 RESULTADO PRELIMINAR<\/p>\n<p>RH-678 FORMUL\u00c1RIO PARA RECURSO<\/p>\n<p>RQ-680 RESULTADO FINAL<\/p>\n<p>RQ-683 VALIDADE DO PRECESSO SELETIVO<\/p>\n<p>RQ- 674 CONVOCA\u00c7\u00c3O<\/p>\n","protected":false},"excerpt":{"rendered":"<p>PROCESSO SELETIVO EDITAL N.\u00ba 05.2026 PSIC\u00d3LOGO(A) HOSPITALAR CARGOS: PSIC\u00d3LOGO(A) HOSPITALAR Edital 05.2026 PSIC\u00d3LOGO HOSPITALAR RQ-675 CRONOGRAMA COMUNICADO RQ-693 TRIAGEM CURRICULAR RQ-682 SELECIONADOS PARA PROVA E ENTREVISTA RQ- 679 RESULTADO PRELIMINAR RH-678 FORMUL\u00c1RIO PARA RECURSO RQ-680 RESULTADO FINAL RQ-683 VALIDADE DO PRECESSO SELETIVO RQ- 674 CONVOCA\u00c7\u00c3O<\/p>\n","protected":false},"author":14,"featured_media":0,"parent":0,"menu_order":0,"comment_status":"closed","ping_status":"closed","template":"","meta":{"_acf_changed":false,"footnotes":""},"class_list":["post-5357","page","type-page","status-publish","hentry"],"acf":[],"_links":{"self":[{"href":"https:\/\/www.cresm-go.org.br\/portal-da-transparencia\/wp-json\/wp\/v2\/pages\/5357","targetHints":{"allow":["GET"]}}],"collection":[{"href":"https:\/\/www.cresm-go.org.br\/portal-da-transparencia\/wp-json\/wp\/v2\/pages"}],"about":[{"href":"https:\/\/www.cresm-go.org.br\/portal-da-transparencia\/wp-json\/wp\/v2\/types\/page"}],"author":[{"embeddable":true,"href":"https:\/\/www.cresm-go.org.br\/portal-da-transparencia\/wp-json\/wp\/v2\/users\/14"}],"replies":[{"embeddable":true,"href":"https:\/\/www.cresm-go.org.br\/portal-da-transparencia\/wp-json\/wp\/v2\/comments?post=5357"}],"version-history":[{"count":7,"href":"https:\/\/www.cresm-go.org.br\/portal-da-transparencia\/wp-json\/wp\/v2\/pages\/5357\/revisions"}],"predecessor-version":[{"id":5521,"href":"https:\/\/www.cresm-go.org.br\/portal-da-transparencia\/wp-json\/wp\/v2\/pages\/5357\/revisions\/5521"}],"wp:attachment":[{"href":"https:\/\/www.cresm-go.org.br\/portal-da-transparencia\/wp-json\/wp\/v2\/media?parent=5357"}],"curies":[{"name":"wp","href":"https:\/\/api.w.org\/{rel}","templated":true}]}}