{"id":5327,"date":"2026-01-30T10:59:39","date_gmt":"2026-01-30T13:59:39","guid":{"rendered":"https:\/\/www.cresm-go.org.br\/portal-da-transparencia\/?page_id=5327"},"modified":"2026-03-13T17:02:45","modified_gmt":"2026-03-13T20:02:45","slug":"processo-seletivo-edital-n-o-04-2026-assistente-administrativo-i-patrimonio","status":"publish","type":"page","link":"https:\/\/www.cresm-go.org.br\/portal-da-transparencia\/processo-seletivo-edital-n-o-04-2026-assistente-administrativo-i-patrimonio\/","title":{"rendered":"PROCESSO SELETIVO EDITAL N.\u00ba 04.2026\u00a0 ASSISTENTE ADMINISTRATIVO I &#8211; PATRIM\u00d4NIO\u00a0"},"content":{"rendered":"<p>PROCESSO SELETIVO EDITAL N.\u00ba 04.2026\u00a0 ASSISTENTE ADMINISTRATIVO I &#8211; PATRIM\u00d4NIO<\/p>\n<p>CARGOS:<\/p>\n<ul>\n<li>ASSISTENTE ADMINISTRATIVO I &#8211; PATRIM\u00d4NIO<\/li>\n<\/ul>\n<p><a href=\"https:\/\/www.cresm-go.org.br\/portal-da-transparencia\/wp-content\/uploads\/2026\/01\/EDITAL-04.2026-ASSISTENTE-ADM-I-PATRIMONIO.pdf\">EDITAL 04.2026 ASSISTENTE ADM I &#8211; PATRIM\u00d4NIO<\/a><\/p>\n<p><a href=\"https:\/\/www.cresm-go.org.br\/portal-da-transparencia\/wp-content\/uploads\/2026\/01\/RQ-675-CRONOGRAMA-4.pdf\">RQ- 675 CRONOGRAMA<\/a><\/p>\n<p><a href=\"https:\/\/www.cresm-go.org.br\/portal-da-transparencia\/wp-content\/uploads\/2026\/02\/RQ-693-TRIAGEM-CURRICULAR.pdf\">RQ-693 TRIAGEM CURRICULAR<\/a><\/p>\n<p><a href=\"https:\/\/www.cresm-go.org.br\/portal-da-transparencia\/wp-content\/uploads\/2026\/02\/RQ-682-SELECIONADOS-PARA-ENTREVISTA-E-PROVA-1.pdf\">RQ-682 SELECIONADOS PARA ENTREVISTA E PROVA<\/a><\/p>\n<p><a href=\"https:\/\/www.cresm-go.org.br\/portal-da-transparencia\/wp-content\/uploads\/2026\/02\/RQ-679-RESULTADO-PRELIMINAR-1.pdf\">RQ-679 RESULTADO PRELIMINAR<\/a><\/p>\n<p><a href=\"https:\/\/www.cresm-go.org.br\/portal-da-transparencia\/wp-content\/uploads\/2026\/02\/RQ-678-FORMULARIO-PARA-RECURSO.pdf\">RQ-678 FORMUL\u00c1RIO PARA RECURSO<\/a><\/p>\n<p><a href=\"https:\/\/www.cresm-go.org.br\/portal-da-transparencia\/wp-content\/uploads\/2026\/03\/RQ-680-RESULTADO-FINAL.pdf\">RQ-680 RESULTADO FINAL<\/a><\/p>\n<p><a href=\"https:\/\/www.cresm-go.org.br\/portal-da-transparencia\/wp-content\/uploads\/2026\/03\/RQ-683-VALIDADE-DO-PRECESSO-SELETIVO.pdf\">RQ-683 VALIDADE DO PRECESSO SELETIVO<\/a><\/p>\n<p><a href=\"https:\/\/www.cresm-go.org.br\/portal-da-transparencia\/wp-content\/uploads\/2026\/03\/RQ-674-CONVOCACAO-5.pdf\">RQ-674 CONVOCA\u00c7\u00c3O<\/a><\/p>\n","protected":false},"excerpt":{"rendered":"<p>PROCESSO SELETIVO EDITAL N.\u00ba 04.2026\u00a0 ASSISTENTE ADMINISTRATIVO I &#8211; PATRIM\u00d4NIO CARGOS: ASSISTENTE ADMINISTRATIVO I &#8211; PATRIM\u00d4NIO EDITAL 04.2026 ASSISTENTE ADM I &#8211; PATRIM\u00d4NIO RQ- 675 CRONOGRAMA RQ-693 TRIAGEM CURRICULAR RQ-682 SELECIONADOS PARA ENTREVISTA E PROVA RQ-679 RESULTADO PRELIMINAR RQ-678 FORMUL\u00c1RIO PARA RECURSO RQ-680 RESULTADO FINAL RQ-683 VALIDADE DO PRECESSO SELETIVO RQ-674 CONVOCA\u00c7\u00c3O<\/p>\n","protected":false},"author":14,"featured_media":0,"parent":0,"menu_order":0,"comment_status":"closed","ping_status":"closed","template":"","meta":{"_acf_changed":false,"footnotes":""},"class_list":["post-5327","page","type-page","status-publish","hentry"],"acf":[],"_links":{"self":[{"href":"https:\/\/www.cresm-go.org.br\/portal-da-transparencia\/wp-json\/wp\/v2\/pages\/5327","targetHints":{"allow":["GET"]}}],"collection":[{"href":"https:\/\/www.cresm-go.org.br\/portal-da-transparencia\/wp-json\/wp\/v2\/pages"}],"about":[{"href":"https:\/\/www.cresm-go.org.br\/portal-da-transparencia\/wp-json\/wp\/v2\/types\/page"}],"author":[{"embeddable":true,"href":"https:\/\/www.cresm-go.org.br\/portal-da-transparencia\/wp-json\/wp\/v2\/users\/14"}],"replies":[{"embeddable":true,"href":"https:\/\/www.cresm-go.org.br\/portal-da-transparencia\/wp-json\/wp\/v2\/comments?post=5327"}],"version-history":[{"count":11,"href":"https:\/\/www.cresm-go.org.br\/portal-da-transparencia\/wp-json\/wp\/v2\/pages\/5327\/revisions"}],"predecessor-version":[{"id":5534,"href":"https:\/\/www.cresm-go.org.br\/portal-da-transparencia\/wp-json\/wp\/v2\/pages\/5327\/revisions\/5534"}],"wp:attachment":[{"href":"https:\/\/www.cresm-go.org.br\/portal-da-transparencia\/wp-json\/wp\/v2\/media?parent=5327"}],"curies":[{"name":"wp","href":"https:\/\/api.w.org\/{rel}","templated":true}]}}