{"id":4942,"date":"2026-01-06T18:05:48","date_gmt":"2026-01-06T21:05:48","guid":{"rendered":"https:\/\/www.cresm-go.org.br\/portal-da-transparencia\/?page_id=4942"},"modified":"2026-03-12T16:57:09","modified_gmt":"2026-03-12T19:57:09","slug":"processo-seletivo-edital-n-o-02-2026-psicologo-da-infancia-e-adolescencia-pj","status":"publish","type":"page","link":"https:\/\/www.cresm-go.org.br\/portal-da-transparencia\/processo-seletivo-edital-n-o-02-2026-psicologo-da-infancia-e-adolescencia-pj\/","title":{"rendered":"PROCESSO SELETIVO EDITAL N.\u00ba 02.2026 PSIC\u00d3LOGO DA INF\u00c2NCIA E ADOLESC\u00caNCIA PJ\u00a0"},"content":{"rendered":"<p>PROCESSO SELETIVO EDITAL N.\u00ba 02.2026 PSIC\u00d3LOGO DA INF\u00c2NCIA E ADOLESC\u00caNCIA PJ<\/p>\n<p>CARGOS:<\/p>\n<ul>\n<li>PSIC\u00d3LOGO DA INF\u00c2NCIA E ADOLESC\u00caNCIA PJ<\/li>\n<\/ul>\n<p><a href=\"https:\/\/www.cresm-go.org.br\/portal-da-transparencia\/wp-content\/uploads\/2026\/01\/EDITAL-02.2026-PSICOLOGO-DA-INFANCIA-E-ADOLESCENCIA.pdf\">EDITAL 02.2026 PSIC\u00d3LOGO DA INF\u00c2NCIA E ADOLESC\u00caNCIA PJ\u00a0<\/a><\/p>\n<p><a href=\"https:\/\/www.cresm-go.org.br\/portal-da-transparencia\/wp-content\/uploads\/2026\/01\/RQ-675-Cronograma_Versao-01_retificado.pdf\">RQ 675 CRONOGRAMA <span style=\"color: #ff0000;\">RETIFICADO<\/span><\/a><\/p>\n<p><a href=\"https:\/\/www.cresm-go.org.br\/portal-da-transparencia\/wp-content\/uploads\/2026\/01\/RQ-693-TRIAGEM-CURRICULAR-6.pdf\">RQ-693 TRIAGEM CURRICULAR<\/a><\/p>\n<p><a href=\"https:\/\/www.cresm-go.org.br\/portal-da-transparencia\/wp-content\/uploads\/2026\/01\/RQ-682-SELECIONADOS-PARA-PROVA-E-ENTREVISTA-8.pdf\">RQ-682 SELECIONADOS PARA PROVA E ENTREVISTA<\/a><\/p>\n<p><a href=\"https:\/\/www.cresm-go.org.br\/portal-da-transparencia\/wp-content\/uploads\/2026\/01\/RQ-679-Resultado-Preliminar_Versao-01.pdf\">RQ 679 RESULTADO PRELIMINAR<\/a><\/p>\n<p><a href=\"https:\/\/www.cresm-go.org.br\/portal-da-transparencia\/wp-content\/uploads\/2026\/01\/RQ-678-Recurso_Versao-01-1.pdf\">RQ 678 FORMUL\u00c1RIO PARA RECURSO<\/a><\/p>\n<p><a href=\"https:\/\/www.cresm-go.org.br\/portal-da-transparencia\/wp-content\/uploads\/2026\/02\/RQ-680-RESULTADO-FINAL.pdf\">RQ- 680 RESULTADO FINAL<\/a><\/p>\n<p><a href=\"https:\/\/www.cresm-go.org.br\/portal-da-transparencia\/wp-content\/uploads\/2026\/02\/RQ-683-VALIDADE-DO-PROCESSO-SELETIVO.pdf\">RQ- 683 VALIDADE DO PROCESSO SELETIVO<\/a><\/p>\n<p><a href=\"https:\/\/www.cresm-go.org.br\/portal-da-transparencia\/wp-content\/uploads\/2026\/03\/RQ-674-CONVOCACAO-2.pdf\">RQ- 674 CONVOCA\u00c7\u00c3O<\/a><\/p>\n","protected":false},"excerpt":{"rendered":"<p>PROCESSO SELETIVO EDITAL N.\u00ba 02.2026 PSIC\u00d3LOGO DA INF\u00c2NCIA E ADOLESC\u00caNCIA PJ CARGOS: PSIC\u00d3LOGO DA INF\u00c2NCIA E ADOLESC\u00caNCIA PJ EDITAL 02.2026 PSIC\u00d3LOGO DA INF\u00c2NCIA E ADOLESC\u00caNCIA PJ\u00a0 RQ 675 CRONOGRAMA RETIFICADO RQ-693 TRIAGEM CURRICULAR RQ-682 SELECIONADOS PARA PROVA E ENTREVISTA RQ 679 RESULTADO PRELIMINAR RQ 678 FORMUL\u00c1RIO PARA RECURSO RQ- 680 RESULTADO FINAL RQ- 683 VALIDADE [&hellip;]<\/p>\n","protected":false},"author":14,"featured_media":0,"parent":0,"menu_order":0,"comment_status":"closed","ping_status":"closed","template":"","meta":{"_acf_changed":false,"footnotes":""},"class_list":["post-4942","page","type-page","status-publish","hentry"],"acf":[],"_links":{"self":[{"href":"https:\/\/www.cresm-go.org.br\/portal-da-transparencia\/wp-json\/wp\/v2\/pages\/4942","targetHints":{"allow":["GET"]}}],"collection":[{"href":"https:\/\/www.cresm-go.org.br\/portal-da-transparencia\/wp-json\/wp\/v2\/pages"}],"about":[{"href":"https:\/\/www.cresm-go.org.br\/portal-da-transparencia\/wp-json\/wp\/v2\/types\/page"}],"author":[{"embeddable":true,"href":"https:\/\/www.cresm-go.org.br\/portal-da-transparencia\/wp-json\/wp\/v2\/users\/14"}],"replies":[{"embeddable":true,"href":"https:\/\/www.cresm-go.org.br\/portal-da-transparencia\/wp-json\/wp\/v2\/comments?post=4942"}],"version-history":[{"count":16,"href":"https:\/\/www.cresm-go.org.br\/portal-da-transparencia\/wp-json\/wp\/v2\/pages\/4942\/revisions"}],"predecessor-version":[{"id":5520,"href":"https:\/\/www.cresm-go.org.br\/portal-da-transparencia\/wp-json\/wp\/v2\/pages\/4942\/revisions\/5520"}],"wp:attachment":[{"href":"https:\/\/www.cresm-go.org.br\/portal-da-transparencia\/wp-json\/wp\/v2\/media?parent=4942"}],"curies":[{"name":"wp","href":"https:\/\/api.w.org\/{rel}","templated":true}]}}