{"id":4935,"date":"2026-01-06T16:49:02","date_gmt":"2026-01-06T19:49:02","guid":{"rendered":"https:\/\/www.cresm-go.org.br\/portal-da-transparencia\/?page_id=4935"},"modified":"2026-03-26T15:52:26","modified_gmt":"2026-03-26T18:52:26","slug":"processo-seletivo-edital-n-o-01-2026-assistente-administrativo-i","status":"publish","type":"page","link":"https:\/\/www.cresm-go.org.br\/portal-da-transparencia\/processo-seletivo-edital-n-o-01-2026-assistente-administrativo-i\/","title":{"rendered":"PROCESSO SELETIVO EDITAL N.\u00ba 01.2026\u00a0 ASSISTENTE ADMINISTRATIVO I"},"content":{"rendered":"<p>PROCESSO SELETIVO EDITAL N.\u00ba 01.2026\u00a0 ASSISTENTE ADMINISTRATIVO I<\/p>\n<p>CARGOS:<\/p>\n<ul>\n<li>ASSISTENTE ADMINISTRATIVO I<\/li>\n<\/ul>\n<p><a href=\"https:\/\/www.cresm-go.org.br\/portal-da-transparencia\/wp-content\/uploads\/2026\/01\/EDITAL-01.2026-ASSISTENTE-ADMINISTRATIVO-I.pdf\">EDITAL 01.2026 ASSISTENTE ADMINISTRATIVO I<\/a><\/p>\n<p><a href=\"https:\/\/www.cresm-go.org.br\/portal-da-transparencia\/wp-content\/uploads\/2026\/01\/RQ-675-CRONOGRAMA-1.pdf2_-1.pdf\">RQ-675 CRONOGRAMA<\/a><\/p>\n<p><a href=\"https:\/\/www.cresm-go.org.br\/portal-da-transparencia\/wp-content\/uploads\/2026\/01\/RQ-693-TRIAGEM-CURRICULAR2pdf-1.pdf\">RQ-693 TRIAGEM CURRICULAR<\/a><\/p>\n<p><a href=\"https:\/\/www.cresm-go.org.br\/portal-da-transparencia\/wp-content\/uploads\/2026\/01\/RQ-682-SELECIONADOS-PARA-PROVA-E-ENTREVISTA-3.pdf\">RQ-682 SELECIONADOS PARA PROVA E ENTREVISTA<\/a><\/p>\n<p><a href=\"https:\/\/www.cresm-go.org.br\/portal-da-transparencia\/wp-content\/uploads\/2026\/01\/RQ-679-RESULTADO-PRELIMINAR-1.pdf\">RQ-679 RESULTADO PRELIMINAR<\/a><\/p>\n<p><a href=\"https:\/\/www.cresm-go.org.br\/portal-da-transparencia\/wp-content\/uploads\/2026\/01\/RQ-678-FORMULARIO-PARA-RECURSO.pdf\">RQ-678 FORMUL\u00c1RIO PARA RECURSO<\/a><\/p>\n<p><a href=\"https:\/\/www.cresm-go.org.br\/portal-da-transparencia\/wp-content\/uploads\/2026\/02\/RQ-680-RESULTADO-FINAL-2.pdf\">RQ -680 RESULTADO FINAL<\/a><\/p>\n<p><a href=\"https:\/\/www.cresm-go.org.br\/portal-da-transparencia\/wp-content\/uploads\/2026\/01\/RQ-683-VALIDADAE-DO-PROCESSO-SELETIVO.pdf\">RQ-683 VALIDADAE DO PROCESSO SELETIVO<\/a><\/p>\n<p><a href=\"https:\/\/www.cresm-go.org.br\/portal-da-transparencia\/wp-content\/uploads\/2026\/01\/RQ-674-CONVOCACAO-3.pdf\">RQ- 674 CONVOCA\u00c7\u00c3O<\/a><\/p>\n<p><a href=\"https:\/\/www.cresm-go.org.br\/portal-da-transparencia\/wp-content\/uploads\/2026\/03\/RQ-674-CONVOCACAO-2-1.pdf\">RQ 674 CONVOCA\u00c7\u00c3O 2<\/a><\/p>\n<p><a href=\"https:\/\/www.cresm-go.org.br\/portal-da-transparencia\/wp-content\/uploads\/2026\/03\/RQ-674-CONVOCACAO-3-2.pdf\">RQ 674 CONVOCA\u00c7\u00c3O 3<\/a><\/p>\n<p>&nbsp;<\/p>\n","protected":false},"excerpt":{"rendered":"<p>PROCESSO SELETIVO EDITAL N.\u00ba 01.2026\u00a0 ASSISTENTE ADMINISTRATIVO I CARGOS: ASSISTENTE ADMINISTRATIVO I EDITAL 01.2026 ASSISTENTE ADMINISTRATIVO I RQ-675 CRONOGRAMA RQ-693 TRIAGEM CURRICULAR RQ-682 SELECIONADOS PARA PROVA E ENTREVISTA RQ-679 RESULTADO PRELIMINAR RQ-678 FORMUL\u00c1RIO PARA RECURSO RQ -680 RESULTADO FINAL RQ-683 VALIDADAE DO PROCESSO SELETIVO RQ- 674 CONVOCA\u00c7\u00c3O RQ 674 CONVOCA\u00c7\u00c3O 2 RQ 674 CONVOCA\u00c7\u00c3O 3 [&hellip;]<\/p>\n","protected":false},"author":14,"featured_media":0,"parent":0,"menu_order":0,"comment_status":"closed","ping_status":"closed","template":"","meta":{"_acf_changed":false,"footnotes":""},"class_list":["post-4935","page","type-page","status-publish","hentry"],"acf":[],"_links":{"self":[{"href":"https:\/\/www.cresm-go.org.br\/portal-da-transparencia\/wp-json\/wp\/v2\/pages\/4935","targetHints":{"allow":["GET"]}}],"collection":[{"href":"https:\/\/www.cresm-go.org.br\/portal-da-transparencia\/wp-json\/wp\/v2\/pages"}],"about":[{"href":"https:\/\/www.cresm-go.org.br\/portal-da-transparencia\/wp-json\/wp\/v2\/types\/page"}],"author":[{"embeddable":true,"href":"https:\/\/www.cresm-go.org.br\/portal-da-transparencia\/wp-json\/wp\/v2\/users\/14"}],"replies":[{"embeddable":true,"href":"https:\/\/www.cresm-go.org.br\/portal-da-transparencia\/wp-json\/wp\/v2\/comments?post=4935"}],"version-history":[{"count":17,"href":"https:\/\/www.cresm-go.org.br\/portal-da-transparencia\/wp-json\/wp\/v2\/pages\/4935\/revisions"}],"predecessor-version":[{"id":5625,"href":"https:\/\/www.cresm-go.org.br\/portal-da-transparencia\/wp-json\/wp\/v2\/pages\/4935\/revisions\/5625"}],"wp:attachment":[{"href":"https:\/\/www.cresm-go.org.br\/portal-da-transparencia\/wp-json\/wp\/v2\/media?parent=4935"}],"curies":[{"name":"wp","href":"https:\/\/api.w.org\/{rel}","templated":true}]}}