{"id":4760,"date":"2025-12-04T13:51:10","date_gmt":"2025-12-04T16:51:10","guid":{"rendered":"https:\/\/www.cresm-go.org.br\/portal-da-transparencia\/?page_id=4760"},"modified":"2026-01-28T13:39:29","modified_gmt":"2026-01-28T16:39:29","slug":"processo-seletivo-edital-n-o-37-2025-motorista","status":"publish","type":"page","link":"https:\/\/www.cresm-go.org.br\/portal-da-transparencia\/processo-seletivo-edital-n-o-37-2025-motorista\/","title":{"rendered":"PROCESSO SELETIVO EDITAL N.\u00ba 37.2025 MOTORISTA"},"content":{"rendered":"<p>PROCESSO SELETIVO EDITAL N.\u00ba 37.2025 MOTORISTA<\/p>\n<p>CARGOS:<\/p>\n<ul>\n<li>MOTORISTA<\/li>\n<\/ul>\n<p><a href=\"https:\/\/www.cresm-go.org.br\/portal-da-transparencia\/wp-content\/uploads\/2025\/12\/EDITAL-38.2025-MOTORISTA-2.pdf\">EDITAL 37.2025 MOTORISTA<\/a><\/p>\n<p><a href=\"https:\/\/www.cresm-go.org.br\/portal-da-transparencia\/wp-content\/uploads\/2026\/01\/RQ-675-CRONOGRAMA-RETIFICADO.pdf\">RQ-675 CRONOGRAMA-<span style=\"color: #ff0000;\"> RETIFICADO<\/span><\/a><\/p>\n<p><a href=\"https:\/\/www.cresm-go.org.br\/portal-da-transparencia\/wp-content\/uploads\/2025\/12\/RQ-693-TRIAGEM-CURRICULAR-5.pdf\">RQ- 693 TRIAGEM CURRICULAR<\/a><\/p>\n<p><a href=\"https:\/\/www.cresm-go.org.br\/portal-da-transparencia\/wp-content\/uploads\/2026\/01\/RQ-682-SELECIONADOS-PARA-PROVA-ENTREVISTA.pdf\">RQ- 682 SELECIONADOS PARA PROVA ENTREVISTA<\/a><\/p>\n<p><a href=\"https:\/\/www.cresm-go.org.br\/portal-da-transparencia\/wp-content\/uploads\/2026\/01\/RQ-679-RESULTADO-PRELIMINAR.pdf\">RQ- 679 RESULTADO PRELIMINAR<\/a><\/p>\n<p><a href=\"https:\/\/www.cresm-go.org.br\/portal-da-transparencia\/wp-content\/uploads\/2026\/01\/RQ-FORMULARIO-PARA-RECURSO.pdf\">RQ- 678 FORMUL\u00c1RIO PARA RECURSO<\/a><\/p>\n<p><a href=\"https:\/\/www.cresm-go.org.br\/portal-da-transparencia\/wp-content\/uploads\/2026\/01\/RQ-680-RESULTADO-FINAL.pdf\">RQ-680 RESULTADO FINAL<\/a><\/p>\n<p><a href=\"https:\/\/www.cresm-go.org.br\/portal-da-transparencia\/wp-content\/uploads\/2026\/01\/RQ-683-VALIDADE-DO-PROCESSO-SELETIVO.pdf\">RQ-683 VALIDADE DO PROCESSO SELETIVO<\/a><\/p>\n<p><a href=\"https:\/\/www.cresm-go.org.br\/portal-da-transparencia\/wp-content\/uploads\/2026\/01\/RQ-674-CONVOCACAO-4.pdf\">RQ &#8211; 674 CONVOCA\u00c7\u00c3O<\/a><\/p>\n","protected":false},"excerpt":{"rendered":"<p>PROCESSO SELETIVO EDITAL N.\u00ba 37.2025 MOTORISTA CARGOS: MOTORISTA EDITAL 37.2025 MOTORISTA RQ-675 CRONOGRAMA- RETIFICADO RQ- 693 TRIAGEM CURRICULAR RQ- 682 SELECIONADOS PARA PROVA ENTREVISTA RQ- 679 RESULTADO PRELIMINAR RQ- 678 FORMUL\u00c1RIO PARA RECURSO RQ-680 RESULTADO FINAL RQ-683 VALIDADE DO PROCESSO SELETIVO RQ &#8211; 674 CONVOCA\u00c7\u00c3O<\/p>\n","protected":false},"author":14,"featured_media":0,"parent":0,"menu_order":0,"comment_status":"closed","ping_status":"closed","template":"","meta":{"_acf_changed":false,"footnotes":""},"class_list":["post-4760","page","type-page","status-publish","hentry"],"acf":[],"_links":{"self":[{"href":"https:\/\/www.cresm-go.org.br\/portal-da-transparencia\/wp-json\/wp\/v2\/pages\/4760","targetHints":{"allow":["GET"]}}],"collection":[{"href":"https:\/\/www.cresm-go.org.br\/portal-da-transparencia\/wp-json\/wp\/v2\/pages"}],"about":[{"href":"https:\/\/www.cresm-go.org.br\/portal-da-transparencia\/wp-json\/wp\/v2\/types\/page"}],"author":[{"embeddable":true,"href":"https:\/\/www.cresm-go.org.br\/portal-da-transparencia\/wp-json\/wp\/v2\/users\/14"}],"replies":[{"embeddable":true,"href":"https:\/\/www.cresm-go.org.br\/portal-da-transparencia\/wp-json\/wp\/v2\/comments?post=4760"}],"version-history":[{"count":14,"href":"https:\/\/www.cresm-go.org.br\/portal-da-transparencia\/wp-json\/wp\/v2\/pages\/4760\/revisions"}],"predecessor-version":[{"id":5277,"href":"https:\/\/www.cresm-go.org.br\/portal-da-transparencia\/wp-json\/wp\/v2\/pages\/4760\/revisions\/5277"}],"wp:attachment":[{"href":"https:\/\/www.cresm-go.org.br\/portal-da-transparencia\/wp-json\/wp\/v2\/media?parent=4760"}],"curies":[{"name":"wp","href":"https:\/\/api.w.org\/{rel}","templated":true}]}}