{"id":4753,"date":"2025-12-04T13:44:22","date_gmt":"2025-12-04T16:44:22","guid":{"rendered":"https:\/\/www.cresm-go.org.br\/portal-da-transparencia\/?page_id=4753"},"modified":"2026-03-12T16:46:51","modified_gmt":"2026-03-12T19:46:51","slug":"processo-seletivo-edital-n-o-37-2025-medico-psiquiatra","status":"publish","type":"page","link":"https:\/\/www.cresm-go.org.br\/portal-da-transparencia\/processo-seletivo-edital-n-o-37-2025-medico-psiquiatra\/","title":{"rendered":"PROCESSO SELETIVO EDITAL N.\u00ba 38.2025 M\u00c9DICO PSIQUIATRA PJ"},"content":{"rendered":"<p>PROCESSO SELETIVO EDITAL N.\u00ba 38.2025 M\u00c9DICO PSIQUIATRA PJ<\/p>\n<p>CARGOS:<\/p>\n<ul>\n<li>M\u00c9DICO PSIQUIATRA PJ<\/li>\n<\/ul>\n<p><a href=\"https:\/\/www.cresm-go.org.br\/portal-da-transparencia\/wp-content\/uploads\/2026\/01\/EDITAL-38.2025-MEDICO-PSIQUIATRA.2pdf.pdf\">EDITAL 38.2025 M\u00c9DICO PSIQUIATRA<\/a><\/p>\n<p><a href=\"https:\/\/www.cresm-go.org.br\/portal-da-transparencia\/wp-content\/uploads\/2026\/01\/RQ-675-CRONOGRAMA.retificadoO-1.pdf\">RQ-675 CRONOGRAMA <span style=\"color: #ff0000;\">RETIFICADO<\/span><\/a><\/p>\n<p><a href=\"https:\/\/www.cresm-go.org.br\/portal-da-transparencia\/wp-content\/uploads\/2026\/01\/RQ-693-TRIAGEM-CURRICULAR-10.pdf\">RQ-693 TRIAGEM CURRICULAR<\/a><\/p>\n<p><a href=\"https:\/\/www.cresm-go.org.br\/portal-da-transparencia\/wp-content\/uploads\/2026\/01\/RQ-682-SELECIONADOS-PARA-PROVA-E-ENTREVISTA-5.pdf\">RQ-682 SELECIONADOS PARA PROVA E ENTREVISTA<\/a><\/p>\n<p><a href=\"https:\/\/www.cresm-go.org.br\/portal-da-transparencia\/wp-content\/uploads\/2026\/01\/RQ-679-Resultado-Preliminar.pdf\">RQ 679 RESULTADO PRELIMINAR<\/a><\/p>\n<p><a href=\"https:\/\/www.cresm-go.org.br\/portal-da-transparencia\/wp-content\/uploads\/2026\/01\/RQ-679-Resultado-Preliminar_Versao-01-RETIFICADO.pdf\">RQ 679 RESULTADO PRELIMINAR RETIFICADO<\/a><\/p>\n<p><a href=\"https:\/\/www.cresm-go.org.br\/portal-da-transparencia\/wp-content\/uploads\/2026\/01\/RQ-678-RECURSO-1.pdf\">RQ 678 FORMUL\u00c1RIO PARA RECURSO<\/a><\/p>\n<p><a href=\"https:\/\/www.cresm-go.org.br\/portal-da-transparencia\/wp-content\/uploads\/2026\/01\/RH-680-RESULTADO-FINAL.pdf\">RH- 680 RESULTADO FINAL<\/a><\/p>\n<p><a href=\"https:\/\/www.cresm-go.org.br\/portal-da-transparencia\/wp-content\/uploads\/2026\/01\/RQ-683-VALIDADE-DO-PROCESSO-SELETIVO-1.pdf\">RQ-683 VALIDADE DO PROCESSO SELETIVO<\/a><\/p>\n<p><a href=\"https:\/\/www.cresm-go.org.br\/portal-da-transparencia\/wp-content\/uploads\/2026\/03\/RQ-674-CONVOCACAO.pdf\">RQ- 674 CONVOCA\u00c7\u00c3O<\/a><\/p>\n","protected":false},"excerpt":{"rendered":"<p>PROCESSO SELETIVO EDITAL N.\u00ba 38.2025 M\u00c9DICO PSIQUIATRA PJ CARGOS: M\u00c9DICO PSIQUIATRA PJ EDITAL 38.2025 M\u00c9DICO PSIQUIATRA RQ-675 CRONOGRAMA RETIFICADO RQ-693 TRIAGEM CURRICULAR RQ-682 SELECIONADOS PARA PROVA E ENTREVISTA RQ 679 RESULTADO PRELIMINAR RQ 679 RESULTADO PRELIMINAR RETIFICADO RQ 678 FORMUL\u00c1RIO PARA RECURSO RH- 680 RESULTADO FINAL RQ-683 VALIDADE DO PROCESSO SELETIVO RQ- 674 CONVOCA\u00c7\u00c3O<\/p>\n","protected":false},"author":14,"featured_media":0,"parent":0,"menu_order":0,"comment_status":"closed","ping_status":"closed","template":"","meta":{"_acf_changed":false,"footnotes":""},"class_list":["post-4753","page","type-page","status-publish","hentry"],"acf":[],"_links":{"self":[{"href":"https:\/\/www.cresm-go.org.br\/portal-da-transparencia\/wp-json\/wp\/v2\/pages\/4753","targetHints":{"allow":["GET"]}}],"collection":[{"href":"https:\/\/www.cresm-go.org.br\/portal-da-transparencia\/wp-json\/wp\/v2\/pages"}],"about":[{"href":"https:\/\/www.cresm-go.org.br\/portal-da-transparencia\/wp-json\/wp\/v2\/types\/page"}],"author":[{"embeddable":true,"href":"https:\/\/www.cresm-go.org.br\/portal-da-transparencia\/wp-json\/wp\/v2\/users\/14"}],"replies":[{"embeddable":true,"href":"https:\/\/www.cresm-go.org.br\/portal-da-transparencia\/wp-json\/wp\/v2\/comments?post=4753"}],"version-history":[{"count":32,"href":"https:\/\/www.cresm-go.org.br\/portal-da-transparencia\/wp-json\/wp\/v2\/pages\/4753\/revisions"}],"predecessor-version":[{"id":5515,"href":"https:\/\/www.cresm-go.org.br\/portal-da-transparencia\/wp-json\/wp\/v2\/pages\/4753\/revisions\/5515"}],"wp:attachment":[{"href":"https:\/\/www.cresm-go.org.br\/portal-da-transparencia\/wp-json\/wp\/v2\/media?parent=4753"}],"curies":[{"name":"wp","href":"https:\/\/api.w.org\/{rel}","templated":true}]}}