{"id":4738,"date":"2025-12-02T14:08:23","date_gmt":"2025-12-02T17:08:23","guid":{"rendered":"https:\/\/www.cresm-go.org.br\/portal-da-transparencia\/?page_id=4738"},"modified":"2026-01-26T16:26:43","modified_gmt":"2026-01-26T19:26:43","slug":"processo-seletivo-edital-n-o-36-2025-assistente-administrativo-i","status":"publish","type":"page","link":"https:\/\/www.cresm-go.org.br\/portal-da-transparencia\/processo-seletivo-edital-n-o-36-2025-assistente-administrativo-i\/","title":{"rendered":"PROCESSO SELETIVO EDITAL N.\u00ba 36.2025 ASSISTENTE ADMINISTRATIVO I &#8211; CANCELADO"},"content":{"rendered":"<p>PROCESSO SELETIVO EDITAL N.\u00ba 36.2025 ASSISTENTE ADMINISTRATIVO I<\/p>\n<p>CARGOS:<\/p>\n<ul>\n<li>ASSISTENTE ADMINISTRATIVO I<\/li>\n<\/ul>\n<p><a href=\"https:\/\/www.cresm-go.org.br\/portal-da-transparencia\/wp-content\/uploads\/2025\/12\/EDITAL-36.2025-ASSISTENTE-ADMINISTRATIVO-I.pdf\">EDITAL 36.2025 ASSISTENTE ADMINISTRATIVO I<\/a><\/p>\n<p><a href=\"https:\/\/www.cresm-go.org.br\/portal-da-transparencia\/wp-content\/uploads\/2025\/12\/RQ-675-CRONOGRAMA.pdf\">RQ-675 CRONOGRAMA<\/a><\/p>\n<p><a href=\"https:\/\/www.cresm-go.org.br\/portal-da-transparencia\/wp-content\/uploads\/2025\/12\/RQ-693-TRIAGEM-CURRICULAR-4.pdf\">RQ-693 TRIAGEM CURRICULAR<\/a><\/p>\n<p><span style=\"color: #ff0000;\"><a style=\"color: #ff0000;\" href=\"https:\/\/www.cresm-go.org.br\/portal-da-transparencia\/wp-content\/uploads\/2025\/12\/COMUNICADO.pdf\">COMUNICADO<\/a><\/span><\/p>\n<p>RQ-682 SELECIONADOS PARA PROVA E ENTREVISTAS<\/p>\n<p>RQ- 679 RESULTADO PRELIMINAR<\/p>\n<p>RQ-678 FORMUL\u00c1RIO PARA RECURSO<\/p>\n<p>RQ-680 RESULTADO FINAL<\/p>\n<p>RQ-683 VALIDADE DO PRECESSO SELETIVO<\/p>\n<p>RQ- 674 CONVOCA\u00c7\u00c3O<\/p>\n","protected":false},"excerpt":{"rendered":"<p>PROCESSO SELETIVO EDITAL N.\u00ba 36.2025 ASSISTENTE ADMINISTRATIVO I CARGOS: ASSISTENTE ADMINISTRATIVO I EDITAL 36.2025 ASSISTENTE ADMINISTRATIVO I RQ-675 CRONOGRAMA RQ-693 TRIAGEM CURRICULAR COMUNICADO RQ-682 SELECIONADOS PARA PROVA E ENTREVISTAS RQ- 679 RESULTADO PRELIMINAR RQ-678 FORMUL\u00c1RIO PARA RECURSO RQ-680 RESULTADO FINAL RQ-683 VALIDADE DO PRECESSO SELETIVO RQ- 674 CONVOCA\u00c7\u00c3O<\/p>\n","protected":false},"author":14,"featured_media":0,"parent":0,"menu_order":0,"comment_status":"closed","ping_status":"closed","template":"","meta":{"_acf_changed":false,"footnotes":""},"class_list":["post-4738","page","type-page","status-publish","hentry"],"acf":[],"_links":{"self":[{"href":"https:\/\/www.cresm-go.org.br\/portal-da-transparencia\/wp-json\/wp\/v2\/pages\/4738","targetHints":{"allow":["GET"]}}],"collection":[{"href":"https:\/\/www.cresm-go.org.br\/portal-da-transparencia\/wp-json\/wp\/v2\/pages"}],"about":[{"href":"https:\/\/www.cresm-go.org.br\/portal-da-transparencia\/wp-json\/wp\/v2\/types\/page"}],"author":[{"embeddable":true,"href":"https:\/\/www.cresm-go.org.br\/portal-da-transparencia\/wp-json\/wp\/v2\/users\/14"}],"replies":[{"embeddable":true,"href":"https:\/\/www.cresm-go.org.br\/portal-da-transparencia\/wp-json\/wp\/v2\/comments?post=4738"}],"version-history":[{"count":6,"href":"https:\/\/www.cresm-go.org.br\/portal-da-transparencia\/wp-json\/wp\/v2\/pages\/4738\/revisions"}],"predecessor-version":[{"id":5274,"href":"https:\/\/www.cresm-go.org.br\/portal-da-transparencia\/wp-json\/wp\/v2\/pages\/4738\/revisions\/5274"}],"wp:attachment":[{"href":"https:\/\/www.cresm-go.org.br\/portal-da-transparencia\/wp-json\/wp\/v2\/media?parent=4738"}],"curies":[{"name":"wp","href":"https:\/\/api.w.org\/{rel}","templated":true}]}}