{"id":4711,"date":"2025-11-27T16:34:03","date_gmt":"2025-11-27T19:34:03","guid":{"rendered":"https:\/\/www.cresm-go.org.br\/portal-da-transparencia\/?page_id=4711"},"modified":"2025-12-15T11:56:51","modified_gmt":"2025-12-15T14:56:51","slug":"processo-seletivo-edital-n-o-35-2025-ouvidor-a-2","status":"publish","type":"page","link":"https:\/\/www.cresm-go.org.br\/portal-da-transparencia\/processo-seletivo-edital-n-o-35-2025-ouvidor-a-2\/","title":{"rendered":"PROCESSO SELETIVO EDITAL N.\u00ba 35.2025 OUVIDOR (A)"},"content":{"rendered":"<p>PROCESSO SELETIVO EDITAL N.\u00ba 35.2025 OUVIDOR (A)<\/p>\n<p>CARGOS:<\/p>\n<ul>\n<li>OUVIDOR (A)<\/li>\n<\/ul>\n<p><a href=\"https:\/\/www.cresm-go.org.br\/portal-da-transparencia\/wp-content\/uploads\/2025\/11\/EDITAL-35.2025-OUVIDOR-A-RETIFICADO.pdf\">EDITAL 35.2025 OUVIDOR (A) &#8211;<span style=\"color: #ff0000;\">RETIFICADO<\/span><\/a><\/p>\n<p><a href=\"https:\/\/www.cresm-go.org.br\/portal-da-transparencia\/wp-content\/uploads\/2025\/11\/RQ-675-CRONOGRAMA-4.pdf\">RQ- 675 CRONOGRAMA<\/a><\/p>\n<p><a href=\"https:\/\/www.cresm-go.org.br\/portal-da-transparencia\/wp-content\/uploads\/2025\/12\/RQ-693-TRIAGEM-CURRICULAR-2.pdf\">RQ- 693 TRIAGEM CURRICULAR<\/a><\/p>\n<p><a href=\"https:\/\/www.cresm-go.org.br\/portal-da-transparencia\/wp-content\/uploads\/2025\/12\/RQ-682-SELECIONADOS-PARA-PROVA-E-ENTREVISTA-3.pdf\">RQ- 682 SELECIONADOS PARA PROVA E ENTREVISTA<\/a><\/p>\n<p><a href=\"https:\/\/www.cresm-go.org.br\/portal-da-transparencia\/wp-content\/uploads\/2025\/12\/RQ-679-RESULTADO-PRELIMINAR-1.pdf\">RQ-679 RESULTADO PRELIMINAR<\/a><\/p>\n<p><a href=\"https:\/\/www.cresm-go.org.br\/portal-da-transparencia\/wp-content\/uploads\/2025\/12\/RQ-678-FORMULARIO-PARA-RECURSO-1.pdf\">RQ-678 FORMUL\u00c1RIO PARA RECURSO<\/a><\/p>\n<p><a href=\"https:\/\/www.cresm-go.org.br\/portal-da-transparencia\/wp-content\/uploads\/2025\/12\/RQ-679-RESULTADO-FINAL.pdf\">RQ- 679 RESULTADO FINAL<\/a><\/p>\n<p><a href=\"https:\/\/www.cresm-go.org.br\/portal-da-transparencia\/wp-content\/uploads\/2025\/12\/RQ-683-VALIDADE-DO-PROCESSO-SELETIVO-1.pdf\">RQ- 683 VALIDADE DO PROCESSO SELETIVO<\/a><\/p>\n<p><a href=\"https:\/\/www.cresm-go.org.br\/portal-da-transparencia\/wp-content\/uploads\/2025\/12\/RQ-674-CONVOCACAO-2.pdf\">RQ-674 CONVOCA\u00c7\u00c3O<\/a><\/p>\n","protected":false},"excerpt":{"rendered":"<p>PROCESSO SELETIVO EDITAL N.\u00ba 35.2025 OUVIDOR (A) CARGOS: OUVIDOR (A) EDITAL 35.2025 OUVIDOR (A) &#8211;RETIFICADO RQ- 675 CRONOGRAMA RQ- 693 TRIAGEM CURRICULAR RQ- 682 SELECIONADOS PARA PROVA E ENTREVISTA RQ-679 RESULTADO PRELIMINAR RQ-678 FORMUL\u00c1RIO PARA RECURSO RQ- 679 RESULTADO FINAL RQ- 683 VALIDADE DO PROCESSO SELETIVO RQ-674 CONVOCA\u00c7\u00c3O<\/p>\n","protected":false},"author":14,"featured_media":0,"parent":0,"menu_order":0,"comment_status":"closed","ping_status":"closed","template":"","meta":{"_acf_changed":false,"footnotes":""},"class_list":["post-4711","page","type-page","status-publish","hentry"],"acf":[],"_links":{"self":[{"href":"https:\/\/www.cresm-go.org.br\/portal-da-transparencia\/wp-json\/wp\/v2\/pages\/4711","targetHints":{"allow":["GET"]}}],"collection":[{"href":"https:\/\/www.cresm-go.org.br\/portal-da-transparencia\/wp-json\/wp\/v2\/pages"}],"about":[{"href":"https:\/\/www.cresm-go.org.br\/portal-da-transparencia\/wp-json\/wp\/v2\/types\/page"}],"author":[{"embeddable":true,"href":"https:\/\/www.cresm-go.org.br\/portal-da-transparencia\/wp-json\/wp\/v2\/users\/14"}],"replies":[{"embeddable":true,"href":"https:\/\/www.cresm-go.org.br\/portal-da-transparencia\/wp-json\/wp\/v2\/comments?post=4711"}],"version-history":[{"count":13,"href":"https:\/\/www.cresm-go.org.br\/portal-da-transparencia\/wp-json\/wp\/v2\/pages\/4711\/revisions"}],"predecessor-version":[{"id":4844,"href":"https:\/\/www.cresm-go.org.br\/portal-da-transparencia\/wp-json\/wp\/v2\/pages\/4711\/revisions\/4844"}],"wp:attachment":[{"href":"https:\/\/www.cresm-go.org.br\/portal-da-transparencia\/wp-json\/wp\/v2\/media?parent=4711"}],"curies":[{"name":"wp","href":"https:\/\/api.w.org\/{rel}","templated":true}]}}