{"id":4626,"date":"2025-11-07T18:36:07","date_gmt":"2025-11-07T21:36:07","guid":{"rendered":"https:\/\/www.cresm-go.org.br\/portal-da-transparencia\/?page_id=4626"},"modified":"2026-03-11T16:23:20","modified_gmt":"2026-03-11T19:23:20","slug":"processo-seletivo-pj-edital-n-o-31-2025-nutricionista-pj","status":"publish","type":"page","link":"https:\/\/www.cresm-go.org.br\/portal-da-transparencia\/processo-seletivo-pj-edital-n-o-31-2025-nutricionista-pj\/","title":{"rendered":"PROCESSO SELETIVO PJ EDITAL N.\u00ba 32.2025 NUTRICIONISTA PJ\u00a0"},"content":{"rendered":"<p>PROCESSO SELETIVO EDITAL N.\u00ba 32.2025 NUTRICIONISTA PJ<\/p>\n<p>CARGOS:<\/p>\n<ul>\n<li>NUTRICIONISTA PJ<\/li>\n<\/ul>\n<p><a href=\"https:\/\/www.cresm-go.org.br\/portal-da-transparencia\/wp-content\/uploads\/2025\/11\/EDITAL-32.2025-NUTRICIONISTA-PJ-1.pdf\">EDITAL 32.2025 NUTRICIONISTA PJ<\/a><\/p>\n<p><a href=\"https:\/\/www.cresm-go.org.br\/portal-da-transparencia\/wp-content\/uploads\/2025\/11\/RQ-675-CRONOGRAMA-2.pdf\">RQ-675 CRONOGRAMA <\/a><\/p>\n<p><a href=\"https:\/\/www.cresm-go.org.br\/portal-da-transparencia\/wp-content\/uploads\/2025\/11\/RQ-693-TRIAGEM-CURRICULAR.pdf\">RQ-693 TRIAGEM CURRICULAR<\/a><\/p>\n<p><a href=\"https:\/\/www.cresm-go.org.br\/portal-da-transparencia\/wp-content\/uploads\/2025\/11\/RQ-682-SELECIONADOS-PARA-PROVAS-E-ENTREVISTAS.pdf\">RQ-682 SELECIONADOS PARA PROVA E ENTREVISTA<\/a><\/p>\n<p><a href=\"https:\/\/www.cresm-go.org.br\/portal-da-transparencia\/wp-content\/uploads\/2025\/11\/RQ-679-RESULTADO-PRELIMINAR-2.pdf\">RQ- 679 RESULTADO PRELIMINAR<\/a><\/p>\n<p><a href=\"https:\/\/www.cresm-go.org.br\/portal-da-transparencia\/wp-content\/uploads\/2025\/11\/RQ-678-FORMULARIO-PARA-RECURSO-3.pdf\">RQ-678 FORMUL\u00c1RIO PARA RECURSO<\/a><\/p>\n<p><a href=\"https:\/\/www.cresm-go.org.br\/portal-da-transparencia\/wp-content\/uploads\/2025\/12\/RQ-680-RESULTADO-FINAL-3.pdf\">RQ-680 RESULTADO FINAL<\/a><\/p>\n<p><a href=\"https:\/\/www.cresm-go.org.br\/portal-da-transparencia\/wp-content\/uploads\/2025\/12\/RQ-683-VALIDADE-DO-PROCESSO-SELETIVO-2.pdf\">RQ- 683 VALIDADE DO PROCESSO SELETIVO<\/a><\/p>\n<p><a href=\"https:\/\/www.cresm-go.org.br\/portal-da-transparencia\/wp-content\/uploads\/2026\/01\/RQ-674-CONVOCACAO.pdf\">RQ- 674 CONVOCA\u00c7\u00c3O 1\u00a0<\/a><\/p>\n<p><a href=\"https:\/\/www.cresm-go.org.br\/portal-da-transparencia\/wp-content\/uploads\/2026\/01\/RQ-674-CONVOCACAO-1.pdf\">RQ-674 CONVOCA\u00c7\u00c3O 2<\/a><\/p>\n<p><a href=\"https:\/\/www.cresm-go.org.br\/portal-da-transparencia\/wp-content\/uploads\/2026\/03\/RQ-674-CONVOCACAO-3-1.pdf\">RQ-674 CONVOCA\u00c7\u00c3O 3<\/a><\/p>\n<p><a href=\"https:\/\/www.cresm-go.org.br\/portal-da-transparencia\/wp-content\/uploads\/2026\/03\/RQ-674-CONVOCACAO-4.pdf\">RQ-674 CONVOCA\u00c7\u00c3O 4<\/a><\/p>\n<p>&nbsp;<\/p>\n<p>&nbsp;<\/p>\n","protected":false},"excerpt":{"rendered":"<p>PROCESSO SELETIVO EDITAL N.\u00ba 32.2025 NUTRICIONISTA PJ CARGOS: NUTRICIONISTA PJ EDITAL 32.2025 NUTRICIONISTA PJ RQ-675 CRONOGRAMA RQ-693 TRIAGEM CURRICULAR RQ-682 SELECIONADOS PARA PROVA E ENTREVISTA RQ- 679 RESULTADO PRELIMINAR RQ-678 FORMUL\u00c1RIO PARA RECURSO RQ-680 RESULTADO FINAL RQ- 683 VALIDADE DO PROCESSO SELETIVO RQ- 674 CONVOCA\u00c7\u00c3O 1\u00a0 RQ-674 CONVOCA\u00c7\u00c3O 2 RQ-674 CONVOCA\u00c7\u00c3O 3 RQ-674 CONVOCA\u00c7\u00c3O 4 [&hellip;]<\/p>\n","protected":false},"author":14,"featured_media":0,"parent":0,"menu_order":3,"comment_status":"closed","ping_status":"closed","template":"","meta":{"_acf_changed":false,"footnotes":""},"class_list":["post-4626","page","type-page","status-publish","hentry"],"acf":[],"_links":{"self":[{"href":"https:\/\/www.cresm-go.org.br\/portal-da-transparencia\/wp-json\/wp\/v2\/pages\/4626","targetHints":{"allow":["GET"]}}],"collection":[{"href":"https:\/\/www.cresm-go.org.br\/portal-da-transparencia\/wp-json\/wp\/v2\/pages"}],"about":[{"href":"https:\/\/www.cresm-go.org.br\/portal-da-transparencia\/wp-json\/wp\/v2\/types\/page"}],"author":[{"embeddable":true,"href":"https:\/\/www.cresm-go.org.br\/portal-da-transparencia\/wp-json\/wp\/v2\/users\/14"}],"replies":[{"embeddable":true,"href":"https:\/\/www.cresm-go.org.br\/portal-da-transparencia\/wp-json\/wp\/v2\/comments?post=4626"}],"version-history":[{"count":13,"href":"https:\/\/www.cresm-go.org.br\/portal-da-transparencia\/wp-json\/wp\/v2\/pages\/4626\/revisions"}],"predecessor-version":[{"id":5494,"href":"https:\/\/www.cresm-go.org.br\/portal-da-transparencia\/wp-json\/wp\/v2\/pages\/4626\/revisions\/5494"}],"wp:attachment":[{"href":"https:\/\/www.cresm-go.org.br\/portal-da-transparencia\/wp-json\/wp\/v2\/media?parent=4626"}],"curies":[{"name":"wp","href":"https:\/\/api.w.org\/{rel}","templated":true}]}}