{"id":4565,"date":"2025-10-21T11:23:59","date_gmt":"2025-10-21T14:23:59","guid":{"rendered":"https:\/\/www.cresm-go.org.br\/portal-da-transparencia\/?page_id=4565"},"modified":"2026-03-16T16:12:13","modified_gmt":"2026-03-16T19:12:13","slug":"processo-seletivo-edital-n-o30-2025-recepcionista-i","status":"publish","type":"page","link":"https:\/\/www.cresm-go.org.br\/portal-da-transparencia\/processo-seletivo-edital-n-o30-2025-recepcionista-i\/","title":{"rendered":"PROCESSO SELETIVO EDITAL N.\u00ba30.2025 RECEPCIONISTA I"},"content":{"rendered":"<p>PROCESSO SELETIVO EDITAL N.\u00ba30.2025 RECEPCIONISTA I<\/p>\n<p>CARGOS:<\/p>\n<ul>\n<li>RECEPCIONISTA I<\/li>\n<\/ul>\n<p><a href=\"https:\/\/www.cresm-go.org.br\/portal-da-transparencia\/wp-content\/uploads\/2025\/10\/EDITAL-30.2025-RECEPCIONISTA-I-1.pdf\">EDITAL 30.2025 RECEPCIONISTA I<\/a><\/p>\n<p><a href=\"https:\/\/www.cresm-go.org.br\/portal-da-transparencia\/wp-content\/uploads\/2025\/10\/RQ-675-CRONOGRAMA.pdf\">RQ- 675 CRONOGRAMA<\/a><\/p>\n<p><a href=\"https:\/\/www.cresm-go.org.br\/portal-da-transparencia\/wp-content\/uploads\/2025\/10\/RQ-693-TRIAGEM-CURRICULAR-2.pdf\">RQ 693 TRIAGEM CURRICULAR<\/a><\/p>\n<p><a href=\"https:\/\/www.cresm-go.org.br\/portal-da-transparencia\/wp-content\/uploads\/2025\/10\/RQ-682-SELECIONADOS-PARA-PROVA-E-ENTREVISTA-2.pdf\">RQ- 682 SELECIONADOS PARA PROVA E ENTREVISTA<\/a><\/p>\n<p><a href=\"https:\/\/www.cresm-go.org.br\/portal-da-transparencia\/wp-content\/uploads\/2025\/11\/RQ-679-RESULTADO-FINAL.pdf\">RQ-679 RESULTADO PRELIMINAR\u00a0<\/a><\/p>\n<p><a href=\"https:\/\/www.cresm-go.org.br\/portal-da-transparencia\/wp-content\/uploads\/2025\/11\/RQ-678-FORMULARIO-PARA-RECURSO.pdf\">RQ- 678 FORMUL\u00c1RIO PARA RECURSO<\/a><\/p>\n<p><a href=\"https:\/\/www.cresm-go.org.br\/portal-da-transparencia\/wp-content\/uploads\/2025\/11\/RQ-680-RESULTADO-FINAL.pdf\">RQ-680 RESULTADO FINAL<\/a><\/p>\n<p><a href=\"https:\/\/www.cresm-go.org.br\/portal-da-transparencia\/wp-content\/uploads\/2025\/11\/RQ-683-VALIDADE-DO-PROCESSO-SELETIVO.pdf\">RQ-683 VALIDADE DO PROCESSO SELETIVO<\/a><\/p>\n<p><a href=\"https:\/\/www.cresm-go.org.br\/portal-da-transparencia\/wp-content\/uploads\/2026\/01\/RQ-674-CONVOCACAO-2.pdf\">RQ-674 CONVOCA\u00c7\u00c3O<\/a><\/p>\n<p><a href=\"https:\/\/www.cresm-go.org.br\/portal-da-transparencia\/wp-content\/uploads\/2026\/01\/RQ-674-CONVOCACAO-00.pdf\">RQ-674 CONVOCA\u00c7\u00c3O 2<\/a><\/p>\n<p><a href=\"https:\/\/www.cresm-go.org.br\/portal-da-transparencia\/wp-content\/uploads\/2026\/01\/RQ-674-CONVOCACAO-2-1.pdf\">RQ-674 CONVOCA\u00c7\u00c3O 3<\/a><\/p>\n<p><a href=\"https:\/\/www.cresm-go.org.br\/portal-da-transparencia\/wp-content\/uploads\/2026\/01\/RQ-674-CONVOCACAO.4.pdf\">RQ-674 CONVOCA\u00c7\u00c3O 4<\/a><\/p>\n<p><a href=\"https:\/\/www.cresm-go.org.br\/portal-da-transparencia\/wp-content\/uploads\/2026\/03\/RQ-674-CONVOCACAO-5-2.pdf\">RQ 674 CONVOCA\u00c7\u00c3O 5<\/a><\/p>\n","protected":false},"excerpt":{"rendered":"<p>PROCESSO SELETIVO EDITAL N.\u00ba30.2025 RECEPCIONISTA I CARGOS: RECEPCIONISTA I EDITAL 30.2025 RECEPCIONISTA I RQ- 675 CRONOGRAMA RQ 693 TRIAGEM CURRICULAR RQ- 682 SELECIONADOS PARA PROVA E ENTREVISTA RQ-679 RESULTADO PRELIMINAR\u00a0 RQ- 678 FORMUL\u00c1RIO PARA RECURSO RQ-680 RESULTADO FINAL RQ-683 VALIDADE DO PROCESSO SELETIVO RQ-674 CONVOCA\u00c7\u00c3O RQ-674 CONVOCA\u00c7\u00c3O 2 RQ-674 CONVOCA\u00c7\u00c3O 3 RQ-674 CONVOCA\u00c7\u00c3O 4 RQ [&hellip;]<\/p>\n","protected":false},"author":14,"featured_media":0,"parent":0,"menu_order":5,"comment_status":"closed","ping_status":"closed","template":"","meta":{"_acf_changed":false,"footnotes":""},"class_list":["post-4565","page","type-page","status-publish","hentry"],"acf":[],"_links":{"self":[{"href":"https:\/\/www.cresm-go.org.br\/portal-da-transparencia\/wp-json\/wp\/v2\/pages\/4565","targetHints":{"allow":["GET"]}}],"collection":[{"href":"https:\/\/www.cresm-go.org.br\/portal-da-transparencia\/wp-json\/wp\/v2\/pages"}],"about":[{"href":"https:\/\/www.cresm-go.org.br\/portal-da-transparencia\/wp-json\/wp\/v2\/types\/page"}],"author":[{"embeddable":true,"href":"https:\/\/www.cresm-go.org.br\/portal-da-transparencia\/wp-json\/wp\/v2\/users\/14"}],"replies":[{"embeddable":true,"href":"https:\/\/www.cresm-go.org.br\/portal-da-transparencia\/wp-json\/wp\/v2\/comments?post=4565"}],"version-history":[{"count":18,"href":"https:\/\/www.cresm-go.org.br\/portal-da-transparencia\/wp-json\/wp\/v2\/pages\/4565\/revisions"}],"predecessor-version":[{"id":5551,"href":"https:\/\/www.cresm-go.org.br\/portal-da-transparencia\/wp-json\/wp\/v2\/pages\/4565\/revisions\/5551"}],"wp:attachment":[{"href":"https:\/\/www.cresm-go.org.br\/portal-da-transparencia\/wp-json\/wp\/v2\/media?parent=4565"}],"curies":[{"name":"wp","href":"https:\/\/api.w.org\/{rel}","templated":true}]}}