{"id":4466,"date":"2025-09-26T10:45:24","date_gmt":"2025-09-26T13:45:24","guid":{"rendered":"https:\/\/www.cresm-go.org.br\/portal-da-transparencia\/?page_id=4466"},"modified":"2025-10-13T15:20:29","modified_gmt":"2025-10-13T18:20:29","slug":"processo-seletivo-edital-n-o29-2025-assistente-administrativo-patrimonio-i","status":"publish","type":"page","link":"https:\/\/www.cresm-go.org.br\/portal-da-transparencia\/processo-seletivo-edital-n-o29-2025-assistente-administrativo-patrimonio-i\/","title":{"rendered":"PROCESSO SELETIVO EDITAL N.\u00ba29.2025 ASSISTENTE ADMINISTRATIVO I &#8211; PATRIM\u00d4NIO"},"content":{"rendered":"<p>PROCESSO SELETIVO EDITAL N.\u00ba29.2025 ASSISTENTE ADMINISTRATIVO I &#8211; PATRIM\u00d4NIO<\/p>\n<p>CARGOS:<\/p>\n<ul>\n<li>ASSISTENTE ADMINISTRATIVO I \u2013 PRATRIM\u00d4NIO<\/li>\n<\/ul>\n<p><a href=\"https:\/\/www.cresm-go.org.br\/portal-da-transparencia\/wp-content\/uploads\/2025\/09\/EDITAL-29.2025-ASSISTENTE-ADMINISTRATIVO-I-\u2013-PRATRIMONIO-1.pdf\">EDITAL 29.2025 ASSISTENTE ADMINISTRATIVO I \u2013 PRATRIM\u00d4NIO<\/a><\/p>\n<p><a href=\"https:\/\/www.cresm-go.org.br\/portal-da-transparencia\/wp-content\/uploads\/2025\/09\/RQ-675-CRONOGRAMA-4.pdf\">RQ-675 CRONOGRAMA<\/a><\/p>\n<p><a href=\"https:\/\/www.cresm-go.org.br\/portal-da-transparencia\/wp-content\/uploads\/2025\/10\/RQ-693-TRIAGEM-CURRICULAR-1.pdf\">RQ- 693 TRIAGEM CURRICULAR<\/a><\/p>\n<p><a href=\"https:\/\/www.cresm-go.org.br\/portal-da-transparencia\/wp-content\/uploads\/2025\/10\/RQ-682-SELECIONADOS-PARA-PROVA-E-ENTREVISTA-1.pdf\">RQ- 682 SELECIONADOS PARA PROVA E ENTREVISTA<\/a><\/p>\n<p><a href=\"https:\/\/www.cresm-go.org.br\/portal-da-transparencia\/wp-content\/uploads\/2025\/10\/RQ-679-RESULTADO-PRELIMINAR-3.pdf\">RQ-679 RESULTADO PRELIMINAR<\/a><\/p>\n<p><a href=\"https:\/\/www.cresm-go.org.br\/portal-da-transparencia\/wp-content\/uploads\/2025\/10\/RQ-679-FORMULARIO-PARA-RECURSO-1.pdf\">RQ-679 FORMUL\u00c1RIO PARA RECURSO<\/a><\/p>\n<p><a href=\"https:\/\/www.cresm-go.org.br\/portal-da-transparencia\/wp-content\/uploads\/2025\/10\/RQ-680-RESULTADO-FINAL-2.pdf\">RQ-680 RESULTADO FINAL<\/a><\/p>\n<p><a href=\"https:\/\/www.cresm-go.org.br\/portal-da-transparencia\/wp-content\/uploads\/2025\/10\/RQ-683-VALIDADE-DO-PROCESSO-SELETIVO.pdf\">RQ-683 VALIDADE DO PROCESSO SELETIVO<\/a><\/p>\n<p><a href=\"https:\/\/www.cresm-go.org.br\/portal-da-transparencia\/wp-content\/uploads\/2025\/10\/RQ-674-CONVOCACAO-1.pdf\">RQ- 674 CONVOCA\u00c7\u00c3O<\/a><\/p>\n<p>&nbsp;<\/p>\n<p>&nbsp;<\/p>\n<p>&nbsp;<\/p>\n","protected":false},"excerpt":{"rendered":"<p>PROCESSO SELETIVO EDITAL N.\u00ba29.2025 ASSISTENTE ADMINISTRATIVO I &#8211; PATRIM\u00d4NIO CARGOS: ASSISTENTE ADMINISTRATIVO I \u2013 PRATRIM\u00d4NIO EDITAL 29.2025 ASSISTENTE ADMINISTRATIVO I \u2013 PRATRIM\u00d4NIO RQ-675 CRONOGRAMA RQ- 693 TRIAGEM CURRICULAR RQ- 682 SELECIONADOS PARA PROVA E ENTREVISTA RQ-679 RESULTADO PRELIMINAR RQ-679 FORMUL\u00c1RIO PARA RECURSO RQ-680 RESULTADO FINAL RQ-683 VALIDADE DO PROCESSO SELETIVO RQ- 674 CONVOCA\u00c7\u00c3O &nbsp; &nbsp; [&hellip;]<\/p>\n","protected":false},"author":14,"featured_media":0,"parent":0,"menu_order":6,"comment_status":"closed","ping_status":"closed","template":"","meta":{"_acf_changed":false,"footnotes":""},"class_list":["post-4466","page","type-page","status-publish","hentry"],"acf":[],"_links":{"self":[{"href":"https:\/\/www.cresm-go.org.br\/portal-da-transparencia\/wp-json\/wp\/v2\/pages\/4466","targetHints":{"allow":["GET"]}}],"collection":[{"href":"https:\/\/www.cresm-go.org.br\/portal-da-transparencia\/wp-json\/wp\/v2\/pages"}],"about":[{"href":"https:\/\/www.cresm-go.org.br\/portal-da-transparencia\/wp-json\/wp\/v2\/types\/page"}],"author":[{"embeddable":true,"href":"https:\/\/www.cresm-go.org.br\/portal-da-transparencia\/wp-json\/wp\/v2\/users\/14"}],"replies":[{"embeddable":true,"href":"https:\/\/www.cresm-go.org.br\/portal-da-transparencia\/wp-json\/wp\/v2\/comments?post=4466"}],"version-history":[{"count":8,"href":"https:\/\/www.cresm-go.org.br\/portal-da-transparencia\/wp-json\/wp\/v2\/pages\/4466\/revisions"}],"predecessor-version":[{"id":4538,"href":"https:\/\/www.cresm-go.org.br\/portal-da-transparencia\/wp-json\/wp\/v2\/pages\/4466\/revisions\/4538"}],"wp:attachment":[{"href":"https:\/\/www.cresm-go.org.br\/portal-da-transparencia\/wp-json\/wp\/v2\/media?parent=4466"}],"curies":[{"name":"wp","href":"https:\/\/api.w.org\/{rel}","templated":true}]}}