{"id":4449,"date":"2025-09-24T11:28:15","date_gmt":"2025-09-24T14:28:15","guid":{"rendered":"https:\/\/www.cresm-go.org.br\/portal-da-transparencia\/?page_id=4449"},"modified":"2025-10-20T16:29:31","modified_gmt":"2025-10-20T19:29:31","slug":"processo-seletivo-edital-n-o-28-2025-cirurgiao-dentista","status":"publish","type":"page","link":"https:\/\/www.cresm-go.org.br\/portal-da-transparencia\/processo-seletivo-edital-n-o-28-2025-cirurgiao-dentista\/","title":{"rendered":"PROCESSO SELETIVO PJ EDITAL N.\u00ba 28.2025 CIRURGI\u00c3O DENTISTA"},"content":{"rendered":"<p>PROCESSO SELETIVO PJ\u00a0 EDITAL N.\u00ba28.2025 CIRURGI\u00c3O DENTISTA<\/p>\n<p>STATUS: VALIDADE 6 MESES<\/p>\n<p>CARGOS:<\/p>\n<ul>\n<li>CIRURGI\u00c3O DENTISTA PJ<\/li>\n<\/ul>\n<p><a href=\"https:\/\/www.cresm-go.org.br\/portal-da-transparencia\/wp-content\/uploads\/2025\/09\/EDITAL-28.2025-CIRURGIAO-DENTISTA.pdf\">EDITAL 28.2025 CIRURGI\u00c3O DENTISTA PJ\u00a0<\/a><\/p>\n<p><a href=\"https:\/\/www.cresm-go.org.br\/portal-da-transparencia\/wp-content\/uploads\/2025\/09\/RQ-675-CRONOGRAMA-2.pdf\">RQ- 675 CRONOGRAMA<\/a><\/p>\n<p><a href=\"https:\/\/www.cresm-go.org.br\/portal-da-transparencia\/wp-content\/uploads\/2025\/10\/RQ-693-TRIAGEM-CURRICULAR.pdf\">RQ- 693 TRIAGEM CURRICULAR<\/a><\/p>\n<p><a href=\"https:\/\/www.cresm-go.org.br\/portal-da-transparencia\/wp-content\/uploads\/2025\/10\/RQ-682-SELECIONADOS-PARA-PROVA-E-ENTREVISTA.pdf\">RQ-682 SELECIONADOS PARA PROVA E ENTREVISTA<\/a><\/p>\n<p><a href=\"https:\/\/www.cresm-go.org.br\/portal-da-transparencia\/wp-content\/uploads\/2025\/10\/RQ-679-RESULTADO-PRELIMINAR-2.pdf\">RQ- 679 RESULTADO PRELIMINAR<\/a><\/p>\n<p><a href=\"https:\/\/www.cresm-go.org.br\/portal-da-transparencia\/wp-content\/uploads\/2025\/10\/RQ-678-FORMULARIO-DE-RECURSO.pdf\">RQ- 678 FORMUL\u00c1RIO DE RECURSO<\/a><\/p>\n<p><a href=\"https:\/\/www.cresm-go.org.br\/portal-da-transparencia\/wp-content\/uploads\/2025\/10\/RQ-680-RESULTADO-FINAL-1.pdf\">RQ- 680 RESULTADO FINAL<\/a><\/p>\n<p><a href=\"https:\/\/www.cresm-go.org.br\/portal-da-transparencia\/wp-content\/uploads\/2025\/10\/RQ-683-VALIDADE-DO-PROCESSO-SELTIVO.pdf\">RQ-683 VALIDADE DO PROCESSO SELTIVO<\/a><\/p>\n<p><a href=\"https:\/\/www.cresm-go.org.br\/portal-da-transparencia\/wp-content\/uploads\/2025\/10\/RQ-674-CONVOCACAO-2.pdf\">RQ-674 CONVOCA\u00c7\u00c3O<\/a><\/p>\n","protected":false},"excerpt":{"rendered":"<p>PROCESSO SELETIVO PJ\u00a0 EDITAL N.\u00ba28.2025 CIRURGI\u00c3O DENTISTA STATUS: VALIDADE 6 MESES CARGOS: CIRURGI\u00c3O DENTISTA PJ EDITAL 28.2025 CIRURGI\u00c3O DENTISTA PJ\u00a0 RQ- 675 CRONOGRAMA RQ- 693 TRIAGEM CURRICULAR RQ-682 SELECIONADOS PARA PROVA E ENTREVISTA RQ- 679 RESULTADO PRELIMINAR RQ- 678 FORMUL\u00c1RIO DE RECURSO RQ- 680 RESULTADO FINAL RQ-683 VALIDADE DO PROCESSO SELTIVO RQ-674 CONVOCA\u00c7\u00c3O<\/p>\n","protected":false},"author":14,"featured_media":0,"parent":0,"menu_order":7,"comment_status":"closed","ping_status":"closed","template":"","meta":{"_acf_changed":false,"footnotes":""},"class_list":["post-4449","page","type-page","status-publish","hentry"],"acf":[],"_links":{"self":[{"href":"https:\/\/www.cresm-go.org.br\/portal-da-transparencia\/wp-json\/wp\/v2\/pages\/4449","targetHints":{"allow":["GET"]}}],"collection":[{"href":"https:\/\/www.cresm-go.org.br\/portal-da-transparencia\/wp-json\/wp\/v2\/pages"}],"about":[{"href":"https:\/\/www.cresm-go.org.br\/portal-da-transparencia\/wp-json\/wp\/v2\/types\/page"}],"author":[{"embeddable":true,"href":"https:\/\/www.cresm-go.org.br\/portal-da-transparencia\/wp-json\/wp\/v2\/users\/14"}],"replies":[{"embeddable":true,"href":"https:\/\/www.cresm-go.org.br\/portal-da-transparencia\/wp-json\/wp\/v2\/comments?post=4449"}],"version-history":[{"count":12,"href":"https:\/\/www.cresm-go.org.br\/portal-da-transparencia\/wp-json\/wp\/v2\/pages\/4449\/revisions"}],"predecessor-version":[{"id":4543,"href":"https:\/\/www.cresm-go.org.br\/portal-da-transparencia\/wp-json\/wp\/v2\/pages\/4449\/revisions\/4543"}],"wp:attachment":[{"href":"https:\/\/www.cresm-go.org.br\/portal-da-transparencia\/wp-json\/wp\/v2\/media?parent=4449"}],"curies":[{"name":"wp","href":"https:\/\/api.w.org\/{rel}","templated":true}]}}