{"id":4403,"date":"2025-09-12T08:52:20","date_gmt":"2025-09-12T11:52:20","guid":{"rendered":"https:\/\/www.cresm-go.org.br\/portal-da-transparencia\/?page_id=4403"},"modified":"2025-12-30T16:01:32","modified_gmt":"2025-12-30T19:01:32","slug":"processo-seletivo-edital-n-o-27-2025-psiquiatra-da-infancia-e-adolescencia","status":"publish","type":"page","link":"https:\/\/www.cresm-go.org.br\/portal-da-transparencia\/processo-seletivo-edital-n-o-27-2025-psiquiatra-da-infancia-e-adolescencia\/","title":{"rendered":"PROCESSO SELETIVO\u00a0EDITAL N.\u00ba 27.2025 PSIQUIATRA DA INF\u00c2NCIA E ADOLESC\u00caNCIA"},"content":{"rendered":"<p>PROCESSO SELETIVO\u00a0 EDITAL N.\u00ba 27.2025 PSIQUIATRA DA INF\u00c2NCIA E ADOLESC\u00caNCIA<\/p>\n<p>STATUS: VALIDADE 6 MESES<\/p>\n<p>CARGOS:<\/p>\n<ul>\n<li><strong>PSIQUIATRA DA INF\u00c2NCIA E ADOLESC\u00caNCIA<\/strong><\/li>\n<\/ul>\n<p><a href=\"https:\/\/www.cresm-go.org.br\/portal-da-transparencia\/wp-content\/uploads\/2025\/09\/EDITAL-27.23025.pdf\">EDITAL 27.2025 PSIQUIATRA DA INF\u00c2NCIA E ADOLESC\u00caNCIA\u00a0<\/a><\/p>\n<p><a href=\"https:\/\/www.cresm-go.org.br\/portal-da-transparencia\/wp-content\/uploads\/2025\/09\/RQ-675-CRONOGRAMA.pdf\">RQ-675 CRONOGRAMA<\/a><\/p>\n<p><a href=\"https:\/\/www.cresm-go.org.br\/portal-da-transparencia\/wp-content\/uploads\/2025\/09\/RQ-675-CRONOGRAMA-PRORROGADO-3.pdf\">RQ-675 CRONOGRAMA-<span style=\"color: #ff0000;\">PRORROGADO<\/span><\/a><\/p>\n<p><a href=\"https:\/\/www.cresm-go.org.br\/portal-da-transparencia\/wp-content\/uploads\/2025\/09\/RQ-693-TRIAGEM-CURRICULAR-3.pdf\">RQ-693 TRIAGEM CURRICULAR<\/a><\/p>\n<p><a href=\"https:\/\/www.cresm-go.org.br\/portal-da-transparencia\/wp-content\/uploads\/2025\/09\/RQ-682-SELECIONADOS-PARA-PROVA-E-ENTREVISTA-2.pdf\">RQ 682- SELECIONADOS PARA PROVA E ENTREVISTA<\/a><\/p>\n<p><a href=\"https:\/\/www.cresm-go.org.br\/portal-da-transparencia\/wp-content\/uploads\/2025\/10\/RQ-679-RESULTADO-PRELIMINAR-1.pdf\">RQ-679 RESULTADO PRELIMINAR<\/a><\/p>\n<p><a href=\"https:\/\/www.cresm-go.org.br\/portal-da-transparencia\/wp-content\/uploads\/2025\/10\/RQ-679-FORMULARIO-PARA-RECURSO.pdf\">RQ-679 FORMUL\u00c1RIO PARA RECURSO<\/a><\/p>\n<p><a href=\"https:\/\/www.cresm-go.org.br\/portal-da-transparencia\/wp-content\/uploads\/2025\/10\/RQ-680-RESULTADO-FINAL.pdf\">RQ-680 RESULTADO FINAL<\/a><\/p>\n<p><a href=\"https:\/\/www.cresm-go.org.br\/portal-da-transparencia\/wp-content\/uploads\/2025\/10\/RQ-683-VALIDAADE-DO-PRCOCESSO-SELETIVO.pdf\">RQ-683 VALIDAADE DO PRCOCESSO SELETIVO<\/a><\/p>\n<p><a href=\"https:\/\/www.cresm-go.org.br\/portal-da-transparencia\/wp-content\/uploads\/2025\/10\/RQ-674-CONVOCACAO.pdf\">RQ-674 CONVOCA\u00c7\u00c3O<\/a><\/p>\n<p><a href=\"https:\/\/www.cresm-go.org.br\/portal-da-transparencia\/wp-content\/uploads\/2025\/12\/RQ-674-CONVOCACAO-3.pdf\">RQ 674 CONVOCA\u00c7\u00c3O<\/a><\/p>\n","protected":false},"excerpt":{"rendered":"<p>PROCESSO SELETIVO\u00a0 EDITAL N.\u00ba 27.2025 PSIQUIATRA DA INF\u00c2NCIA E ADOLESC\u00caNCIA STATUS: VALIDADE 6 MESES CARGOS: PSIQUIATRA DA INF\u00c2NCIA E ADOLESC\u00caNCIA EDITAL 27.2025 PSIQUIATRA DA INF\u00c2NCIA E ADOLESC\u00caNCIA\u00a0 RQ-675 CRONOGRAMA RQ-675 CRONOGRAMA-PRORROGADO RQ-693 TRIAGEM CURRICULAR RQ 682- SELECIONADOS PARA PROVA E ENTREVISTA RQ-679 RESULTADO PRELIMINAR RQ-679 FORMUL\u00c1RIO PARA RECURSO RQ-680 RESULTADO FINAL RQ-683 VALIDAADE DO PRCOCESSO [&hellip;]<\/p>\n","protected":false},"author":14,"featured_media":0,"parent":0,"menu_order":8,"comment_status":"closed","ping_status":"closed","template":"","meta":{"_acf_changed":false,"footnotes":""},"class_list":["post-4403","page","type-page","status-publish","hentry"],"acf":[],"_links":{"self":[{"href":"https:\/\/www.cresm-go.org.br\/portal-da-transparencia\/wp-json\/wp\/v2\/pages\/4403","targetHints":{"allow":["GET"]}}],"collection":[{"href":"https:\/\/www.cresm-go.org.br\/portal-da-transparencia\/wp-json\/wp\/v2\/pages"}],"about":[{"href":"https:\/\/www.cresm-go.org.br\/portal-da-transparencia\/wp-json\/wp\/v2\/types\/page"}],"author":[{"embeddable":true,"href":"https:\/\/www.cresm-go.org.br\/portal-da-transparencia\/wp-json\/wp\/v2\/users\/14"}],"replies":[{"embeddable":true,"href":"https:\/\/www.cresm-go.org.br\/portal-da-transparencia\/wp-json\/wp\/v2\/comments?post=4403"}],"version-history":[{"count":13,"href":"https:\/\/www.cresm-go.org.br\/portal-da-transparencia\/wp-json\/wp\/v2\/pages\/4403\/revisions"}],"predecessor-version":[{"id":4898,"href":"https:\/\/www.cresm-go.org.br\/portal-da-transparencia\/wp-json\/wp\/v2\/pages\/4403\/revisions\/4898"}],"wp:attachment":[{"href":"https:\/\/www.cresm-go.org.br\/portal-da-transparencia\/wp-json\/wp\/v2\/media?parent=4403"}],"curies":[{"name":"wp","href":"https:\/\/api.w.org\/{rel}","templated":true}]}}