{"id":4322,"date":"2025-08-27T18:10:19","date_gmt":"2025-08-27T21:10:19","guid":{"rendered":"https:\/\/www.cresm-go.org.br\/portal-da-transparencia\/?page_id=4322"},"modified":"2025-09-23T10:27:00","modified_gmt":"2025-09-23T13:27:00","slug":"essa","status":"publish","type":"page","link":"https:\/\/www.cresm-go.org.br\/portal-da-transparencia\/essa\/","title":{"rendered":"PROCESSO SELETIVO\u00a0 EDITAL N.\u00ba 26.2025 ASSISTENTE ADMINISTRATIVO I\u00a0"},"content":{"rendered":"<p>PROCESSO SELETIVO\u00a0 EDITAL N.\u00ba 26.2025 ASSISTENTE ADMINISTRATIVO I<\/p>\n<p>STATUS: VALIDADE 6 MESES<\/p>\n<p>CARGOS:<\/p>\n<ul>\n<li><strong>ASSISTENTE ADMINISTRATIVO \u00a0I\u00a0<\/strong><\/li>\n<\/ul>\n<p><a href=\"https:\/\/www.cresm-go.org.br\/portal-da-transparencia\/wp-content\/uploads\/2025\/08\/EDITAL-26.2025-ASSISTENTE-ADM-I-1.pdf\">EDITAL 26.2025 ASSISTENTE ADMINISTRATIVO I<\/a><\/p>\n<p><a href=\"https:\/\/www.cresm-go.org.br\/portal-da-transparencia\/wp-content\/uploads\/2025\/08\/RQ-675-CRONOGRAMA-2.pdf\">RQ-675 CRONOGRAMA<\/a><\/p>\n<p><a href=\"https:\/\/www.cresm-go.org.br\/portal-da-transparencia\/wp-content\/uploads\/2025\/09\/RQ-693-TRIAGEM-CURRICULAR-1.pdf\">RQ-693 TRIAGEM CURRICULAR<\/a><\/p>\n<p><a href=\"https:\/\/www.cresm-go.org.br\/portal-da-transparencia\/wp-content\/uploads\/2025\/09\/RQ-682-SELECIONADOS-PARA-PROVA-E-ENTREVISTA.pdf\">RQ-682 SELECIONADOS PARA PROVA E ENTREVISTA<\/a><\/p>\n<p><a href=\"https:\/\/www.cresm-go.org.br\/portal-da-transparencia\/wp-content\/uploads\/2025\/09\/RQ679-RESULTADO-PRELIMINAR.pdf\">RQ679 &#8211; RESULTADO PRELIMINAR<\/a><\/p>\n<p><a href=\"https:\/\/www.cresm-go.org.br\/portal-da-transparencia\/wp-content\/uploads\/2025\/09\/RQ-678-FORMULARIO-PARA-RECURSO.pdf\">RQ- 678 FORMUL\u00c1RIO PARA RECURSO<\/a><\/p>\n<p><a href=\"https:\/\/www.cresm-go.org.br\/portal-da-transparencia\/wp-content\/uploads\/2025\/09\/RQ-680-RESULTADO-FINAL-1.pdf\">RQ-680 RESULTADO FINAL<\/a><\/p>\n<p><a href=\"https:\/\/www.cresm-go.org.br\/portal-da-transparencia\/wp-content\/uploads\/2025\/09\/RQ-683-VALIDADE-DO-PROCESSO-SELETIVO.pdf\">RQ- 683 VALIDADE DO PROCESSO SELETIVO<\/a><\/p>\n<p><a href=\"https:\/\/www.cresm-go.org.br\/portal-da-transparencia\/wp-content\/uploads\/2025\/09\/RQ-674-CONVOCACAO.pdf\">RQ-674 CONVOCA\u00c7\u00c3O<\/a><\/p>\n<p><a href=\"https:\/\/www.cresm-go.org.br\/portal-da-transparencia\/wp-content\/uploads\/2025\/09\/RQ-674-CONVOCACAO-2.pdf\">RQ-674 CONVOCA\u00c7\u00c3O 2<\/a><\/p>\n<p>&nbsp;<\/p>\n","protected":false},"excerpt":{"rendered":"<p>PROCESSO SELETIVO\u00a0 EDITAL N.\u00ba 26.2025 ASSISTENTE ADMINISTRATIVO I STATUS: VALIDADE 6 MESES CARGOS: ASSISTENTE ADMINISTRATIVO \u00a0I\u00a0 EDITAL 26.2025 ASSISTENTE ADMINISTRATIVO I RQ-675 CRONOGRAMA RQ-693 TRIAGEM CURRICULAR RQ-682 SELECIONADOS PARA PROVA E ENTREVISTA RQ679 &#8211; RESULTADO PRELIMINAR RQ- 678 FORMUL\u00c1RIO PARA RECURSO RQ-680 RESULTADO FINAL RQ- 683 VALIDADE DO PROCESSO SELETIVO RQ-674 CONVOCA\u00c7\u00c3O RQ-674 CONVOCA\u00c7\u00c3O 2 [&hellip;]<\/p>\n","protected":false},"author":14,"featured_media":0,"parent":0,"menu_order":9,"comment_status":"closed","ping_status":"closed","template":"","meta":{"_acf_changed":false,"footnotes":""},"class_list":["post-4322","page","type-page","status-publish","hentry"],"acf":[],"_links":{"self":[{"href":"https:\/\/www.cresm-go.org.br\/portal-da-transparencia\/wp-json\/wp\/v2\/pages\/4322","targetHints":{"allow":["GET"]}}],"collection":[{"href":"https:\/\/www.cresm-go.org.br\/portal-da-transparencia\/wp-json\/wp\/v2\/pages"}],"about":[{"href":"https:\/\/www.cresm-go.org.br\/portal-da-transparencia\/wp-json\/wp\/v2\/types\/page"}],"author":[{"embeddable":true,"href":"https:\/\/www.cresm-go.org.br\/portal-da-transparencia\/wp-json\/wp\/v2\/users\/14"}],"replies":[{"embeddable":true,"href":"https:\/\/www.cresm-go.org.br\/portal-da-transparencia\/wp-json\/wp\/v2\/comments?post=4322"}],"version-history":[{"count":15,"href":"https:\/\/www.cresm-go.org.br\/portal-da-transparencia\/wp-json\/wp\/v2\/pages\/4322\/revisions"}],"predecessor-version":[{"id":4443,"href":"https:\/\/www.cresm-go.org.br\/portal-da-transparencia\/wp-json\/wp\/v2\/pages\/4322\/revisions\/4443"}],"wp:attachment":[{"href":"https:\/\/www.cresm-go.org.br\/portal-da-transparencia\/wp-json\/wp\/v2\/media?parent=4322"}],"curies":[{"name":"wp","href":"https:\/\/api.w.org\/{rel}","templated":true}]}}