{"id":4261,"date":"2025-08-11T09:37:55","date_gmt":"2025-08-11T12:37:55","guid":{"rendered":"https:\/\/www.cresm-go.org.br\/portal-da-transparencia\/?page_id=4261"},"modified":"2025-09-25T15:08:15","modified_gmt":"2025-09-25T18:08:15","slug":"4261-2","status":"publish","type":"page","link":"https:\/\/www.cresm-go.org.br\/portal-da-transparencia\/4261-2\/","title":{"rendered":"PROCESSO SELETIVO\u00a0EDITAL N.\u00ba25.2025 T\u00c9CNICO EM NUTRI\u00c7\u00c3O"},"content":{"rendered":"<p>PROCESSO SELETIVO\u00a0 EDITAL N.\u00ba 25.2025 T\u00c9CNICO EM NUTRI\u00c7\u00c3O<\/p>\n<p>STATUS: VALIDADE 6 MESES<\/p>\n<p>CARGOS:<\/p>\n<ul>\n<li><strong>T\u00c9CNICO EM NUTRI\u00c7\u00c3O<\/strong><\/li>\n<\/ul>\n<p><a href=\"https:\/\/www.cresm-go.org.br\/portal-da-transparencia\/wp-content\/uploads\/2025\/08\/COMUNICADO-2.pdf\">COMUNICADO<\/a><\/p>\n<p><a href=\"https:\/\/www.cresm-go.org.br\/portal-da-transparencia\/wp-content\/uploads\/2025\/09\/EDITAL-25.2025-TECNICO-EM-NUTRICAO.pdf\">EDITAL 25.2025 T\u00c9CNICO EM NUTRI\u00c7\u00c3O<\/a><\/p>\n<p><a href=\"https:\/\/www.cresm-go.org.br\/portal-da-transparencia\/wp-content\/uploads\/2025\/08\/RQ-675-CRONOGRAMA-RETIFICADO-1.pdf\">RQ-675 CRONOGRAMA-RETIFICADO<\/a><\/p>\n<p><a href=\"https:\/\/www.cresm-go.org.br\/portal-da-transparencia\/wp-content\/uploads\/2025\/09\/RQ-675-CRONOGRAMA-PRORROGADO-1.pdf\">RQ-675 CRONOGRAMA-PRORROGADO<\/a><\/p>\n<p><a href=\"https:\/\/www.cresm-go.org.br\/portal-da-transparencia\/wp-content\/uploads\/2025\/09\/RQ-693-TRIAGEM-CURRICULAR-2.pdf\">RQ-693 TRIAGEM CURRICULAR<\/a><\/p>\n<p><a href=\"https:\/\/www.cresm-go.org.br\/portal-da-transparencia\/wp-content\/uploads\/2025\/09\/RQ-682-SELECIONADOS-PARA-PROVA-E-ENTREVISTA-1.pdf\">RQ-682 SELECIONADOS PARA PROVA E ENTREVISTA<\/a><\/p>\n<p><a href=\"https:\/\/www.cresm-go.org.br\/portal-da-transparencia\/wp-content\/uploads\/2025\/09\/RQ-679-RSULTADO-PRELIMINAR.pdf\">RQ-679 RSULTADO PRELIMINAR<\/a><\/p>\n<p><a href=\"https:\/\/www.cresm-go.org.br\/portal-da-transparencia\/wp-content\/uploads\/2025\/09\/RQ-678-FORMULARIO-PARA-RECURSO-1.pdf\">RQ-678 FORMUL\u00c1RIO PARA RECURSO<\/a><\/p>\n<p><a href=\"https:\/\/www.cresm-go.org.br\/portal-da-transparencia\/wp-content\/uploads\/2025\/09\/RQ-680-RESULTADO-FINAL-2.pdf\">RQ- 680 RESULTADO FINAL<\/a><\/p>\n<p><a href=\"https:\/\/www.cresm-go.org.br\/portal-da-transparencia\/wp-content\/uploads\/2025\/09\/RQ-683-VALIDADE-DO-PROCESSO-SELETIVO-2.pdf\">RQ-683 VALIDADE DO PROCESSO SELETIVO<\/a><\/p>\n<p><a href=\"https:\/\/www.cresm-go.org.br\/portal-da-transparencia\/wp-content\/uploads\/2025\/09\/RQ-674-CONVOCACAO-1.pdf\">RQ- 674 CONVOCA\u00c7\u00c3O<\/a><\/p>\n","protected":false},"excerpt":{"rendered":"<p>PROCESSO SELETIVO\u00a0 EDITAL N.\u00ba 25.2025 T\u00c9CNICO EM NUTRI\u00c7\u00c3O STATUS: VALIDADE 6 MESES CARGOS: T\u00c9CNICO EM NUTRI\u00c7\u00c3O COMUNICADO EDITAL 25.2025 T\u00c9CNICO EM NUTRI\u00c7\u00c3O RQ-675 CRONOGRAMA-RETIFICADO RQ-675 CRONOGRAMA-PRORROGADO RQ-693 TRIAGEM CURRICULAR RQ-682 SELECIONADOS PARA PROVA E ENTREVISTA RQ-679 RSULTADO PRELIMINAR RQ-678 FORMUL\u00c1RIO PARA RECURSO RQ- 680 RESULTADO FINAL RQ-683 VALIDADE DO PROCESSO SELETIVO RQ- 674 CONVOCA\u00c7\u00c3O<\/p>\n","protected":false},"author":14,"featured_media":0,"parent":0,"menu_order":10,"comment_status":"closed","ping_status":"closed","template":"","meta":{"_acf_changed":false,"footnotes":""},"class_list":["post-4261","page","type-page","status-publish","hentry"],"acf":[],"_links":{"self":[{"href":"https:\/\/www.cresm-go.org.br\/portal-da-transparencia\/wp-json\/wp\/v2\/pages\/4261","targetHints":{"allow":["GET"]}}],"collection":[{"href":"https:\/\/www.cresm-go.org.br\/portal-da-transparencia\/wp-json\/wp\/v2\/pages"}],"about":[{"href":"https:\/\/www.cresm-go.org.br\/portal-da-transparencia\/wp-json\/wp\/v2\/types\/page"}],"author":[{"embeddable":true,"href":"https:\/\/www.cresm-go.org.br\/portal-da-transparencia\/wp-json\/wp\/v2\/users\/14"}],"replies":[{"embeddable":true,"href":"https:\/\/www.cresm-go.org.br\/portal-da-transparencia\/wp-json\/wp\/v2\/comments?post=4261"}],"version-history":[{"count":16,"href":"https:\/\/www.cresm-go.org.br\/portal-da-transparencia\/wp-json\/wp\/v2\/pages\/4261\/revisions"}],"predecessor-version":[{"id":4465,"href":"https:\/\/www.cresm-go.org.br\/portal-da-transparencia\/wp-json\/wp\/v2\/pages\/4261\/revisions\/4465"}],"wp:attachment":[{"href":"https:\/\/www.cresm-go.org.br\/portal-da-transparencia\/wp-json\/wp\/v2\/media?parent=4261"}],"curies":[{"name":"wp","href":"https:\/\/api.w.org\/{rel}","templated":true}]}}