{"id":4168,"date":"2025-07-25T10:50:42","date_gmt":"2025-07-25T13:50:42","guid":{"rendered":"https:\/\/www.cresm-go.org.br\/portal-da-transparencia\/?page_id=4168"},"modified":"2025-08-11T10:05:26","modified_gmt":"2025-08-11T13:05:26","slug":"processo-seletivo-edital-n-o-23-2025-tecnico-em-nutricao-2","status":"publish","type":"page","link":"https:\/\/www.cresm-go.org.br\/portal-da-transparencia\/processo-seletivo-edital-n-o-23-2025-tecnico-em-nutricao-2\/","title":{"rendered":"PROCESSO SELETIVO\u00a0 EDITAL N.\u00ba 23.2025 T\u00c9CNICO EM NUTRI\u00c7\u00c3O"},"content":{"rendered":"<p>PROCESSO SELETIVO\u00a0 EDITAL N.\u00ba 23.2025 T\u00c9CNICO EM NUTRI\u00c7\u00c3O<\/p>\n<p>STATUS: VALIDADE 6 MESES<\/p>\n<p>CARGOS:<\/p>\n<ul>\n<li><strong>23.2025 T\u00c9CNICO EM NUTRI\u00c7\u00c3O <\/strong><\/li>\n<\/ul>\n<p><a href=\"https:\/\/www.cresm-go.org.br\/portal-da-transparencia\/wp-content\/uploads\/2025\/07\/EDITAL-23.2025-TECNICO-EM-NUTRICAO.pdf\">EDITAL 23.2025 T\u00c9CNICO EM NUTRI\u00c7\u00c3O<\/a><\/p>\n<p><a href=\"https:\/\/www.cresm-go.org.br\/portal-da-transparencia\/wp-content\/uploads\/2025\/07\/RQ-675-CRONOGRAMA-5.pdf\">RQ-675 CRONOGRAMA<\/a><\/p>\n<p><a href=\"https:\/\/www.cresm-go.org.br\/portal-da-transparencia\/wp-content\/uploads\/2025\/07\/RQ-693-TRIAGEM-CURRICULAR-3.pdf\">RQ-693 TRIAGEM CURRICULAR<\/a><\/p>\n<p><a href=\"https:\/\/www.cresm-go.org.br\/portal-da-transparencia\/wp-content\/uploads\/2025\/08\/RQ-682-SELECIONADOS-PARA-PROVA-E-ENTREVISTA-2.pdf\">RQ- 682 SELECIONADOS PARA PROVA E ENTREVISTA<\/a><\/p>\n<p><span style=\"color: #ff0000;\"><a style=\"color: #ff0000;\" href=\"https:\/\/www.cresm-go.org.br\/portal-da-transparencia\/wp-content\/uploads\/2025\/08\/COMUNICADO.pdf\">COMUNICADO<\/a><\/span><\/p>\n<p>&nbsp;<\/p>\n<p>&nbsp;<\/p>\n<p>&nbsp;<\/p>\n","protected":false},"excerpt":{"rendered":"<p>PROCESSO SELETIVO\u00a0 EDITAL N.\u00ba 23.2025 T\u00c9CNICO EM NUTRI\u00c7\u00c3O STATUS: VALIDADE 6 MESES CARGOS: 23.2025 T\u00c9CNICO EM NUTRI\u00c7\u00c3O EDITAL 23.2025 T\u00c9CNICO EM NUTRI\u00c7\u00c3O RQ-675 CRONOGRAMA RQ-693 TRIAGEM CURRICULAR RQ- 682 SELECIONADOS PARA PROVA E ENTREVISTA COMUNICADO &nbsp; &nbsp; &nbsp;<\/p>\n","protected":false},"author":14,"featured_media":0,"parent":0,"menu_order":12,"comment_status":"closed","ping_status":"closed","template":"","meta":{"_acf_changed":false,"footnotes":""},"class_list":["post-4168","page","type-page","status-publish","hentry"],"acf":[],"_links":{"self":[{"href":"https:\/\/www.cresm-go.org.br\/portal-da-transparencia\/wp-json\/wp\/v2\/pages\/4168","targetHints":{"allow":["GET"]}}],"collection":[{"href":"https:\/\/www.cresm-go.org.br\/portal-da-transparencia\/wp-json\/wp\/v2\/pages"}],"about":[{"href":"https:\/\/www.cresm-go.org.br\/portal-da-transparencia\/wp-json\/wp\/v2\/types\/page"}],"author":[{"embeddable":true,"href":"https:\/\/www.cresm-go.org.br\/portal-da-transparencia\/wp-json\/wp\/v2\/users\/14"}],"replies":[{"embeddable":true,"href":"https:\/\/www.cresm-go.org.br\/portal-da-transparencia\/wp-json\/wp\/v2\/comments?post=4168"}],"version-history":[{"count":9,"href":"https:\/\/www.cresm-go.org.br\/portal-da-transparencia\/wp-json\/wp\/v2\/pages\/4168\/revisions"}],"predecessor-version":[{"id":4275,"href":"https:\/\/www.cresm-go.org.br\/portal-da-transparencia\/wp-json\/wp\/v2\/pages\/4168\/revisions\/4275"}],"wp:attachment":[{"href":"https:\/\/www.cresm-go.org.br\/portal-da-transparencia\/wp-json\/wp\/v2\/media?parent=4168"}],"curies":[{"name":"wp","href":"https:\/\/api.w.org\/{rel}","templated":true}]}}