{"id":3765,"date":"2025-05-12T16:29:47","date_gmt":"2025-05-12T19:29:47","guid":{"rendered":"https:\/\/www.cresm-go.org.br\/portal-da-transparencia\/?page_id=3765"},"modified":"2025-08-04T10:32:27","modified_gmt":"2025-08-04T13:32:27","slug":"processo-seletivo-simplificado-pj-edital-n-o-16-2025","status":"publish","type":"page","link":"https:\/\/www.cresm-go.org.br\/portal-da-transparencia\/processo-seletivo-simplificado-pj-edital-n-o-16-2025\/","title":{"rendered":"PROCESSO SELETIVO SIMPLIFICADO PJ EDITAL N\u00ba 16.2025 M\u00c9DICO (A) PLANTONISTA\u00a0 E M\u00c9DICO (A) NEUROLOGISTA\u00a0"},"content":{"rendered":"<p>PROCESSO SELETIVO SIMPLIFICADO PJ EDITAL N.\u00ba 16.2025<\/p>\n<p>STATUS: VALIDADE 6 MESES<\/p>\n<p><strong>CARGOS:\u00a0<\/strong><\/p>\n<ul>\n<li><strong> M\u00c9DICO (A) PLANTONISTA\u00a0 E M\u00c9DICO (A) NEUROLOGISTA\u00a0<\/strong><\/li>\n<\/ul>\n<p><a href=\"https:\/\/www.cresm-go.org.br\/portal-da-transparencia\/wp-content\/uploads\/2025\/05\/EDITAL-No-16.2025-MEDICOA-PLANTONISTA-MEDICOA-NEUROLOGISTA-RETIFICADO.pdf\">EDITAL N\u00ba 16.2025 M\u00c9DICO(A)\u00a0 PLANTONISTA M\u00c9DICO(A) NEUROLOGISTA-<span style=\"color: #ff0000;\">RETIFICADO<\/span><\/a><\/p>\n<p><a href=\"https:\/\/www.cresm-go.org.br\/portal-da-transparencia\/wp-content\/uploads\/2025\/05\/RQ-675-CRONOGRAMA-RETIFICADO-1.pdf\">RQ-675 CRONOGRAMA-<span style=\"color: #ff0000;\">RETIFICADO<\/span><\/a><\/p>\n<p><a href=\"https:\/\/www.cresm-go.org.br\/portal-da-transparencia\/wp-content\/uploads\/2025\/06\/RQ-693-TRIAGEM-CURRICULAR-MEDICO-A-PLANTONISTA.pdf\">RQ- 693 TRIAGEM CURRICULAR -M\u00c9DICO (A) PLANTONISTA<\/a><\/p>\n<p><a href=\"https:\/\/www.cresm-go.org.br\/portal-da-transparencia\/wp-content\/uploads\/2025\/06\/RQ-693-TRIAGEM-CURRICULAR-MEDICO-A-NEUROLOGISTA.pdf\">RQ- 693 TRIAGEM CURRICULAR -M\u00c9DICO (A) NEUROLOGISTA<\/a><\/p>\n<p><a href=\"https:\/\/www.cresm-go.org.br\/portal-da-transparencia\/wp-content\/uploads\/2025\/06\/RQ-682-SELECIONADOS-PARA-PROVA-E-ENTREVISTA-3.pdf\">RQ-682 SELECIONADOS PARA PROVA E ENTREVISTA<\/a><\/p>\n<p><span style=\"color: #ff0000;\"><a style=\"color: #ff0000;\" href=\"https:\/\/www.cresm-go.org.br\/portal-da-transparencia\/wp-content\/uploads\/2025\/06\/COMINICADO-2.pdf\">COMINICADO 2<\/a><\/span><\/p>\n<p><a href=\"https:\/\/www.cresm-go.org.br\/portal-da-transparencia\/wp-content\/uploads\/2025\/06\/RQ-679-RESULTADO-PRELIMINAR-2.pdf\">RQ-679 RESULTADO PRELIMINAR<\/a>,<\/p>\n<p><a href=\"https:\/\/www.cresm-go.org.br\/portal-da-transparencia\/wp-content\/uploads\/2025\/06\/RQ-678-FORMULARIO-DE-RECURSO-1.pdf\">RQ-678 FORMUL\u00c1RIO DE RECURSO<\/a><\/p>\n<p><a href=\"https:\/\/www.cresm-go.org.br\/portal-da-transparencia\/wp-content\/uploads\/2025\/06\/RQ-679-RESULTADO-FINAL-1.pdf\">RQ-679 RESULTADO FINAL<\/a><\/p>\n<p><a href=\"https:\/\/www.cresm-go.org.br\/portal-da-transparencia\/wp-content\/uploads\/2025\/06\/RQ-674-CONVOCACAO-4.pdf\">RQ-674 CONVOCA\u00c7\u00c3O<\/a><\/p>\n<p><a href=\"https:\/\/www.cresm-go.org.br\/portal-da-transparencia\/wp-content\/uploads\/2025\/06\/RQ-674-CONVOCACAO-2-1.pdf\">RQ-674 CONVOCA\u00c7\u00c3O 2<\/a><\/p>\n<p><a href=\"https:\/\/www.cresm-go.org.br\/portal-da-transparencia\/wp-content\/uploads\/2025\/06\/RQ-683-VALIDADE-DO-PROCESSO-SELETIVO-4.pdf\">RQ-683 VALIDADE DO PROCESSO SELETIVO<\/a><\/p>\n<p><span style=\"color: #ff0000;\"><a style=\"color: #ff0000;\" href=\"https:\/\/www.cresm-go.org.br\/portal-da-transparencia\/wp-content\/uploads\/2025\/05\/COMUNICADO.pdf\">COMUNICADO<\/a><\/span><\/p>\n","protected":false},"excerpt":{"rendered":"<p>PROCESSO SELETIVO SIMPLIFICADO PJ EDITAL N.\u00ba 16.2025 STATUS: VALIDADE 6 MESES CARGOS:\u00a0 M\u00c9DICO (A) PLANTONISTA\u00a0 E M\u00c9DICO (A) NEUROLOGISTA\u00a0 EDITAL N\u00ba 16.2025 M\u00c9DICO(A)\u00a0 PLANTONISTA M\u00c9DICO(A) NEUROLOGISTA-RETIFICADO RQ-675 CRONOGRAMA-RETIFICADO RQ- 693 TRIAGEM CURRICULAR -M\u00c9DICO (A) PLANTONISTA RQ- 693 TRIAGEM CURRICULAR -M\u00c9DICO (A) NEUROLOGISTA RQ-682 SELECIONADOS PARA PROVA E ENTREVISTA COMINICADO 2 RQ-679 RESULTADO PRELIMINAR, RQ-678 FORMUL\u00c1RIO [&hellip;]<\/p>\n","protected":false},"author":14,"featured_media":0,"parent":0,"menu_order":19,"comment_status":"closed","ping_status":"closed","template":"","meta":{"_acf_changed":false,"footnotes":""},"class_list":["post-3765","page","type-page","status-publish","hentry"],"acf":[],"_links":{"self":[{"href":"https:\/\/www.cresm-go.org.br\/portal-da-transparencia\/wp-json\/wp\/v2\/pages\/3765","targetHints":{"allow":["GET"]}}],"collection":[{"href":"https:\/\/www.cresm-go.org.br\/portal-da-transparencia\/wp-json\/wp\/v2\/pages"}],"about":[{"href":"https:\/\/www.cresm-go.org.br\/portal-da-transparencia\/wp-json\/wp\/v2\/types\/page"}],"author":[{"embeddable":true,"href":"https:\/\/www.cresm-go.org.br\/portal-da-transparencia\/wp-json\/wp\/v2\/users\/14"}],"replies":[{"embeddable":true,"href":"https:\/\/www.cresm-go.org.br\/portal-da-transparencia\/wp-json\/wp\/v2\/comments?post=3765"}],"version-history":[{"count":26,"href":"https:\/\/www.cresm-go.org.br\/portal-da-transparencia\/wp-json\/wp\/v2\/pages\/3765\/revisions"}],"predecessor-version":[{"id":3781,"href":"https:\/\/www.cresm-go.org.br\/portal-da-transparencia\/wp-json\/wp\/v2\/pages\/3765\/revisions\/3781"}],"wp:attachment":[{"href":"https:\/\/www.cresm-go.org.br\/portal-da-transparencia\/wp-json\/wp\/v2\/media?parent=3765"}],"curies":[{"name":"wp","href":"https:\/\/api.w.org\/{rel}","templated":true}]}}