{"id":3761,"date":"2025-05-12T14:07:30","date_gmt":"2025-05-12T17:07:30","guid":{"rendered":"https:\/\/www.cresm-go.org.br\/portal-da-transparencia\/?page_id=3761"},"modified":"2025-07-07T13:24:01","modified_gmt":"2025-07-07T16:24:01","slug":"processo-seletivo-simplificado-edital-n-o-15-2025","status":"publish","type":"page","link":"https:\/\/www.cresm-go.org.br\/portal-da-transparencia\/processo-seletivo-simplificado-edital-n-o-15-2025\/","title":{"rendered":"PROCESSO SELETIVO SIMPLIFICADO EDITAL N\u00ba 15.2025 MOTORISTA\u00a0"},"content":{"rendered":"<p>PROCESSO SELETIVO SIMPLIFICADO EDITAL N.\u00ba 15.2025<\/p>\n<p>STATUS: VALIDADE 6 MESES<\/p>\n<p>CARGOS:<\/p>\n<ul>\n<li><strong>MOTORISTA\u00a0<\/strong><\/li>\n<\/ul>\n<p><a href=\"https:\/\/www.cresm-go.org.br\/portal-da-transparencia\/wp-content\/uploads\/2025\/05\/PROCESSO-SELETIVO-EDITAL-15.2025-MOTORISTA.pdf\">PROCESSO SELETIVO EDITAL 15.2025 &#8211; MOTORISTA<\/a><\/p>\n<p><a href=\"https:\/\/www.cresm-go.org.br\/portal-da-transparencia\/wp-content\/uploads\/2025\/05\/RQ-675-CRONOGRAMA.pdf\">RQ- 675 CRONOGRAMA<\/a><\/p>\n<p><a href=\"https:\/\/www.cresm-go.org.br\/portal-da-transparencia\/wp-content\/uploads\/2025\/05\/RQ-675-CRONOGRAMA-RETIFICADO.pdf\">RQ- 675 CRONOGRAMA-<span style=\"color: #ff0000;\">RETIFICADO<\/span><\/a><\/p>\n<p><a href=\"https:\/\/www.cresm-go.org.br\/portal-da-transparencia\/wp-content\/uploads\/2025\/05\/RQ-693-TRIAGEM-CURRICULAR-1.pdf\">RQ- 693 TRIAGEM CURRICULAR<\/a><\/p>\n<p><a href=\"https:\/\/www.cresm-go.org.br\/portal-da-transparencia\/wp-content\/uploads\/2025\/05\/RQ-682-SELECIONADOS-PARA-PROVA-E-ENTREVISTA-2.pdf\">RQ- 682 SELECIONADOS PARA PROVA E ENTREVISTA<\/a><\/p>\n<p><a href=\"https:\/\/www.cresm-go.org.br\/portal-da-transparencia\/wp-content\/uploads\/2025\/05\/RQ-679-RESULTADO-PRELIMINAR-3.pdf\">RQ- 679 RESULTADO PRELIMINAR<\/a><\/p>\n<p><a href=\"https:\/\/www.cresm-go.org.br\/portal-da-transparencia\/wp-content\/uploads\/2025\/05\/RQ-678-FORMULARIO-DE-RECURSO-3.pdf\">RQ-678 FORMUL\u00c1RIO DE RECURSO<\/a><\/p>\n<p><a href=\"https:\/\/www.cresm-go.org.br\/portal-da-transparencia\/wp-content\/uploads\/2025\/06\/RQ-680-RESULTADO-FINAL.pdf\">RQ-680 RESULTADO FINAL<\/a><\/p>\n<p><a href=\"https:\/\/www.cresm-go.org.br\/portal-da-transparencia\/wp-content\/uploads\/2025\/06\/RQ-683-VALIDADE-DO-PROCESSO-SELETIVO.pdf\">RQ- 683 VALIDADE DO PROCESSO SELETIVO<\/a><\/p>\n<p><a href=\"https:\/\/www.cresm-go.org.br\/portal-da-transparencia\/wp-content\/uploads\/2025\/06\/RQ-674-CONVOCACAO-1.pdf\">RQ- 674 CONVOCA\u00c7\u00c3O<\/a><\/p>\n","protected":false},"excerpt":{"rendered":"<p>PROCESSO SELETIVO SIMPLIFICADO EDITAL N.\u00ba 15.2025 STATUS: VALIDADE 6 MESES CARGOS: MOTORISTA\u00a0 PROCESSO SELETIVO EDITAL 15.2025 &#8211; MOTORISTA RQ- 675 CRONOGRAMA RQ- 675 CRONOGRAMA-RETIFICADO RQ- 693 TRIAGEM CURRICULAR RQ- 682 SELECIONADOS PARA PROVA E ENTREVISTA RQ- 679 RESULTADO PRELIMINAR RQ-678 FORMUL\u00c1RIO DE RECURSO RQ-680 RESULTADO FINAL RQ- 683 VALIDADE DO PROCESSO SELETIVO RQ- 674 CONVOCA\u00c7\u00c3O<\/p>\n","protected":false},"author":14,"featured_media":0,"parent":0,"menu_order":20,"comment_status":"closed","ping_status":"closed","template":"","meta":{"_acf_changed":false,"footnotes":""},"class_list":["post-3761","page","type-page","status-publish","hentry"],"acf":[],"_links":{"self":[{"href":"https:\/\/www.cresm-go.org.br\/portal-da-transparencia\/wp-json\/wp\/v2\/pages\/3761","targetHints":{"allow":["GET"]}}],"collection":[{"href":"https:\/\/www.cresm-go.org.br\/portal-da-transparencia\/wp-json\/wp\/v2\/pages"}],"about":[{"href":"https:\/\/www.cresm-go.org.br\/portal-da-transparencia\/wp-json\/wp\/v2\/types\/page"}],"author":[{"embeddable":true,"href":"https:\/\/www.cresm-go.org.br\/portal-da-transparencia\/wp-json\/wp\/v2\/users\/14"}],"replies":[{"embeddable":true,"href":"https:\/\/www.cresm-go.org.br\/portal-da-transparencia\/wp-json\/wp\/v2\/comments?post=3761"}],"version-history":[{"count":10,"href":"https:\/\/www.cresm-go.org.br\/portal-da-transparencia\/wp-json\/wp\/v2\/pages\/3761\/revisions"}],"predecessor-version":[{"id":4075,"href":"https:\/\/www.cresm-go.org.br\/portal-da-transparencia\/wp-json\/wp\/v2\/pages\/3761\/revisions\/4075"}],"wp:attachment":[{"href":"https:\/\/www.cresm-go.org.br\/portal-da-transparencia\/wp-json\/wp\/v2\/media?parent=3761"}],"curies":[{"name":"wp","href":"https:\/\/api.w.org\/{rel}","templated":true}]}}