{"id":3545,"date":"2025-03-28T14:15:28","date_gmt":"2025-03-28T17:15:28","guid":{"rendered":"https:\/\/www.cresm-go.org.br\/portal-da-transparencia\/?page_id=3545"},"modified":"2025-07-30T10:00:47","modified_gmt":"2025-07-30T13:00:47","slug":"processo-seletivo-simplificado-edital-n-o-11-2025","status":"publish","type":"page","link":"https:\/\/www.cresm-go.org.br\/portal-da-transparencia\/processo-seletivo-simplificado-edital-n-o-11-2025\/","title":{"rendered":"PROCESSO SELETIVO SIMPLIFICADO EDITAL N.\u00ba 11.2025 TELEFONISTA I"},"content":{"rendered":"<p>PROCESSO SELETIVO SIMPLIFICADO EDITAL N.\u00ba 11.2025<\/p>\n<p>STATUS: VALIDADE 6 MESES<\/p>\n<p>CARGOS:<\/p>\n<ul>\n<li>\u00a0<b>TELEFONISTA I<\/b><\/li>\n<\/ul>\n<p><a href=\"https:\/\/www.cresm-go.org.br\/portal-da-transparencia\/wp-content\/uploads\/2025\/03\/EDITAL-11.2025-TELEFONISTA.pdf\">EDITAL 11.2025 TELEFONISTA<\/a><\/p>\n<p><a href=\"https:\/\/www.cresm-go.org.br\/portal-da-transparencia\/wp-content\/uploads\/2025\/04\/RQ-675-CORNOGRAMA-2.pdf\">RQ- 675 CORNOGRAMA<\/a><\/p>\n<p><a href=\"https:\/\/www.cresm-go.org.br\/portal-da-transparencia\/wp-content\/uploads\/2025\/04\/RQ-675-CORNOGRAMA-2-1.pdf\">RQ- 675 CORNOGRAMA-<span style=\"color: #ff0000;\">RETIFICADO<\/span><\/a><\/p>\n<p><a href=\"https:\/\/www.cresm-go.org.br\/portal-da-transparencia\/wp-content\/uploads\/2025\/04\/RQ-693-TRIAGEM-CURRICULAR.pdf\">RQ-693 TRIAGEM CURRICULAR<\/a><\/p>\n<p><a href=\"https:\/\/www.cresm-go.org.br\/portal-da-transparencia\/wp-content\/uploads\/2025\/04\/RQ-SELECIONADOS-PARA-PROVA-E-ENTREVISTA.pdf\">RQ682-SELECIONADOS PARA PROVA E ENTREVISTA<\/a><\/p>\n<p><a href=\"https:\/\/www.cresm-go.org.br\/portal-da-transparencia\/wp-content\/uploads\/2025\/04\/RQ-679-RESULTADO-PRELIMINAR-2.pdf\">RQ-679 RESULTADO PRELIMINAR<\/a><\/p>\n<p><a href=\"https:\/\/www.cresm-go.org.br\/portal-da-transparencia\/wp-content\/uploads\/2025\/04\/RQ-678-RECURSO-2.pdf\">RQ-678 FORMUL\u00c1RIO DE RECURSO<\/a><\/p>\n<p><a href=\"https:\/\/www.cresm-go.org.br\/portal-da-transparencia\/wp-content\/uploads\/2025\/04\/RQ-680-RESULTADO-FINAL-1.pdf\">RQ-680 RESULTADO FINAL<\/a><\/p>\n<p><span style=\"color: #000000;\"><a href=\"https:\/\/www.cresm-go.org.br\/portal-da-transparencia\/wp-content\/uploads\/2025\/04\/RQ-683-VALIDADE-DO-PROCESSO.pdf\">RQ-683 VALIDADE DO PROCESSO<\/a><\/span><\/p>\n<p><a href=\"https:\/\/www.cresm-go.org.br\/portal-da-transparencia\/wp-content\/uploads\/2025\/04\/RQ-674-CONVOCACAO.pdf\">RQ 674 CONVOCA\u00c7\u00c3O<\/a><\/p>\n","protected":false},"excerpt":{"rendered":"<p>PROCESSO SELETIVO SIMPLIFICADO EDITAL N.\u00ba 11.2025 STATUS: VALIDADE 6 MESES CARGOS: \u00a0TELEFONISTA I EDITAL 11.2025 TELEFONISTA RQ- 675 CORNOGRAMA RQ- 675 CORNOGRAMA-RETIFICADO RQ-693 TRIAGEM CURRICULAR RQ682-SELECIONADOS PARA PROVA E ENTREVISTA RQ-679 RESULTADO PRELIMINAR RQ-678 FORMUL\u00c1RIO DE RECURSO RQ-680 RESULTADO FINAL RQ-683 VALIDADE DO PROCESSO RQ 674 CONVOCA\u00c7\u00c3O<\/p>\n","protected":false},"author":14,"featured_media":0,"parent":0,"menu_order":24,"comment_status":"closed","ping_status":"closed","template":"","meta":{"_acf_changed":false,"footnotes":""},"class_list":["post-3545","page","type-page","status-publish","hentry"],"acf":[],"_links":{"self":[{"href":"https:\/\/www.cresm-go.org.br\/portal-da-transparencia\/wp-json\/wp\/v2\/pages\/3545","targetHints":{"allow":["GET"]}}],"collection":[{"href":"https:\/\/www.cresm-go.org.br\/portal-da-transparencia\/wp-json\/wp\/v2\/pages"}],"about":[{"href":"https:\/\/www.cresm-go.org.br\/portal-da-transparencia\/wp-json\/wp\/v2\/types\/page"}],"author":[{"embeddable":true,"href":"https:\/\/www.cresm-go.org.br\/portal-da-transparencia\/wp-json\/wp\/v2\/users\/14"}],"replies":[{"embeddable":true,"href":"https:\/\/www.cresm-go.org.br\/portal-da-transparencia\/wp-json\/wp\/v2\/comments?post=3545"}],"version-history":[{"count":11,"href":"https:\/\/www.cresm-go.org.br\/portal-da-transparencia\/wp-json\/wp\/v2\/pages\/3545\/revisions"}],"predecessor-version":[{"id":4196,"href":"https:\/\/www.cresm-go.org.br\/portal-da-transparencia\/wp-json\/wp\/v2\/pages\/3545\/revisions\/4196"}],"wp:attachment":[{"href":"https:\/\/www.cresm-go.org.br\/portal-da-transparencia\/wp-json\/wp\/v2\/media?parent=3545"}],"curies":[{"name":"wp","href":"https:\/\/api.w.org\/{rel}","templated":true}]}}