{"id":2945,"date":"2025-01-22T14:52:14","date_gmt":"2025-01-22T17:52:14","guid":{"rendered":"https:\/\/www.cresm-go.org.br\/portal-da-transparencia\/?page_id=2945"},"modified":"2025-07-30T10:38:59","modified_gmt":"2025-07-30T13:38:59","slug":"processo-seletivo-simplificado-edital-n-o-04-2025","status":"publish","type":"page","link":"https:\/\/www.cresm-go.org.br\/portal-da-transparencia\/processo-seletivo-simplificado-edital-n-o-04-2025\/","title":{"rendered":"PROCESSO SELETIVO SIMPLIFICADO EDITAL N.\u00ba 04.2025 AUXILIAR DE FARM\u00c1CIA \u2160"},"content":{"rendered":"<p>PROCESSO SELETIVO SIMPLIFICADO EDITAL N.\u00ba 04.2025<\/p>\n<p>STATUS: VALIDADE 6 MESES<\/p>\n<p><strong>CARGOS:\u00a0 <\/strong><\/p>\n<ul>\n<li><strong>AUXILIAR DE FARM\u00c1CIA \u2160<\/strong><\/li>\n<\/ul>\n<p><a href=\"https:\/\/www.cresm-go.org.br\/portal-da-transparencia\/wp-content\/uploads\/2025\/01\/EDITAL-04.2025-AUXILIAR-DE-FARMACIA.pdf\">EDITAL 04.2025\u00a0 AUXILIAR DE FARM\u00c1CIA<\/a><\/p>\n<p><a href=\"https:\/\/www.cresm-go.org.br\/portal-da-transparencia\/wp-content\/uploads\/2025\/01\/CRONOGRAMA-4.pdf\">CRONOGRAMA<\/a><\/p>\n<p><a href=\"https:\/\/www.cresm-go.org.br\/portal-da-transparencia\/wp-content\/uploads\/2025\/02\/TTRIAGEM-CURRICULAR.pdf\">TRIAGEM CURRICULAR<\/a><\/p>\n<p><a href=\"https:\/\/www.cresm-go.org.br\/portal-da-transparencia\/wp-content\/uploads\/2025\/02\/TTRIAGEM-CURRICULAR-RETIFICADO.pdf\">TTRIAGEM CURRICULAR- RETIFICADO<\/a><\/p>\n<p><a href=\"https:\/\/www.cresm-go.org.br\/portal-da-transparencia\/wp-content\/uploads\/2025\/02\/APROVADOS-PARA-PROVA-E-ENTREVISTA-1.pdf\">APROVADOS PARA PROVA E ENTREVISTA<\/a><\/p>\n<p><a href=\"https:\/\/www.cresm-go.org.br\/portal-da-transparencia\/wp-content\/uploads\/2025\/02\/RESULTADO-PRELIMINAR-6.pdf\">RESULTADO PRELIMINAR<\/a><\/p>\n<p><a href=\"https:\/\/www.cresm-go.org.br\/portal-da-transparencia\/wp-content\/uploads\/2025\/02\/RQ-678-FORMULARIO-DO-RECURSO.pdf\">RQ 678 FORM\u00daLARIO DO RECURSO<\/a><\/p>\n<p><a href=\"https:\/\/www.cresm-go.org.br\/portal-da-transparencia\/wp-content\/uploads\/2025\/02\/RQ-680-RESULTADO-FINAL-3.pdf\">RQ- 680 RESULTADO FINAL<\/a><\/p>\n<p><a href=\"https:\/\/www.cresm-go.org.br\/portal-da-transparencia\/wp-content\/uploads\/2025\/02\/RQ-683-VALIDADE-DO-PROCESSO.pdf\">RQ-683 VALIDADE DO PROCESSO<\/a><\/p>\n<p><a href=\"https:\/\/www.cresm-go.org.br\/portal-da-transparencia\/wp-content\/uploads\/2025\/02\/RQ-674-CONVOCACAO.pdf\">RQ- 674 CONVOCA\u00c7\u00c3O<\/a><\/p>\n<p><a href=\"https:\/\/www.cresm-go.org.br\/portal-da-transparencia\/wp-content\/uploads\/2025\/03\/RQ-674-CONVOCACAO-2.pdf\">RQ- 674 CONVOCA\u00c7\u00c3O -2<\/a><\/p>\n<p>&nbsp;<\/p>\n","protected":false},"excerpt":{"rendered":"<p>PROCESSO SELETIVO SIMPLIFICADO EDITAL N.\u00ba 04.2025 STATUS: VALIDADE 6 MESES CARGOS:\u00a0 AUXILIAR DE FARM\u00c1CIA \u2160 EDITAL 04.2025\u00a0 AUXILIAR DE FARM\u00c1CIA CRONOGRAMA TRIAGEM CURRICULAR TTRIAGEM CURRICULAR- RETIFICADO APROVADOS PARA PROVA E ENTREVISTA RESULTADO PRELIMINAR RQ 678 FORM\u00daLARIO DO RECURSO RQ- 680 RESULTADO FINAL RQ-683 VALIDADE DO PROCESSO RQ- 674 CONVOCA\u00c7\u00c3O RQ- 674 CONVOCA\u00c7\u00c3O -2 &nbsp;<\/p>\n","protected":false},"author":14,"featured_media":0,"parent":0,"menu_order":32,"comment_status":"closed","ping_status":"closed","template":"","meta":{"_acf_changed":false,"footnotes":""},"class_list":["post-2945","page","type-page","status-publish","hentry"],"acf":[],"_links":{"self":[{"href":"https:\/\/www.cresm-go.org.br\/portal-da-transparencia\/wp-json\/wp\/v2\/pages\/2945","targetHints":{"allow":["GET"]}}],"collection":[{"href":"https:\/\/www.cresm-go.org.br\/portal-da-transparencia\/wp-json\/wp\/v2\/pages"}],"about":[{"href":"https:\/\/www.cresm-go.org.br\/portal-da-transparencia\/wp-json\/wp\/v2\/types\/page"}],"author":[{"embeddable":true,"href":"https:\/\/www.cresm-go.org.br\/portal-da-transparencia\/wp-json\/wp\/v2\/users\/14"}],"replies":[{"embeddable":true,"href":"https:\/\/www.cresm-go.org.br\/portal-da-transparencia\/wp-json\/wp\/v2\/comments?post=2945"}],"version-history":[{"count":16,"href":"https:\/\/www.cresm-go.org.br\/portal-da-transparencia\/wp-json\/wp\/v2\/pages\/2945\/revisions"}],"predecessor-version":[{"id":4203,"href":"https:\/\/www.cresm-go.org.br\/portal-da-transparencia\/wp-json\/wp\/v2\/pages\/2945\/revisions\/4203"}],"wp:attachment":[{"href":"https:\/\/www.cresm-go.org.br\/portal-da-transparencia\/wp-json\/wp\/v2\/media?parent=2945"}],"curies":[{"name":"wp","href":"https:\/\/api.w.org\/{rel}","templated":true}]}}