{"id":2939,"date":"2025-01-22T14:41:55","date_gmt":"2025-01-22T17:41:55","guid":{"rendered":"https:\/\/www.cresm-go.org.br\/portal-da-transparencia\/?page_id=2939"},"modified":"2025-09-30T09:29:23","modified_gmt":"2025-09-30T12:29:23","slug":"processo-seletivo-simplificado-edital-n-o-03-2025","status":"publish","type":"page","link":"https:\/\/www.cresm-go.org.br\/portal-da-transparencia\/processo-seletivo-simplificado-edital-n-o-03-2025\/","title":{"rendered":"PROCESSO SELETIVO SIMPLIFICADO EDITAL N.\u00ba 03.2025 ENFERMEIRO(A)"},"content":{"rendered":"<p>PROCESSO SELETIVO SIMPLIFICADO EDITAL N.\u00ba 03.2025<\/p>\n<p>STATUS: VALIDADE 6 MESES<\/p>\n<p><strong>CARGOS:\u00a0 <\/strong><\/p>\n<ul>\n<li><strong>ENFERMEIRO(A)<\/strong><\/li>\n<\/ul>\n<p><a href=\"https:\/\/www.cresm-go.org.br\/portal-da-transparencia\/wp-content\/uploads\/2025\/01\/EDITAL-03.2025-ENFERMEIROA.pdf\">EDITAL 03.2025 ENFERMEIRO(A)<\/a><\/p>\n<p><a href=\"https:\/\/www.cresm-go.org.br\/portal-da-transparencia\/wp-content\/uploads\/2025\/01\/CRONOGRAMA-3.pdf\">CRONOGRAMA<\/a><\/p>\n<p><a href=\"https:\/\/www.cresm-go.org.br\/portal-da-transparencia\/wp-content\/uploads\/2025\/02\/CRONOGRAMA-RETIFICADO-1.pdf\">CRONOGRAMA-<span style=\"color: #ff0000;\">RETIFICADO<\/span><\/a><\/p>\n<p><a href=\"https:\/\/www.cresm-go.org.br\/portal-da-transparencia\/wp-content\/uploads\/2025\/02\/TRIAGEM-CURRICULAR.pdf\">TRIAGEM CURRICULAR<\/a><\/p>\n<p><a href=\"https:\/\/www.cresm-go.org.br\/portal-da-transparencia\/wp-content\/uploads\/2025\/02\/APROVADOS-PARA-PROVA-E-ENTREVISTA-3.pdf\">APROVADOS PARA PROVA E ENTREVISTA<\/a><\/p>\n<p><a href=\"https:\/\/www.cresm-go.org.br\/portal-da-transparencia\/wp-content\/uploads\/2025\/02\/RQ-679-RESULTADO-PRELIMINAR-1.pdf\">RQ- 679 RESULTADO PRELIMINAR<\/a><\/p>\n<p><a href=\"https:\/\/www.cresm-go.org.br\/portal-da-transparencia\/wp-content\/uploads\/2025\/02\/RQ-679-RESULTADO-PRELIMINAR-RETIFICADO.pdf\">RQ- 679 RESULTADO PRELIMINAR-<span style=\"color: #ff0000;\"> RETIFICADO<\/span><\/a><\/p>\n<p><a href=\"https:\/\/www.cresm-go.org.br\/portal-da-transparencia\/wp-content\/uploads\/2025\/02\/RQ-679-FORMULARIO-DE-RECURSO.pdf\">RQ- 679 FORMUL\u00c1RIO DE RECURSO<\/a><\/p>\n<p><a href=\"https:\/\/www.cresm-go.org.br\/portal-da-transparencia\/wp-content\/uploads\/2025\/02\/RQ-680-RESULTADO-FINAL-5.pdf\">RQ-680 RESULTADO FINAL<\/a><\/p>\n<p><a href=\"https:\/\/www.cresm-go.org.br\/portal-da-transparencia\/wp-content\/uploads\/2025\/02\/RQ-683-VALIDADE-DE-PROCESSO-SELETIVO.pdf\">RQ-683 VALIDADE DE PROCESSO SELETIVO<\/a><\/p>\n<p><a href=\"https:\/\/www.cresm-go.org.br\/portal-da-transparencia\/wp-content\/uploads\/2025\/03\/RQ-674-CONVOCACAO.pdf\">RQ-674 CONVOCA\u00c7\u00c3O<\/a><\/p>\n<p><a href=\"https:\/\/www.cresm-go.org.br\/portal-da-transparencia\/wp-content\/uploads\/2025\/09\/RQ-674-CONVOCACAO-2-1.pdf\">RQ-674 CONVOCA\u00c7\u00c3O-2<\/a><\/p>\n<p>&nbsp;<\/p>\n<p>&nbsp;<\/p>\n","protected":false},"excerpt":{"rendered":"<p>PROCESSO SELETIVO SIMPLIFICADO EDITAL N.\u00ba 03.2025 STATUS: VALIDADE 6 MESES CARGOS:\u00a0 ENFERMEIRO(A) EDITAL 03.2025 ENFERMEIRO(A) CRONOGRAMA CRONOGRAMA-RETIFICADO TRIAGEM CURRICULAR APROVADOS PARA PROVA E ENTREVISTA RQ- 679 RESULTADO PRELIMINAR RQ- 679 RESULTADO PRELIMINAR- RETIFICADO RQ- 679 FORMUL\u00c1RIO DE RECURSO RQ-680 RESULTADO FINAL RQ-683 VALIDADE DE PROCESSO SELETIVO RQ-674 CONVOCA\u00c7\u00c3O RQ-674 CONVOCA\u00c7\u00c3O-2 &nbsp; &nbsp;<\/p>\n","protected":false},"author":14,"featured_media":0,"parent":0,"menu_order":33,"comment_status":"closed","ping_status":"closed","template":"","meta":{"_acf_changed":false,"footnotes":""},"class_list":["post-2939","page","type-page","status-publish","hentry"],"acf":[],"_links":{"self":[{"href":"https:\/\/www.cresm-go.org.br\/portal-da-transparencia\/wp-json\/wp\/v2\/pages\/2939","targetHints":{"allow":["GET"]}}],"collection":[{"href":"https:\/\/www.cresm-go.org.br\/portal-da-transparencia\/wp-json\/wp\/v2\/pages"}],"about":[{"href":"https:\/\/www.cresm-go.org.br\/portal-da-transparencia\/wp-json\/wp\/v2\/types\/page"}],"author":[{"embeddable":true,"href":"https:\/\/www.cresm-go.org.br\/portal-da-transparencia\/wp-json\/wp\/v2\/users\/14"}],"replies":[{"embeddable":true,"href":"https:\/\/www.cresm-go.org.br\/portal-da-transparencia\/wp-json\/wp\/v2\/comments?post=2939"}],"version-history":[{"count":20,"href":"https:\/\/www.cresm-go.org.br\/portal-da-transparencia\/wp-json\/wp\/v2\/pages\/2939\/revisions"}],"predecessor-version":[{"id":4479,"href":"https:\/\/www.cresm-go.org.br\/portal-da-transparencia\/wp-json\/wp\/v2\/pages\/2939\/revisions\/4479"}],"wp:attachment":[{"href":"https:\/\/www.cresm-go.org.br\/portal-da-transparencia\/wp-json\/wp\/v2\/media?parent=2939"}],"curies":[{"name":"wp","href":"https:\/\/api.w.org\/{rel}","templated":true}]}}