{"id":2823,"date":"2025-01-07T13:47:36","date_gmt":"2025-01-07T16:47:36","guid":{"rendered":"https:\/\/www.cresm-go.org.br\/portal-da-transparencia\/?page_id=2823"},"modified":"2025-07-30T10:43:13","modified_gmt":"2025-07-30T13:43:13","slug":"processo-seletivo-simplificado-edital-n-o-01-2025","status":"publish","type":"page","link":"https:\/\/www.cresm-go.org.br\/portal-da-transparencia\/processo-seletivo-simplificado-edital-n-o-01-2025\/","title":{"rendered":"PROCESSO SELETIVO SIMPLIFICADO EDITAL N.\u00ba 01\/2025 ARTETERAPEUTA (AMPLA CONCORR\u00caNCIA \u2013 PCD\u00a0 E  EDUCADOR (A) F\u00cdSICO"},"content":{"rendered":"<p>PROCESSO SELETIVO SIMPLIFICADO EDITAL N.\u00ba 01.2025<\/p>\n<p>STATUS: VALIDADE 6 MESES<\/p>\n<p><strong>CARGOS: <\/strong><\/p>\n<ul>\n<li><strong>ARTETERAPEUTA (AMPLA CONCORR\u00caNCIA \u2013 PCD\u00a0<\/strong><\/li>\n<li><strong>EDUCADOR (A) F\u00cdSICO<\/strong><\/li>\n<li><strong><span style=\"color: #ff0000;\">TERAPEUTA OCUPACIONAL (AMPLA CONCORR\u00caNCIA \u2013 PCD) &#8211; CANCELADO\u00a0<\/span><\/strong><\/li>\n<\/ul>\n<p><a href=\"https:\/\/www.cresm-go.org.br\/portal-da-transparencia\/wp-content\/uploads\/2025\/01\/EDITAL-ARTETERAPEUTA.pdf\">EDITAL 01.2025 ARTETERAPEUTA (AMPLA CONCORR\u00caNCIA \u2013 PCD)<\/a><\/p>\n<p><a href=\"https:\/\/www.cresm-go.org.br\/portal-da-transparencia\/wp-content\/uploads\/2025\/01\/TERAPEUTA-1.pdf\">EDITAL 01.2025 TERAPEUTA OCUPACIONAL (AMPLA CONCORR\u00caNCIA \u2013 PCD)<\/a><\/p>\n<p><a href=\"https:\/\/www.cresm-go.org.br\/portal-da-transparencia\/wp-content\/uploads\/2025\/01\/EDUCADOR-FI\u00b4SICO-1.pdf\">EDITAL 01.2025 EDUCADOR (A) F\u00cdSICO<\/a><\/p>\n<p><a href=\"https:\/\/www.cresm-go.org.br\/portal-da-transparencia\/wp-content\/uploads\/2025\/01\/CRONOGRAMA-5.pdf\">CRONOGRAMA<\/a><\/p>\n<p><a href=\"https:\/\/www.cresm-go.org.br\/portal-da-transparencia\/wp-content\/uploads\/2025\/01\/CRONOGRMA-RETIFICADO-TERAPEUTA-OCUPACIONAL-1.pdf\">CRONOGRMA-RETIFICADO-TERAPEUTA-OCUPACIONAL 1<\/a><\/p>\n<p><a href=\"https:\/\/www.cresm-go.org.br\/portal-da-transparencia\/wp-content\/uploads\/2025\/01\/CRONOGRMA-RETIFICADO-TERAPE.pdf\">CRONOGRMA RETIFICADO- TERAPEUTA OCUPACIONAL 2<\/a><\/p>\n<p><a href=\"https:\/\/www.cresm-go.org.br\/portal-da-transparencia\/wp-content\/uploads\/2025\/01\/CRONOGRMA-RETIFICADO-2.pdf\">CRONOGRMA RETIFICADO- TERAPEUTA OCUPACIONAL3<\/a><\/p>\n<p><a href=\"https:\/\/www.cresm-go.org.br\/portal-da-transparencia\/wp-content\/uploads\/2025\/01\/CRONOGRMA-RETIFICADO-3.pdf\">CRONOGRMA RETIFICADO -TERAPEUTA OCUPACIONAL 4<\/a><\/p>\n<p><a href=\"https:\/\/www.cresm-go.org.br\/portal-da-transparencia\/wp-content\/uploads\/2025\/01\/TRIAGEM-CURRICULAR-ARTETERAPEUTA-E-EDUCADORA-FISICO.pdf\">TRIAGEM CURR\u00cdCULAR- ARTETERAPEUTA E EDUCADOR(A) FIS\u00cdCO<\/a><\/p>\n<p><a href=\"https:\/\/www.cresm-go.org.br\/portal-da-transparencia\/wp-content\/uploads\/2025\/01\/CRONOGRAMA-REITICADO-ARTETERAPEUTA-E-EDUCADOR-FISICO.pdf\">CRONOGRAMA-REITICADO ARTETERAPEUTA E EDUCADOR F\u00cdSICO<\/a><\/p>\n<p><a href=\"https:\/\/www.cresm-go.org.br\/portal-da-transparencia\/wp-content\/uploads\/2025\/01\/SELECIONADOS-PARA-PROVA-E-ENTREVISTA.pdf\">SELECIONADOS PARA PROVA E ENTREVISTA<\/a><\/p>\n<p><a href=\"https:\/\/www.cresm-go.org.br\/portal-da-transparencia\/wp-content\/uploads\/2025\/01\/RESULTADO-PRELIMINAR.pdf\">RESULTADO PRELIMINAR<\/a><\/p>\n<p><a href=\"https:\/\/www.cresm-go.org.br\/portal-da-transparencia\/wp-content\/uploads\/2025\/02\/FORMULARIO-DE-RECURSOS.pdf\">FORMUL\u00c1RIO DE RECURSOS<\/a><\/p>\n<p><a href=\"https:\/\/www.cresm-go.org.br\/portal-da-transparencia\/wp-content\/uploads\/2025\/02\/RESULTADO-FINAL.pdf\">RESULTADO FINAL<\/a><\/p>\n<p><a href=\"https:\/\/www.cresm-go.org.br\/portal-da-transparencia\/wp-content\/uploads\/2025\/02\/RESULTADO-FINAL-ARTETERAPEUTA.pdf\">RESULTADO FINAL ARTETERAPEUTA -RETIFICADO\u00a0<\/a><\/p>\n<p><a href=\"https:\/\/www.cresm-go.org.br\/portal-da-transparencia\/wp-content\/uploads\/2025\/02\/RESULTADO-FINAL-EDUCADOR-FISICO.pdf\">RESULTADO FINAL EDUCADOR FIS\u00cdCO-RETIFICADO\u00a0<\/a><\/p>\n<p><a href=\"https:\/\/www.cresm-go.org.br\/portal-da-transparencia\/wp-content\/uploads\/2025\/02\/RQ-683-VALIDADE-DO-PROCESSO-SELETIVO.pdf\">RQ 683 VALIDADE DO PROCESSO SELETIVO<\/a><\/p>\n<p><a href=\"https:\/\/www.cresm-go.org.br\/portal-da-transparencia\/wp-content\/uploads\/2025\/02\/CONVOCACAO-ARTETERAPEUTA.pdf\">CONVOCA\u00c7\u00c3O ARTETERAPEUTA<\/a><\/p>\n<p><a href=\"https:\/\/www.cresm-go.org.br\/portal-da-transparencia\/wp-content\/uploads\/2025\/02\/CONVOCACAO-EDUCADOR-FISICO-1.pdf\">CONVOCA\u00c7\u00c3O EDUCADOR F\u00cdSICO<\/a><\/p>\n<p><a href=\"https:\/\/www.cresm-go.org.br\/portal-da-transparencia\/wp-content\/uploads\/2025\/02\/COMUNICADO.pdf\">COMUNICADO<\/a><\/p>\n<p>&nbsp;<\/p>\n","protected":false},"excerpt":{"rendered":"<p>PROCESSO SELETIVO SIMPLIFICADO EDITAL N.\u00ba 01.2025 STATUS: VALIDADE 6 MESES CARGOS: ARTETERAPEUTA (AMPLA CONCORR\u00caNCIA \u2013 PCD\u00a0 EDUCADOR (A) F\u00cdSICO TERAPEUTA OCUPACIONAL (AMPLA CONCORR\u00caNCIA \u2013 PCD) &#8211; CANCELADO\u00a0 EDITAL 01.2025 ARTETERAPEUTA (AMPLA CONCORR\u00caNCIA \u2013 PCD) EDITAL 01.2025 TERAPEUTA OCUPACIONAL (AMPLA CONCORR\u00caNCIA \u2013 PCD) EDITAL 01.2025 EDUCADOR (A) F\u00cdSICO CRONOGRAMA CRONOGRMA-RETIFICADO-TERAPEUTA-OCUPACIONAL 1 CRONOGRMA RETIFICADO- TERAPEUTA OCUPACIONAL 2 [&hellip;]<\/p>\n","protected":false},"author":5,"featured_media":0,"parent":0,"menu_order":37,"comment_status":"closed","ping_status":"closed","template":"","meta":{"_acf_changed":false,"footnotes":""},"class_list":["post-2823","page","type-page","status-publish","hentry"],"acf":[],"_links":{"self":[{"href":"https:\/\/www.cresm-go.org.br\/portal-da-transparencia\/wp-json\/wp\/v2\/pages\/2823","targetHints":{"allow":["GET"]}}],"collection":[{"href":"https:\/\/www.cresm-go.org.br\/portal-da-transparencia\/wp-json\/wp\/v2\/pages"}],"about":[{"href":"https:\/\/www.cresm-go.org.br\/portal-da-transparencia\/wp-json\/wp\/v2\/types\/page"}],"author":[{"embeddable":true,"href":"https:\/\/www.cresm-go.org.br\/portal-da-transparencia\/wp-json\/wp\/v2\/users\/5"}],"replies":[{"embeddable":true,"href":"https:\/\/www.cresm-go.org.br\/portal-da-transparencia\/wp-json\/wp\/v2\/comments?post=2823"}],"version-history":[{"count":27,"href":"https:\/\/www.cresm-go.org.br\/portal-da-transparencia\/wp-json\/wp\/v2\/pages\/2823\/revisions"}],"predecessor-version":[{"id":4205,"href":"https:\/\/www.cresm-go.org.br\/portal-da-transparencia\/wp-json\/wp\/v2\/pages\/2823\/revisions\/4205"}],"wp:attachment":[{"href":"https:\/\/www.cresm-go.org.br\/portal-da-transparencia\/wp-json\/wp\/v2\/media?parent=2823"}],"curies":[{"name":"wp","href":"https:\/\/api.w.org\/{rel}","templated":true}]}}