{"id":2686,"date":"2024-12-04T15:47:00","date_gmt":"2024-12-04T18:47:00","guid":{"rendered":"https:\/\/www.cresm-go.org.br\/portal-da-transparencia\/?page_id=2686"},"modified":"2025-01-30T16:39:13","modified_gmt":"2025-01-30T19:39:13","slug":"processo-seletivo-simplificado-edital-n-o15-2024","status":"publish","type":"page","link":"https:\/\/www.cresm-go.org.br\/portal-da-transparencia\/processo-seletivo-simplificado-edital-n-o15-2024\/","title":{"rendered":"PROCESSO SELETIVO SIMPLIFICADO EDITAL N.\u00ba15\/2024"},"content":{"rendered":"<div class=\"boxTnbCapaPages\">PROCESSO SELETIVO SIMPLIFICADO EDITAL N.\u00ba15\/2024<\/div>\n<div class=\"row\">\n<div class=\"col-lg-12 col-sm-12 entryContent\">\n<p>STATUS: VALIDADE (6 Meses)<\/p>\n<p><strong>CARGOS:<\/strong><\/p>\n<ul>\n<li>AUXILIAR DE ENFERMAGEM<\/li>\n<\/ul>\n<p><a href=\"https:\/\/www.cresm-go.org.br\/portal-da-transparencia\/wp-content\/uploads\/2024\/12\/PROCESSO-SELETIVO-EDITAL15.2024-AUXILIAR-DE-ENFERMAGEM.pdf\">EDITAL15.2024 AUXILIAR DE ENFERMAGEM<\/a><\/p>\n<p><a href=\"https:\/\/www.cresm-go.org.br\/portal-da-transparencia\/wp-content\/uploads\/2024\/12\/EDITAL-15.2024-AUXILIAR-DE-ENFERMAGEM-RETIFICADO-1.pdf\">EDITAL 15.2024 AUXILIAR DE ENFERMAGEM-RETIFICADO<\/a><\/p>\n<p><a href=\"https:\/\/www.cresm-go.org.br\/portal-da-transparencia\/wp-content\/uploads\/2024\/12\/CRONOGRAMA-6.pdf\">CRONOGRAMA<\/a><\/p>\n<p><a href=\"https:\/\/www.cresm-go.org.br\/portal-da-transparencia\/wp-content\/uploads\/2024\/12\/TRIAGEM-CURRICULAR.pdf\">TRIAGEM CURRICULAR<\/a><\/p>\n<p><a href=\"https:\/\/www.cresm-go.org.br\/portal-da-transparencia\/wp-content\/uploads\/2024\/12\/TRIAGEM-CURRICULAR-RETIFICADO.pdf\">TRIAGEM CURRICULAR-RETIFICADO<\/a><\/p>\n<p><a href=\"https:\/\/www.cresm-go.org.br\/portal-da-transparencia\/wp-content\/uploads\/2024\/12\/SELECIONADOS-PARA-PROVA-E-ENTREVISTA-2.pdf\">SELECIONADOS PARA PROVA E ENTREVISTA<\/a><\/p>\n<p><a href=\"https:\/\/www.cresm-go.org.br\/portal-da-transparencia\/wp-content\/uploads\/2024\/12\/RESULTADO-PRELIMINAR.pdf\">RESULTADO PRELIMINAR<\/a><\/p>\n<p><a href=\"https:\/\/www.cresm-go.org.br\/portal-da-transparencia\/wp-content\/uploads\/2024\/12\/FORMULARIO-DE-RECURSO.pdf\">FORMUL\u00c1RIO DE RECURSO<\/a><\/p>\n<p><a href=\"https:\/\/www.cresm-go.org.br\/portal-da-transparencia\/wp-content\/uploads\/2024\/12\/RESULTADO-FINAL.pdf\">RESULTADO FINAL<\/a><\/p>\n<p><a href=\"https:\/\/www.cresm-go.org.br\/portal-da-transparencia\/wp-content\/uploads\/2024\/12\/VALIDADE-DO-PROCESSO-SELETIVO.pdf\">V\u00c1LIDADE DO PROCESSO SELETIVO<\/a><\/p>\n<p><a href=\"https:\/\/www.cresm-go.org.br\/portal-da-transparencia\/wp-content\/uploads\/2025\/01\/CONVOCACAO-5.pdf\">CONVOCA\u00c7\u00c3O<\/a><\/p>\n<p><a href=\"https:\/\/www.cresm-go.org.br\/portal-da-transparencia\/wp-content\/uploads\/2025\/01\/CONVOCACAO.pdf2_.pdf\">CONVOCA\u00c7\u00c3O <\/a><\/p>\n<p><a href=\"https:\/\/www.cresm-go.org.br\/portal-da-transparencia\/wp-content\/uploads\/2025\/01\/CRONOGRAMA-2.pdf2_-2.pdf\">CONVOCA\u00c7\u00c3O<\/a><\/p>\n<p><a href=\"https:\/\/www.cresm-go.org.br\/portal-da-transparencia\/wp-content\/uploads\/2025\/01\/CONVOCACAO-3-3.pdf\">CONVOCA\u00c7\u00c3O <\/a><\/p>\n<p>&nbsp;<\/p>\n<\/div>\n<\/div>\n","protected":false},"excerpt":{"rendered":"<p>PROCESSO SELETIVO SIMPLIFICADO EDITAL N.\u00ba15\/2024 STATUS: VALIDADE (6 Meses) CARGOS: AUXILIAR DE ENFERMAGEM EDITAL15.2024 AUXILIAR DE ENFERMAGEM EDITAL 15.2024 AUXILIAR DE ENFERMAGEM-RETIFICADO CRONOGRAMA TRIAGEM CURRICULAR TRIAGEM CURRICULAR-RETIFICADO SELECIONADOS PARA PROVA E ENTREVISTA RESULTADO PRELIMINAR FORMUL\u00c1RIO DE RECURSO RESULTADO FINAL V\u00c1LIDADE DO PROCESSO SELETIVO CONVOCA\u00c7\u00c3O CONVOCA\u00c7\u00c3O CONVOCA\u00c7\u00c3O CONVOCA\u00c7\u00c3O &nbsp;<\/p>\n","protected":false},"author":14,"featured_media":0,"parent":0,"menu_order":40,"comment_status":"closed","ping_status":"closed","template":"","meta":{"_acf_changed":false,"footnotes":""},"class_list":["post-2686","page","type-page","status-publish","hentry"],"acf":[],"_links":{"self":[{"href":"https:\/\/www.cresm-go.org.br\/portal-da-transparencia\/wp-json\/wp\/v2\/pages\/2686","targetHints":{"allow":["GET"]}}],"collection":[{"href":"https:\/\/www.cresm-go.org.br\/portal-da-transparencia\/wp-json\/wp\/v2\/pages"}],"about":[{"href":"https:\/\/www.cresm-go.org.br\/portal-da-transparencia\/wp-json\/wp\/v2\/types\/page"}],"author":[{"embeddable":true,"href":"https:\/\/www.cresm-go.org.br\/portal-da-transparencia\/wp-json\/wp\/v2\/users\/14"}],"replies":[{"embeddable":true,"href":"https:\/\/www.cresm-go.org.br\/portal-da-transparencia\/wp-json\/wp\/v2\/comments?post=2686"}],"version-history":[{"count":21,"href":"https:\/\/www.cresm-go.org.br\/portal-da-transparencia\/wp-json\/wp\/v2\/pages\/2686\/revisions"}],"predecessor-version":[{"id":3049,"href":"https:\/\/www.cresm-go.org.br\/portal-da-transparencia\/wp-json\/wp\/v2\/pages\/2686\/revisions\/3049"}],"wp:attachment":[{"href":"https:\/\/www.cresm-go.org.br\/portal-da-transparencia\/wp-json\/wp\/v2\/media?parent=2686"}],"curies":[{"name":"wp","href":"https:\/\/api.w.org\/{rel}","templated":true}]}}