{"id":2538,"date":"2024-10-28T11:50:47","date_gmt":"2024-10-28T14:50:47","guid":{"rendered":"https:\/\/www.cresm-go.org.br\/portal-da-transparencia\/?page_id=2538"},"modified":"2025-01-30T16:32:13","modified_gmt":"2025-01-30T19:32:13","slug":"processo-seletivo-simplificado-edital-n-o14-2024","status":"publish","type":"page","link":"https:\/\/www.cresm-go.org.br\/portal-da-transparencia\/processo-seletivo-simplificado-edital-n-o14-2024\/","title":{"rendered":"PROCESSO SELETIVO SIMPLIFICADO EDITAL N.\u00ba14\/2024"},"content":{"rendered":"<div class=\"boxTnbCapaPages\">PROCESSO SELETIVO SIMPLIFICADO EDITAL N.\u00ba14\/2024<\/div>\n<div class=\"row\">\n<div class=\"col-lg-12 col-sm-12 entryContent\">\n<p>STATUS: VALIDADE (Maio de 2025)<\/p>\n<p><strong>CARGOS:<\/strong><\/p>\n<ul>\n<li>AGENTE ADMINSTRATIVO (AMPLA CONCORR\u00caCIA -PCD)<\/li>\n<\/ul>\n<p><a href=\"https:\/\/www.cresm-go.org.br\/portal-da-transparencia\/wp-content\/uploads\/2024\/10\/EDITAL-14.2024-AGENTE-ADMISTRATIVO-AMPLA-CONCORRENCIA-PCD.pdf\">EDITAL 14.2024 &#8211; AGENTE ADMISTRATIVO (AMPLA CONCORR\u00caNCIA PCD)<\/a><\/p>\n<p><a href=\"https:\/\/www.cresm-go.org.br\/portal-da-transparencia\/wp-content\/uploads\/2024\/10\/CRONOGRAMA-PREVISTO-EDITAL-14.2024.pdf\">CRONOGRAMA PREVISTO &#8211; EDITAL 14.2024<\/a><\/p>\n<p><a href=\"https:\/\/www.cresm-go.org.br\/portal-da-transparencia\/wp-content\/uploads\/2024\/11\/EDITAL-14.2024-TRIAGEM-CURRICULAR-AGENTE-ADMINSTRATIVO-1.pdf\">TRIAGEM CURRICULAR AGENTE ADMINSTRATIVO<\/a><\/p>\n<p><a href=\"https:\/\/www.cresm-go.org.br\/portal-da-transparencia\/wp-content\/uploads\/2024\/11\/EDITAL-14.2024-SELECIONADOS-PARA-PROVA-E-ENTREVISTA.pdf\">SELECIONADOS PROVA E ENTREVISTA<\/a><\/p>\n<p><a href=\"https:\/\/www.cresm-go.org.br\/portal-da-transparencia\/wp-content\/uploads\/2024\/11\/EDITAL14.2024-RESULTADO-PRELIMINAR-2.pdf\">RESULTADO PRELIMINAR<\/a><\/p>\n<p><a href=\"https:\/\/www.cresm-go.org.br\/portal-da-transparencia\/wp-content\/uploads\/2024\/11\/EDITAL-14.2024-FORMULARIO-DE-RECURSO.pdf\">FORMUL\u00c1RIO DE RECURSO<\/a><\/p>\n<p><a href=\"https:\/\/www.cresm-go.org.br\/portal-da-transparencia\/wp-content\/uploads\/2024\/11\/RESULTADO-FINAL.pdf\">RESULTADO FINAL<\/a><\/p>\n<p><a href=\"https:\/\/www.cresm-go.org.br\/portal-da-transparencia\/wp-content\/uploads\/2024\/11\/VALIDADE-DO-PROCESSO-SELETIVO-1.pdf\">V\u00c1LIDADE DO PROCESSO SELETIVO<\/a><\/p>\n<p><a href=\"https:\/\/www.cresm-go.org.br\/portal-da-transparencia\/wp-content\/uploads\/2024\/11\/CONVOCACAO-2.pdf\">CONVOCA\u00c7\u00c3O<\/a><\/p>\n<p><a href=\"https:\/\/www.cresm-go.org.br\/portal-da-transparencia\/wp-content\/uploads\/2024\/12\/CONVOCACAO-RENATA.pdf\">CONVOCA\u00c7\u00c3O\u00a0<\/a><\/p>\n<p><a href=\"https:\/\/www.cresm-go.org.br\/portal-da-transparencia\/wp-content\/uploads\/2025\/01\/CONVOCACAO-3.pdf\">CONVOCA\u00c7\u00c3O 3<\/a><\/p>\n<\/div>\n<\/div>\n","protected":false},"excerpt":{"rendered":"<p>PROCESSO SELETIVO SIMPLIFICADO EDITAL N.\u00ba14\/2024 STATUS: VALIDADE (Maio de 2025) CARGOS: AGENTE ADMINSTRATIVO (AMPLA CONCORR\u00caCIA -PCD) EDITAL 14.2024 &#8211; AGENTE ADMISTRATIVO (AMPLA CONCORR\u00caNCIA PCD) CRONOGRAMA PREVISTO &#8211; EDITAL 14.2024 TRIAGEM CURRICULAR AGENTE ADMINSTRATIVO SELECIONADOS PROVA E ENTREVISTA RESULTADO PRELIMINAR FORMUL\u00c1RIO DE RECURSO RESULTADO FINAL V\u00c1LIDADE DO PROCESSO SELETIVO CONVOCA\u00c7\u00c3O CONVOCA\u00c7\u00c3O\u00a0 CONVOCA\u00c7\u00c3O 3<\/p>\n","protected":false},"author":5,"featured_media":0,"parent":0,"menu_order":41,"comment_status":"closed","ping_status":"closed","template":"","meta":{"_acf_changed":false,"footnotes":""},"class_list":["post-2538","page","type-page","status-publish","hentry"],"acf":[],"_links":{"self":[{"href":"https:\/\/www.cresm-go.org.br\/portal-da-transparencia\/wp-json\/wp\/v2\/pages\/2538","targetHints":{"allow":["GET"]}}],"collection":[{"href":"https:\/\/www.cresm-go.org.br\/portal-da-transparencia\/wp-json\/wp\/v2\/pages"}],"about":[{"href":"https:\/\/www.cresm-go.org.br\/portal-da-transparencia\/wp-json\/wp\/v2\/types\/page"}],"author":[{"embeddable":true,"href":"https:\/\/www.cresm-go.org.br\/portal-da-transparencia\/wp-json\/wp\/v2\/users\/5"}],"replies":[{"embeddable":true,"href":"https:\/\/www.cresm-go.org.br\/portal-da-transparencia\/wp-json\/wp\/v2\/comments?post=2538"}],"version-history":[{"count":26,"href":"https:\/\/www.cresm-go.org.br\/portal-da-transparencia\/wp-json\/wp\/v2\/pages\/2538\/revisions"}],"predecessor-version":[{"id":3045,"href":"https:\/\/www.cresm-go.org.br\/portal-da-transparencia\/wp-json\/wp\/v2\/pages\/2538\/revisions\/3045"}],"wp:attachment":[{"href":"https:\/\/www.cresm-go.org.br\/portal-da-transparencia\/wp-json\/wp\/v2\/media?parent=2538"}],"curies":[{"name":"wp","href":"https:\/\/api.w.org\/{rel}","templated":true}]}}