{"id":2515,"date":"2024-10-17T16:38:31","date_gmt":"2024-10-17T19:38:31","guid":{"rendered":"https:\/\/www.cresm-go.org.br\/portal-da-transparencia\/?page_id=2515"},"modified":"2025-01-02T15:45:58","modified_gmt":"2025-01-02T18:45:58","slug":"processo-seletivo-simplificado-edital-n-o13-2024","status":"publish","type":"page","link":"https:\/\/www.cresm-go.org.br\/portal-da-transparencia\/processo-seletivo-simplificado-edital-n-o13-2024\/","title":{"rendered":"PROCESSO SELETIVO SIMPLIFICADO EDITAL N.\u00ba13\/2024"},"content":{"rendered":"<p>PROCESSO SELETIVO SIMPLIFICADO EDITAL N.\u00ba13\/2024<\/p>\n<p>STATUS: VALIDADE (Maio de 2025)<\/p>\n<p><strong>CARGOS:<\/strong><\/p>\n<ul>\n<li>PSIC\u00d3LOGO (A) HOSPITALAR<\/li>\n<li>M\u00c9DICO (A) PSIQUIATRA<\/li>\n<\/ul>\n<p><a href=\"https:\/\/www.cresm-go.org.br\/portal-da-transparencia\/wp-content\/uploads\/2024\/10\/EDITAL-13.2024-PSICOLOGO.pdf\">EDITAL 13.2024 PSIC\u00d3LOGO<\/a><\/p>\n<p><a href=\"https:\/\/www.cresm-go.org.br\/portal-da-transparencia\/wp-content\/uploads\/2024\/10\/EDITAL-13.-2024-MEDICO-PSIQUIATRA-RETIFICADO.pdf\">EDITAL 13. 2024 &#8211; M\u00c9DICO PSIQUIATRA (RETIFICADO)<\/a><\/p>\n<p><a href=\"https:\/\/www.cresm-go.org.br\/portal-da-transparencia\/wp-content\/uploads\/2024\/10\/CRONOGRAMA-RETIFICADO-1.pdf\">CRONOGRAMA (RETIFICADO)<\/a><\/p>\n<p><a href=\"https:\/\/www.cresm-go.org.br\/portal-da-transparencia\/wp-content\/uploads\/2024\/10\/TRIAGEM-CURRICULAR-PSICOLOGO.pdf\">TRIAGEM CURR\u00cdCULAR PS\u00cdCOLOGO.<\/a><\/p>\n<p><a href=\"https:\/\/www.cresm-go.org.br\/portal-da-transparencia\/wp-content\/uploads\/2024\/10\/TRIAGEM-CURRICULAR-PSIQUIATRA.pdf\">TRIAGEM CURR\u00cdCULAR PSIQUIATRA<\/a><\/p>\n<p><a href=\"https:\/\/www.cresm-go.org.br\/portal-da-transparencia\/wp-content\/uploads\/2024\/10\/SELECIONADOS-PROVA-E-ENTREVISTA-PSICOLOGOS-A-HOPSITALAR.pdf\">SELECIONADOS PROVA E ENTREVISTA PSIC\u00d3LOGO (A) HOPSITALAR<\/a><\/p>\n<p><a href=\"https:\/\/www.cresm-go.org.br\/portal-da-transparencia\/wp-content\/uploads\/2024\/11\/PROVA-E-ENTREVISTA-MEDICOS-RETIFICADO.pdf\">PROVA E ENTREVISTA M\u00c9DICOS &#8211; RETIFICADO<\/a><\/p>\n<p><a href=\"https:\/\/www.cresm-go.org.br\/portal-da-transparencia\/wp-content\/uploads\/2024\/11\/RESULTADO-PRELIMINAR-PSICOLOGO-1.pdf\">RESULTADO PRELIMINAR PSIC\u00d3LOGO.<\/a><\/p>\n<p><a href=\"https:\/\/www.cresm-go.org.br\/portal-da-transparencia\/wp-content\/uploads\/2024\/11\/RESULTADO-PRELIMINAR-MEDICO-PSIQUIATRA-1.pdf\">RESULTADO PRELIMINAR M\u00c9DICO PSIQUIATRA.<\/a><\/p>\n<p><a href=\"https:\/\/www.cresm-go.org.br\/portal-da-transparencia\/wp-content\/uploads\/2024\/11\/FORMULARIO-DE-RECURSO.pdf\">FORMUL\u00c1RIO DE RECURSO<\/a><\/p>\n<p><a href=\"https:\/\/www.cresm-go.org.br\/portal-da-transparencia\/wp-content\/uploads\/2024\/11\/RESULTADO-FINAL-PSICOLOGO.pdf\">RESULTADO FINAL PSIC\u00d3LOGO<\/a><\/p>\n<p><a href=\"https:\/\/www.cresm-go.org.br\/portal-da-transparencia\/wp-content\/uploads\/2024\/11\/RESULTADO-FINAL-MEDICO-PSIQUIATRA-EDITAL-13.2024.pdf\">RESULTADO FINAL M\u00c9DICO PSIQUIATRA <\/a><\/p>\n<p><a href=\"https:\/\/www.cresm-go.org.br\/portal-da-transparencia\/wp-content\/uploads\/2024\/11\/VALIDADE-PROCESSO-2.pdf\">V\u00c1LIDADE PROCESSO<\/a><\/p>\n<p><a href=\"https:\/\/www.cresm-go.org.br\/portal-da-transparencia\/wp-content\/uploads\/2024\/12\/CONVOCACAO-1.pdf\">CONVOCA\u00c7\u00c3O M\u00c9DICO PSIQUIATRA\u00a0<\/a><\/p>\n<p><a href=\"https:\/\/www.cresm-go.org.br\/portal-da-transparencia\/wp-content\/uploads\/2024\/12\/CONVOCACAO-2.pdf\">CONVOCA\u00c7\u00c3O PSIC\u00d3LOGO(A)<\/a><\/p>\n<p><a href=\"https:\/\/www.cresm-go.org.br\/portal-da-transparencia\/wp-content\/uploads\/2025\/01\/CONVOCACAO-1.pdf\">CONVOCA\u00c7\u00c3O PSIC\u00d3LOGO(A)<\/a><\/p>\n","protected":false},"excerpt":{"rendered":"<p>PROCESSO SELETIVO SIMPLIFICADO EDITAL N.\u00ba13\/2024 STATUS: VALIDADE (Maio de 2025) CARGOS: PSIC\u00d3LOGO (A) HOSPITALAR M\u00c9DICO (A) PSIQUIATRA EDITAL 13.2024 PSIC\u00d3LOGO EDITAL 13. 2024 &#8211; M\u00c9DICO PSIQUIATRA (RETIFICADO) CRONOGRAMA (RETIFICADO) TRIAGEM CURR\u00cdCULAR PS\u00cdCOLOGO. TRIAGEM CURR\u00cdCULAR PSIQUIATRA SELECIONADOS PROVA E ENTREVISTA PSIC\u00d3LOGO (A) HOPSITALAR PROVA E ENTREVISTA M\u00c9DICOS &#8211; RETIFICADO RESULTADO PRELIMINAR PSIC\u00d3LOGO. RESULTADO PRELIMINAR M\u00c9DICO PSIQUIATRA. [&hellip;]<\/p>\n","protected":false},"author":5,"featured_media":0,"parent":0,"menu_order":42,"comment_status":"closed","ping_status":"closed","template":"","meta":{"_acf_changed":false,"footnotes":""},"class_list":["post-2515","page","type-page","status-publish","hentry"],"acf":[],"_links":{"self":[{"href":"https:\/\/www.cresm-go.org.br\/portal-da-transparencia\/wp-json\/wp\/v2\/pages\/2515","targetHints":{"allow":["GET"]}}],"collection":[{"href":"https:\/\/www.cresm-go.org.br\/portal-da-transparencia\/wp-json\/wp\/v2\/pages"}],"about":[{"href":"https:\/\/www.cresm-go.org.br\/portal-da-transparencia\/wp-json\/wp\/v2\/types\/page"}],"author":[{"embeddable":true,"href":"https:\/\/www.cresm-go.org.br\/portal-da-transparencia\/wp-json\/wp\/v2\/users\/5"}],"replies":[{"embeddable":true,"href":"https:\/\/www.cresm-go.org.br\/portal-da-transparencia\/wp-json\/wp\/v2\/comments?post=2515"}],"version-history":[{"count":20,"href":"https:\/\/www.cresm-go.org.br\/portal-da-transparencia\/wp-json\/wp\/v2\/pages\/2515\/revisions"}],"predecessor-version":[{"id":2783,"href":"https:\/\/www.cresm-go.org.br\/portal-da-transparencia\/wp-json\/wp\/v2\/pages\/2515\/revisions\/2783"}],"wp:attachment":[{"href":"https:\/\/www.cresm-go.org.br\/portal-da-transparencia\/wp-json\/wp\/v2\/media?parent=2515"}],"curies":[{"name":"wp","href":"https:\/\/api.w.org\/{rel}","templated":true}]}}