{"id":2421,"date":"2024-09-23T16:00:25","date_gmt":"2024-09-23T19:00:25","guid":{"rendered":"https:\/\/www.cresm-go.org.br\/portal-da-transparencia\/?page_id=2421"},"modified":"2025-04-16T11:29:24","modified_gmt":"2025-04-16T14:29:24","slug":"processo-seletivo-simplificado-edital-n-o12-2024","status":"publish","type":"page","link":"https:\/\/www.cresm-go.org.br\/portal-da-transparencia\/processo-seletivo-simplificado-edital-n-o12-2024\/","title":{"rendered":"PROCESSO SELETIVO SIMPLIFICADO EDITAL N.\u00ba12\/2024"},"content":{"rendered":"<p>PROCESSO SELETIVO SIMPLIFICADO EDITAL N.\u00ba12\/2024<\/p>\n<p>STATUS: VALIDADE (Abril de 2025)<\/p>\n<p><strong>CARGOS:<\/strong><\/p>\n<ul>\n<li>PSIC\u00d3LOGO HOSPITALAR (Especialista da Inf\u00e2ncia e Adolesc\u00eancia)<\/li>\n<\/ul>\n<p><a href=\"https:\/\/www.cresm-go.org.br\/portal-da-transparencia\/wp-content\/uploads\/2024\/10\/CRONOGRAMA-RETIFICADO.pdf\">CRONOGRAMA RETIFICADO<\/a><\/p>\n<p><a href=\"https:\/\/www.cresm-go.org.br\/portal-da-transparencia\/wp-content\/uploads\/2024\/09\/EDITAL-12.2024-PSICOLOGO-DA-INFANCIA-E-ADOLESCENCIA-1-1.pdf\">EDITAL 12.2024 PSIC\u00d3LOGO DA INF\u00c3NCIA E ADOLESC\u00caNCIA 1<\/a><\/p>\n<p><a href=\"https:\/\/www.cresm-go.org.br\/portal-da-transparencia\/wp-content\/uploads\/2024\/10\/TRIAGEM-CURRICULAR.pdf\">TRIAGEM CURRICULAR<\/a><\/p>\n<p><a href=\"https:\/\/www.cresm-go.org.br\/portal-da-transparencia\/wp-content\/uploads\/2024\/10\/PROVA-E-ENTREVISTA.pdf\">PROVA E ENTREVISTA<\/a><\/p>\n<p><a href=\"https:\/\/www.cresm-go.org.br\/portal-da-transparencia\/wp-content\/uploads\/2024\/10\/RESULTADO-PRELIMINAR-EDITAL-12.2024.pdf\">RESULTADO PRELIMINAR EDITAL 12.2024<\/a><\/p>\n<p><a href=\"https:\/\/www.cresm-go.org.br\/portal-da-transparencia\/wp-content\/uploads\/2024\/10\/FORMULARIO-RECURSO.pdf\">FORMUL\u00c1RIO RECURSO<\/a><\/p>\n<p><a href=\"https:\/\/www.cresm-go.org.br\/portal-da-transparencia\/wp-content\/uploads\/2024\/10\/RESULTADO-FINAL-EDITAL-12.2024.pdf\">RESULTADO FINAL EDITAL 12.2024<\/a><\/p>\n<p><a href=\"https:\/\/www.cresm-go.org.br\/portal-da-transparencia\/wp-content\/uploads\/2024\/11\/VALIDADE-DO-PROCESSO.pdf\">V\u00c1LIDADE DO PROCESSO<\/a><\/p>\n<p><a href=\"https:\/\/www.cresm-go.org.br\/portal-da-transparencia\/wp-content\/uploads\/2025\/01\/CONVOCACAO.pdf\">CONVOCA\u00c7\u00c3O<\/a><\/p>\n<p><a href=\"https:\/\/www.cresm-go.org.br\/portal-da-transparencia\/wp-content\/uploads\/2025\/04\/RQ-674-CONVOCACAO-21.pdf\">RQ-674 CONVOCA\u00c7\u00c3O -2<\/a><\/p>\n","protected":false},"excerpt":{"rendered":"<p>PROCESSO SELETIVO SIMPLIFICADO EDITAL N.\u00ba12\/2024 STATUS: VALIDADE (Abril de 2025) CARGOS: PSIC\u00d3LOGO HOSPITALAR (Especialista da Inf\u00e2ncia e Adolesc\u00eancia) CRONOGRAMA RETIFICADO EDITAL 12.2024 PSIC\u00d3LOGO DA INF\u00c3NCIA E ADOLESC\u00caNCIA 1 TRIAGEM CURRICULAR PROVA E ENTREVISTA RESULTADO PRELIMINAR EDITAL 12.2024 FORMUL\u00c1RIO RECURSO RESULTADO FINAL EDITAL 12.2024 V\u00c1LIDADE DO PROCESSO CONVOCA\u00c7\u00c3O RQ-674 CONVOCA\u00c7\u00c3O -2<\/p>\n","protected":false},"author":5,"featured_media":0,"parent":0,"menu_order":43,"comment_status":"closed","ping_status":"closed","template":"","meta":{"_acf_changed":false,"footnotes":""},"class_list":["post-2421","page","type-page","status-publish","hentry"],"acf":[],"_links":{"self":[{"href":"https:\/\/www.cresm-go.org.br\/portal-da-transparencia\/wp-json\/wp\/v2\/pages\/2421","targetHints":{"allow":["GET"]}}],"collection":[{"href":"https:\/\/www.cresm-go.org.br\/portal-da-transparencia\/wp-json\/wp\/v2\/pages"}],"about":[{"href":"https:\/\/www.cresm-go.org.br\/portal-da-transparencia\/wp-json\/wp\/v2\/types\/page"}],"author":[{"embeddable":true,"href":"https:\/\/www.cresm-go.org.br\/portal-da-transparencia\/wp-json\/wp\/v2\/users\/5"}],"replies":[{"embeddable":true,"href":"https:\/\/www.cresm-go.org.br\/portal-da-transparencia\/wp-json\/wp\/v2\/comments?post=2421"}],"version-history":[{"count":16,"href":"https:\/\/www.cresm-go.org.br\/portal-da-transparencia\/wp-json\/wp\/v2\/pages\/2421\/revisions"}],"predecessor-version":[{"id":3616,"href":"https:\/\/www.cresm-go.org.br\/portal-da-transparencia\/wp-json\/wp\/v2\/pages\/2421\/revisions\/3616"}],"wp:attachment":[{"href":"https:\/\/www.cresm-go.org.br\/portal-da-transparencia\/wp-json\/wp\/v2\/media?parent=2421"}],"curies":[{"name":"wp","href":"https:\/\/api.w.org\/{rel}","templated":true}]}}