{"id":2391,"date":"2024-09-12T11:40:01","date_gmt":"2024-09-12T14:40:01","guid":{"rendered":"https:\/\/www.cresm-go.org.br\/portal-da-transparencia\/?page_id=2391"},"modified":"2024-09-12T14:33:09","modified_gmt":"2024-09-12T17:33:09","slug":"processo-seletivo-simplificado-edital-no03-2024","status":"publish","type":"page","link":"https:\/\/www.cresm-go.org.br\/portal-da-transparencia\/processo-seletivo-simplificado-edital-no03-2024\/","title":{"rendered":"PROCESSO SELETIVO SIMPLIFICADO EDITAL N\u00ba03\/2024"},"content":{"rendered":"<p>PROCESSO SELETIVO SIMPLIFICADO EDITAL N\u00ba03\/2024<\/p>\n<p style=\"text-align: left;\"><strong>STATUS:\u00a0 VALIDADE\u00a0 08\/2024<br \/>\nCARGO(S): <\/strong><\/p>\n<p><strong>1 &#8211; Telefonista<\/strong><\/p>\n<p><strong>2- M\u00e9dico(a) Plantonista- Cadastro Reserva<\/strong><\/p>\n<p><strong>3- M\u00e9dico(a) Psiquiatra<\/strong><\/p>\n<p><a href=\"https:\/\/www.cresm-go.org.br\/wp-content\/uploads\/2024\/02\/PROCESSO-SELETIVO-3.pdf\">Edital Processo Seletivo<\/a><\/p>\n<p><a href=\"https:\/\/www.cresm-go.org.br\/wp-content\/uploads\/2024\/02\/CRONOGRAMA-PREVISTO.pdf\">Cronograma<\/a><\/p>\n<p><a href=\"https:\/\/www.cresm-go.org.br\/wp-content\/uploads\/2024\/02\/ANALISE-CURRICULAR-TELEFONISTA-1.pdf\">Agendamento de Entrega de documenta\u00e7\u00e3o ,Prova, Entrevista- telefonista<\/a><\/p>\n<p><a href=\"https:\/\/www.cresm-go.org.br\/wp-content\/uploads\/2024\/02\/ANALISE-CURRICULAR-PLANTONISTA-3.pdf\">Agendamento de Entrega de documenta\u00e7\u00e3o ,Prova, Entrevista- m\u00e9dico plantonista<\/a><\/p>\n<p><a href=\"https:\/\/www.cresm-go.org.br\/wp-content\/uploads\/2024\/02\/ANALISE-CURRICULAR-PSIQUIATRA-2.pdf\">Agendamento de Entrega de documenta\u00e7\u00e3o ,Prova, Entrevista- m\u00e9dico psiquiatra<\/a><\/p>\n<p><strong>Resultado Preliminar<\/strong><\/p>\n<p><a href=\"https:\/\/www.cresm-go.org.br\/wp-content\/uploads\/2024\/02\/resultado-preliminar-TELEFONISTA-1-1.pdf\">1- Telefonista<\/a><\/p>\n<p><a href=\"https:\/\/www.cresm-go.org.br\/wp-content\/uploads\/2024\/02\/Resultado-Preliminar-Medico-Plantonista-1.pdf\">2- M\u00e9dico Plantonista<\/a><\/p>\n<p><a href=\"https:\/\/www.cresm-go.org.br\/wp-content\/uploads\/2024\/02\/resultado-preliminar-medico-psiquiatra-1.pdf\">3- M\u00e9dico Psiquiatra<\/a><\/p>\n<p><a href=\"https:\/\/www.cresm-go.org.br\/wp-content\/uploads\/2024\/02\/formulario-de-recurso.pdf\"><strong>Formul\u00e1rio de Recurso<\/strong><\/a><\/p>\n<p><strong>Resultado Final<\/strong><\/p>\n<p><a href=\"https:\/\/www.cresm-go.org.br\/wp-content\/uploads\/2024\/02\/resultado-final-telefonista.pdf\">1-Telefonista<\/a><\/p>\n<p><a href=\"https:\/\/www.cresm-go.org.br\/wp-content\/uploads\/2024\/02\/resultado-final-plantonista.pdf\">2- M\u00e9dico Plantonista<\/a><\/p>\n<p><a href=\"https:\/\/www.cresm-go.org.br\/wp-content\/uploads\/2024\/02\/RESULTADO-FINAL-psiquiatra.pdf\">3-M\u00e9dico Psiquiatra<\/a><\/p>\n<p>Convoca\u00e7\u00f5es:<\/p>\n<p><a href=\"https:\/\/www.cresm-go.org.br\/wp-content\/uploads\/2024\/02\/Convocacao-1.pdf\">1-Convoca\u00e7\u00e3o telefonista<\/a><\/p>\n<p><a href=\"https:\/\/www.cresm-go.org.br\/wp-content\/uploads\/2024\/02\/psiquiatra.pdf\">2 Convoca\u00e7\u00e3o Psiquiatra<\/a><\/p>\n<p><a href=\"https:\/\/www.cresm-go.org.br\/wp-content\/uploads\/2024\/04\/convocacao-karla-1.pdf\">3-Convoca\u00e7\u00e3o Psiquiatra<\/a><\/p>\n<p><a href=\"https:\/\/www.cresm-go.org.br\/wp-content\/uploads\/2024\/04\/convocacao-Gustavo-Ferreira-Lessa.pdf\">4-Convoca\u00e7\u00e3o Psiquiatra<\/a><\/p>\n<p>&nbsp;<\/p>\n<p><a href=\"https:\/\/www.cresm-go.org.br\/wp-content\/uploads\/2024\/04\/Validade-Processo-Seletivo-EDITAL-3.pdf\">VALIDADE<\/a><\/p>\n<p><a href=\"https:\/\/www.cresm-go.org.br\/wp-content\/uploads\/2024\/05\/convocacao-Paulo-Vitor.pdf\">5-Convoca\u00e7\u00e3o Plantonista<\/a><\/p>\n<p><a href=\"https:\/\/www.cresm-go.org.br\/wp-content\/uploads\/2024\/05\/Convocar-Telefonista.pdf\">6-Convoca\u00e7\u00e3o Telefonista<\/a><\/p>\n<p><a href=\"https:\/\/www.cresm-go.org.br\/wp-content\/uploads\/2024\/05\/convocacao-sara.pdf\">7-Convoca\u00e7\u00e3o Telefonista<\/a><\/p>\n<p><a href=\"https:\/\/www.cresm-go.org.br\/wp-content\/uploads\/2024\/07\/convocacao-RAFAEL-MAGALHAES-2.pdf\">8-Convoca\u00e7\u00e3o Plantonista<\/a><\/p>\n<p><a href=\"https:\/\/www.cresm-go.org.br\/portal-da-transparencia\/wp-content\/uploads\/2024\/09\/Convocacao-Medico-a-Plantonista.pdf\">Convoca\u00e7\u00e3o M\u00e9dico (a) Plantonista<\/a><\/p>\n","protected":false},"excerpt":{"rendered":"<p>PROCESSO SELETIVO SIMPLIFICADO EDITAL N\u00ba03\/2024 STATUS:\u00a0 VALIDADE\u00a0 08\/2024 CARGO(S): 1 &#8211; Telefonista 2- M\u00e9dico(a) Plantonista- Cadastro Reserva 3- M\u00e9dico(a) Psiquiatra Edital Processo Seletivo Cronograma Agendamento de Entrega de documenta\u00e7\u00e3o ,Prova, Entrevista- telefonista Agendamento de Entrega de documenta\u00e7\u00e3o ,Prova, Entrevista- m\u00e9dico plantonista Agendamento de Entrega de documenta\u00e7\u00e3o ,Prova, Entrevista- m\u00e9dico psiquiatra Resultado Preliminar 1- Telefonista 2- [&hellip;]<\/p>\n","protected":false},"author":2,"featured_media":0,"parent":0,"menu_order":44,"comment_status":"closed","ping_status":"closed","template":"","meta":{"_acf_changed":false,"footnotes":""},"class_list":["post-2391","page","type-page","status-publish","hentry"],"acf":[],"_links":{"self":[{"href":"https:\/\/www.cresm-go.org.br\/portal-da-transparencia\/wp-json\/wp\/v2\/pages\/2391","targetHints":{"allow":["GET"]}}],"collection":[{"href":"https:\/\/www.cresm-go.org.br\/portal-da-transparencia\/wp-json\/wp\/v2\/pages"}],"about":[{"href":"https:\/\/www.cresm-go.org.br\/portal-da-transparencia\/wp-json\/wp\/v2\/types\/page"}],"author":[{"embeddable":true,"href":"https:\/\/www.cresm-go.org.br\/portal-da-transparencia\/wp-json\/wp\/v2\/users\/2"}],"replies":[{"embeddable":true,"href":"https:\/\/www.cresm-go.org.br\/portal-da-transparencia\/wp-json\/wp\/v2\/comments?post=2391"}],"version-history":[{"count":6,"href":"https:\/\/www.cresm-go.org.br\/portal-da-transparencia\/wp-json\/wp\/v2\/pages\/2391\/revisions"}],"predecessor-version":[{"id":2404,"href":"https:\/\/www.cresm-go.org.br\/portal-da-transparencia\/wp-json\/wp\/v2\/pages\/2391\/revisions\/2404"}],"wp:attachment":[{"href":"https:\/\/www.cresm-go.org.br\/portal-da-transparencia\/wp-json\/wp\/v2\/media?parent=2391"}],"curies":[{"name":"wp","href":"https:\/\/api.w.org\/{rel}","templated":true}]}}