{"id":2353,"date":"2024-09-09T16:53:40","date_gmt":"2024-09-09T19:53:40","guid":{"rendered":"https:\/\/www.cresm-go.org.br\/portal-da-transparencia\/?page_id=2353"},"modified":"2025-01-02T13:41:12","modified_gmt":"2025-01-02T16:41:12","slug":"processo-seletivo-simplificado-edital-n-o11-2024","status":"publish","type":"page","link":"https:\/\/www.cresm-go.org.br\/portal-da-transparencia\/processo-seletivo-simplificado-edital-n-o11-2024\/","title":{"rendered":"PROCESSO SELETIVO SIMPLIFICADO EDITAL N.\u00ba11\/2024"},"content":{"rendered":"<p>PROCESSO SELETIVO SIMPLIFICADO EDITAL N.\u00ba11\/2024<\/p>\n<p>STATUS: VALIDADE (08\/04\/2025)<\/p>\n<p><strong>CARGOS:<\/strong><\/p>\n<ul>\n<li>AGENTE ADMINISTRATIVO (A) &#8211;\u00a0 (AMPLA CONCORRENCIA PCD)<\/li>\n<li>EDUCADOR F\u00cdSICO (A)<\/li>\n<\/ul>\n<p><a href=\"https:\/\/www.cresm-go.org.br\/portal-da-transparencia\/wp-content\/uploads\/2024\/09\/EDITAL-11.2024-Agente-Administrativo-AMPLA-CONCORRENCIA-PCD-1.pdf\">EDITAL 11.2024 &#8211; AGENTE\u00a0 ADMINSTRATIVO\u00a0 (AMPLA CONCORRENCIA PCD)<\/a><\/p>\n<p><a href=\"https:\/\/www.cresm-go.org.br\/portal-da-transparencia\/wp-content\/uploads\/2024\/09\/Edital-11.2024-Educador-Fisico.pdf\">EDITAL 11.2024- EDUCADOR F\u00cdSICO<\/a><\/p>\n<p><a href=\"https:\/\/www.cresm-go.org.br\/portal-da-transparencia\/wp-content\/uploads\/2024\/09\/CRONOGRAMA-RETIFICADO-4.pdf\">CRONOGRAMA RETIFICADO<\/a><\/p>\n<p><a href=\"https:\/\/www.cresm-go.org.br\/portal-da-transparencia\/wp-content\/uploads\/2024\/09\/TRIAGEM-CURRICULAR-EDUCADOR-FISICO-1.pdf\">TRIAGEM CURRICULAR-EDUCADOR FISICO<\/a><\/p>\n<p><a href=\"https:\/\/www.cresm-go.org.br\/portal-da-transparencia\/wp-content\/uploads\/2024\/09\/TRIAGEM-CURRICULAR-AGENTE-ADMISTRATIVO-1.pdf\">TRIAGEM CURRICULAR- AGENTE ADMISTRATIVO<\/a><\/p>\n<p><a href=\"https:\/\/www.cresm-go.org.br\/portal-da-transparencia\/wp-content\/uploads\/2024\/09\/PROVA-E-ENTREVISTA-AGENTE-ADMINISTRATIVO-E-PCD.pdf\">PROVA E ENTREVISTA -AGENTE ADMINISTRATIVO E (PCD)<\/a><\/p>\n<p><a href=\"https:\/\/www.cresm-go.org.br\/portal-da-transparencia\/wp-content\/uploads\/2024\/09\/PROVA-E-ENTREVISTA-EDUCADOR-FISICO-2.pdf\">PROVA E ENTREVISTA-EDUCADOR FISICO<\/a><\/p>\n<p><a href=\"https:\/\/www.cresm-go.org.br\/portal-da-transparencia\/wp-content\/uploads\/2024\/10\/RESULTADO-PRELIMINAR-AGENTE-ADM.-E-PCD.pdf\">RESULTADO PRELIMINAR-AGENTE ADM. E (PCD)<\/a><\/p>\n<p><a href=\"https:\/\/www.cresm-go.org.br\/portal-da-transparencia\/wp-content\/uploads\/2024\/10\/RESULTADO-PRELIMINAR-EDUC.-FISICO.pdf\">RESULTADO PRELIMINAR- EDUC. FISICO<\/a><\/p>\n<p><a href=\"https:\/\/www.cresm-go.org.br\/portal-da-transparencia\/wp-content\/uploads\/2024\/10\/FORMULARIO-DE-RECURSO-AGENTE-ADMINISTRATIVO-E-AGENTE-ADM.-PCD.pdf\">FORMUL\u00c1RIO DE RECURSO- AGENTE ADMINISTRATIVO E AGENTE ADM. (PCD)<\/a><\/p>\n<p><a href=\"https:\/\/www.cresm-go.org.br\/portal-da-transparencia\/wp-content\/uploads\/2024\/10\/FORMULARIO-DE-RECURSO-EDUCADOR-FISICO.pdf\">FORMUL\u00c1RIO DE RECURSO- EDUCADOR F\u00cdSICO<\/a><\/p>\n<p><a href=\"https:\/\/www.cresm-go.org.br\/portal-da-transparencia\/wp-content\/uploads\/2024\/10\/RESULTADO-FINAL-AGENTE-ADM.pdf\">RESULTADO FINAL AGENTE ADM<\/a><\/p>\n<p><a href=\"https:\/\/www.cresm-go.org.br\/portal-da-transparencia\/wp-content\/uploads\/2024\/10\/RESULTADO-FINAL-EDUCADOR-FISICO.pdf\">RESULTADO FINAL EDUCADOR F\u00cdSICO<\/a><\/p>\n<p><a href=\"https:\/\/www.cresm-go.org.br\/portal-da-transparencia\/wp-content\/uploads\/2024\/11\/VALIDADE-PROCESSO-SELETIVO-EDITAL-11.2024.pdf\">VALIDADE PROCESSO SELETIVO &#8211; EDITAL 11.2024<\/a><\/p>\n<p><a href=\"https:\/\/www.cresm-go.org.br\/portal-da-transparencia\/wp-content\/uploads\/2024\/10\/CONVOCACAO-EDITAL-11-AGENTE-ADM.pdf\">CONVOCA\u00c7\u00c3O EDITAL 11 &#8211; AGENTE ADM<\/a><\/p>\n<p><a href=\"https:\/\/www.cresm-go.org.br\/portal-da-transparencia\/wp-content\/uploads\/2024\/10\/CONVOCACAO-EDITAL-11-EDUCADOR-FISICO.pdf\">CONVOCA\u00c7\u00c3O EDITAL 11 &#8211; EDUCADOR F\u00cdSICO<\/a><\/p>\n<p><a href=\"https:\/\/www.cresm-go.org.br\/portal-da-transparencia\/wp-content\/uploads\/2024\/10\/COMUNICADO-PCD-EDITAL-11.2024.pdf\">COMUNICADO PCD &#8211; EDITAL 11.2024<\/a><\/p>\n<p><a href=\"https:\/\/www.cresm-go.org.br\/portal-da-transparencia\/wp-content\/uploads\/2025\/01\/CONVOCACAO-EDITAL-11-EDUCADOR-FISICO1.pdf\">CONVOCA\u00c7\u00c3O EDITAL 11 &#8211; EDUCADOR F\u00cdSICO<\/a><\/p>\n","protected":false},"excerpt":{"rendered":"<p>PROCESSO SELETIVO SIMPLIFICADO EDITAL N.\u00ba11\/2024 STATUS: VALIDADE (08\/04\/2025) CARGOS: AGENTE ADMINISTRATIVO (A) &#8211;\u00a0 (AMPLA CONCORRENCIA PCD) EDUCADOR F\u00cdSICO (A) EDITAL 11.2024 &#8211; AGENTE\u00a0 ADMINSTRATIVO\u00a0 (AMPLA CONCORRENCIA PCD) EDITAL 11.2024- EDUCADOR F\u00cdSICO CRONOGRAMA RETIFICADO TRIAGEM CURRICULAR-EDUCADOR FISICO TRIAGEM CURRICULAR- AGENTE ADMISTRATIVO PROVA E ENTREVISTA -AGENTE ADMINISTRATIVO E (PCD) PROVA E ENTREVISTA-EDUCADOR FISICO RESULTADO PRELIMINAR-AGENTE ADM. E [&hellip;]<\/p>\n","protected":false},"author":5,"featured_media":0,"parent":0,"menu_order":45,"comment_status":"closed","ping_status":"closed","template":"","meta":{"_acf_changed":false,"footnotes":""},"class_list":["post-2353","page","type-page","status-publish","hentry"],"acf":[],"_links":{"self":[{"href":"https:\/\/www.cresm-go.org.br\/portal-da-transparencia\/wp-json\/wp\/v2\/pages\/2353","targetHints":{"allow":["GET"]}}],"collection":[{"href":"https:\/\/www.cresm-go.org.br\/portal-da-transparencia\/wp-json\/wp\/v2\/pages"}],"about":[{"href":"https:\/\/www.cresm-go.org.br\/portal-da-transparencia\/wp-json\/wp\/v2\/types\/page"}],"author":[{"embeddable":true,"href":"https:\/\/www.cresm-go.org.br\/portal-da-transparencia\/wp-json\/wp\/v2\/users\/5"}],"replies":[{"embeddable":true,"href":"https:\/\/www.cresm-go.org.br\/portal-da-transparencia\/wp-json\/wp\/v2\/comments?post=2353"}],"version-history":[{"count":27,"href":"https:\/\/www.cresm-go.org.br\/portal-da-transparencia\/wp-json\/wp\/v2\/pages\/2353\/revisions"}],"predecessor-version":[{"id":2778,"href":"https:\/\/www.cresm-go.org.br\/portal-da-transparencia\/wp-json\/wp\/v2\/pages\/2353\/revisions\/2778"}],"wp:attachment":[{"href":"https:\/\/www.cresm-go.org.br\/portal-da-transparencia\/wp-json\/wp\/v2\/media?parent=2353"}],"curies":[{"name":"wp","href":"https:\/\/api.w.org\/{rel}","templated":true}]}}