{"id":2032,"date":"2024-08-20T13:44:42","date_gmt":"2024-08-20T16:44:42","guid":{"rendered":"https:\/\/www.cresm-go.org.br\/portal-da-transparencia\/?page_id=2032"},"modified":"2024-10-30T13:07:35","modified_gmt":"2024-10-30T16:07:35","slug":"processo-seletivo-simplificado-edital-n-o10-2024","status":"publish","type":"page","link":"https:\/\/www.cresm-go.org.br\/portal-da-transparencia\/processo-seletivo-simplificado-edital-n-o10-2024\/","title":{"rendered":"PROCESSO SELETIVO SIMPLIFICADO EDITAL N.\u00ba10\/2024"},"content":{"rendered":"<div id=\"wrapper\" class=\"hfeed\">\n<div id=\"main\">\n<div class=\"container\">\n<div class=\"row\">\n<div class=\"col-lg-12 col-sm-12 entryContent\">\n<p>PROCESSO SELETIVO SIMPLIFICADO EDITAL N.\u00ba10\/2024<\/p>\n<p>STATUS: VALIDADE 01\/2025<\/p>\n<p><strong>CARGOS:<\/strong><\/p>\n<ul>\n<li>AGENTE ADMINISTRATIVO (AMPLA CONCORRENCIA PCD)<\/li>\n<\/ul>\n<p><a href=\"https:\/\/www.cresm-go.org.br\/portal-da-transparencia\/wp-content\/uploads\/2024\/08\/EDITAL-10.2024-Agente-Administrativo-AMPLA-CONCORRENCIA-PCD.pdf\">EDITAL 10.2024 &#8211; Agente Administrativo (AMPLA CONCORRENCIA PCD)<\/a><\/p>\n<p><a href=\"https:\/\/www.cresm-go.org.br\/portal-da-transparencia\/wp-content\/uploads\/2024\/08\/CRONOGRAMA-PDF-1.pdf\">CRONOGRAMA-PDF<\/a><\/p>\n<p><a href=\"https:\/\/www.cresm-go.org.br\/portal-da-transparencia\/wp-content\/uploads\/2024\/08\/TRIAGEM-CURRICULAR-4.pdf\">TRIAGEM CURRICULAR<\/a><\/p>\n<p><a href=\"https:\/\/www.cresm-go.org.br\/portal-da-transparencia\/wp-content\/uploads\/2024\/09\/3.-ANALISE-CURRICULAR-1.pdf\">3. ANALISE CURRICULAR<\/a><\/p>\n<p><a href=\"https:\/\/www.cresm-go.org.br\/portal-da-transparencia\/wp-content\/uploads\/2024\/09\/PROVA-E-OU-AGENDAMENTO-1.pdf\">PROVA E OU AGENDAMENTO<\/a><\/p>\n<p><a href=\"https:\/\/www.cresm-go.org.br\/portal-da-transparencia\/wp-content\/uploads\/2024\/09\/RESULTADO-PRELIMINAR-3.pdf\">RESULTADO PRELIMINAR<\/a><\/p>\n<p><a href=\"https:\/\/www.cresm-go.org.br\/portal-da-transparencia\/wp-content\/uploads\/2024\/09\/FORMULARIO-RECURSO-EDITAL-10.2024-AGENTE-ADMINISTRATIVO-AMPLA-CONCORRENCIA-PCD.pdf\">FORMUL\u00c1RIO RECURSO &#8211; EDITAL 10.2024 AGENTE ADMINISTRATIVO (AMPLA CONCORR\u00caNCIA &#8211; PCD)<\/a><\/p>\n<p><a href=\"https:\/\/www.cresm-go.org.br\/portal-da-transparencia\/wp-content\/uploads\/2024\/09\/RESULTADO-FINAL-2.pdf\">RESULTADO FINAL<\/a><\/p>\n<p><a href=\"https:\/\/www.cresm-go.org.br\/portal-da-transparencia\/wp-content\/uploads\/2024\/09\/VALIDADE-DO-PROCESSO-1.pdf\">VALIDADE DO PROCESSO<\/a><\/p>\n<p><a href=\"https:\/\/www.cresm-go.org.br\/portal-da-transparencia\/wp-content\/uploads\/2024\/10\/COMUNICADO-PCD-2.pdf\">COMUNICADO PCD<\/a><\/p>\n<p><a href=\"https:\/\/www.cresm-go.org.br\/portal-da-transparencia\/wp-content\/uploads\/2024\/09\/Convocacao-Agente-Administrativo-a.pdf\">Convoca\u00e7\u00e3o Agente Administrativo (a)<\/a><\/p>\n<p>&nbsp;<\/p>\n<\/div>\n<\/div>\n<\/div>\n<\/div>\n<\/div>\n<div class=\"footer\">\n<div class=\"container\">\n<div class=\"row\"><\/div>\n<\/div>\n<\/div>\n","protected":false},"excerpt":{"rendered":"<p>PROCESSO SELETIVO SIMPLIFICADO EDITAL N.\u00ba10\/2024 STATUS: VALIDADE 01\/2025 CARGOS: AGENTE ADMINISTRATIVO (AMPLA CONCORRENCIA PCD) EDITAL 10.2024 &#8211; Agente Administrativo (AMPLA CONCORRENCIA PCD) CRONOGRAMA-PDF TRIAGEM CURRICULAR 3. ANALISE CURRICULAR PROVA E OU AGENDAMENTO RESULTADO PRELIMINAR FORMUL\u00c1RIO RECURSO &#8211; EDITAL 10.2024 AGENTE ADMINISTRATIVO (AMPLA CONCORR\u00caNCIA &#8211; PCD) RESULTADO FINAL VALIDADE DO PROCESSO COMUNICADO PCD Convoca\u00e7\u00e3o Agente Administrativo [&hellip;]<\/p>\n","protected":false},"author":5,"featured_media":0,"parent":0,"menu_order":47,"comment_status":"closed","ping_status":"closed","template":"","meta":{"_acf_changed":false,"footnotes":""},"class_list":["post-2032","page","type-page","status-publish","hentry"],"acf":[],"_links":{"self":[{"href":"https:\/\/www.cresm-go.org.br\/portal-da-transparencia\/wp-json\/wp\/v2\/pages\/2032","targetHints":{"allow":["GET"]}}],"collection":[{"href":"https:\/\/www.cresm-go.org.br\/portal-da-transparencia\/wp-json\/wp\/v2\/pages"}],"about":[{"href":"https:\/\/www.cresm-go.org.br\/portal-da-transparencia\/wp-json\/wp\/v2\/types\/page"}],"author":[{"embeddable":true,"href":"https:\/\/www.cresm-go.org.br\/portal-da-transparencia\/wp-json\/wp\/v2\/users\/5"}],"replies":[{"embeddable":true,"href":"https:\/\/www.cresm-go.org.br\/portal-da-transparencia\/wp-json\/wp\/v2\/comments?post=2032"}],"version-history":[{"count":14,"href":"https:\/\/www.cresm-go.org.br\/portal-da-transparencia\/wp-json\/wp\/v2\/pages\/2032\/revisions"}],"predecessor-version":[{"id":2555,"href":"https:\/\/www.cresm-go.org.br\/portal-da-transparencia\/wp-json\/wp\/v2\/pages\/2032\/revisions\/2555"}],"wp:attachment":[{"href":"https:\/\/www.cresm-go.org.br\/portal-da-transparencia\/wp-json\/wp\/v2\/media?parent=2032"}],"curies":[{"name":"wp","href":"https:\/\/api.w.org\/{rel}","templated":true}]}}