{"id":2028,"date":"2024-08-20T11:57:51","date_gmt":"2024-08-20T14:57:51","guid":{"rendered":"https:\/\/www.cresm-go.org.br\/portal-da-transparencia\/?page_id=2028"},"modified":"2024-12-18T17:10:39","modified_gmt":"2024-12-18T20:10:39","slug":"processo-seletivo-simplificado-edital-n-o09-2024","status":"publish","type":"page","link":"https:\/\/www.cresm-go.org.br\/portal-da-transparencia\/processo-seletivo-simplificado-edital-n-o09-2024\/","title":{"rendered":"PROCESSO SELETIVO SIMPLIFICADO EDITAL N.\u00ba09\/2024"},"content":{"rendered":"<p>PROCESSO SELETIVO SIMPLIFICADO EDITAL N.\u00ba09\/2024<\/p>\n<p>STATUS: VALIDADE 01\/2025<\/p>\n<p><strong>CARGOS:<\/strong><\/p>\n<ul>\n<li>RECEPCIONISTA (AMPLA CONCORRENCIA PCD)<\/li>\n<\/ul>\n<p><a href=\"https:\/\/www.cresm-go.org.br\/portal-da-transparencia\/wp-content\/uploads\/2024\/08\/EDITAL-09.2024-RECEPCIONISTA-AMPLA-CONCORRENCIA-PCD-20.08.pdf\">EDITAL 09.2024 &#8211; RECEPCIONISTA (AMPLA CONCORRENCIA PCD) 20.08<\/a><\/p>\n<p><a href=\"https:\/\/www.cresm-go.org.br\/portal-da-transparencia\/wp-content\/uploads\/2024\/08\/CRONOGRAMA-RECEPCIONISTA-1.pdf\">CRONOGRAMA &#8211; RECEPCIONISTA<\/a><\/p>\n<p><a href=\"https:\/\/www.cresm-go.org.br\/portal-da-transparencia\/wp-content\/uploads\/2024\/08\/TRIAGEM-CURRICULAR-2.pdf\">TRIAGEM CURRICULAR<\/a><\/p>\n<p><a href=\"https:\/\/www.cresm-go.org.br\/portal-da-transparencia\/wp-content\/uploads\/2024\/09\/3.ANALISE-CURRICULAR-2.pdf\">3.ANALISE CURRICULAR<\/a><\/p>\n<p><a href=\"https:\/\/www.cresm-go.org.br\/portal-da-transparencia\/wp-content\/uploads\/2024\/09\/PROVA-E-AGENDAMENTO.pdf\">PROVA E AGENDAMENTO<\/a> <a href=\"https:\/\/www.cresm-go.org.br\/portal-da-transparencia\/wp-content\/uploads\/2024\/09\/PROVA-E-AGENDAMENTO-1.pdf\">PROVA E AGENDAMENTO<\/a><\/p>\n<p><a href=\"https:\/\/www.cresm-go.org.br\/portal-da-transparencia\/wp-content\/uploads\/2024\/09\/RESULTADO-PRELIMINAR-2.pdf\">RESULTADO PRELIMINAR<\/a><\/p>\n<p><a href=\"https:\/\/www.cresm-go.org.br\/portal-da-transparencia\/wp-content\/uploads\/2024\/09\/FORMULARIO-DE-RECURSO-EDITAL-09-RECEPCIONISTA.pdf\">FORMUL\u00c1RIO DE RECURSO &#8211; EDITAL 09 RECEPCIONISTA<\/a><\/p>\n<p><a href=\"https:\/\/www.cresm-go.org.br\/portal-da-transparencia\/wp-content\/uploads\/2024\/09\/RESULTADO-FINAL-1.pdf\">RESULTADO FINAL<\/a><\/p>\n<p><a href=\"https:\/\/www.cresm-go.org.br\/portal-da-transparencia\/wp-content\/uploads\/2024\/09\/VALIDADE-DO-PROCESSO-SELETIVO.pdf\">VALIDADE DO PROCESSO SELETIVO<\/a><\/p>\n<p><a href=\"https:\/\/www.cresm-go.org.br\/portal-da-transparencia\/wp-content\/uploads\/2024\/10\/COMUNICADO-PCD.pdf\">COMUNICADO PCD<\/a><\/p>\n<p><a href=\"https:\/\/www.cresm-go.org.br\/portal-da-transparencia\/wp-content\/uploads\/2024\/11\/CONVOCACAO-EDITAL-09.2024-RECEPCIONISTA.pdf\">CONVOCA\u00c7\u00c3O RECEPCIONISTA<\/a><\/p>\n<p><a href=\"https:\/\/www.cresm-go.org.br\/portal-da-transparencia\/wp-content\/uploads\/2024\/12\/CONVOCACAO-RECEPCIONISTA-1.pdf\">CONVOCA\u00c7\u00c3O RECEPCIONISTA<\/a><\/p>\n","protected":false},"excerpt":{"rendered":"<p>PROCESSO SELETIVO SIMPLIFICADO EDITAL N.\u00ba09\/2024 STATUS: VALIDADE 01\/2025 CARGOS: RECEPCIONISTA (AMPLA CONCORRENCIA PCD) EDITAL 09.2024 &#8211; RECEPCIONISTA (AMPLA CONCORRENCIA PCD) 20.08 CRONOGRAMA &#8211; RECEPCIONISTA TRIAGEM CURRICULAR 3.ANALISE CURRICULAR PROVA E AGENDAMENTO PROVA E AGENDAMENTO RESULTADO PRELIMINAR FORMUL\u00c1RIO DE RECURSO &#8211; EDITAL 09 RECEPCIONISTA RESULTADO FINAL VALIDADE DO PROCESSO SELETIVO COMUNICADO PCD CONVOCA\u00c7\u00c3O RECEPCIONISTA CONVOCA\u00c7\u00c3O RECEPCIONISTA<\/p>\n","protected":false},"author":5,"featured_media":0,"parent":0,"menu_order":48,"comment_status":"closed","ping_status":"closed","template":"","meta":{"_acf_changed":false,"footnotes":""},"class_list":["post-2028","page","type-page","status-publish","hentry"],"acf":[],"_links":{"self":[{"href":"https:\/\/www.cresm-go.org.br\/portal-da-transparencia\/wp-json\/wp\/v2\/pages\/2028","targetHints":{"allow":["GET"]}}],"collection":[{"href":"https:\/\/www.cresm-go.org.br\/portal-da-transparencia\/wp-json\/wp\/v2\/pages"}],"about":[{"href":"https:\/\/www.cresm-go.org.br\/portal-da-transparencia\/wp-json\/wp\/v2\/types\/page"}],"author":[{"embeddable":true,"href":"https:\/\/www.cresm-go.org.br\/portal-da-transparencia\/wp-json\/wp\/v2\/users\/5"}],"replies":[{"embeddable":true,"href":"https:\/\/www.cresm-go.org.br\/portal-da-transparencia\/wp-json\/wp\/v2\/comments?post=2028"}],"version-history":[{"count":22,"href":"https:\/\/www.cresm-go.org.br\/portal-da-transparencia\/wp-json\/wp\/v2\/pages\/2028\/revisions"}],"predecessor-version":[{"id":2745,"href":"https:\/\/www.cresm-go.org.br\/portal-da-transparencia\/wp-json\/wp\/v2\/pages\/2028\/revisions\/2745"}],"wp:attachment":[{"href":"https:\/\/www.cresm-go.org.br\/portal-da-transparencia\/wp-json\/wp\/v2\/media?parent=2028"}],"curies":[{"name":"wp","href":"https:\/\/api.w.org\/{rel}","templated":true}]}}